{"id":2153,"date":"2024-02-19T19:24:15","date_gmt":"2024-02-19T18:24:15","guid":{"rendered":"https:\/\/www.lebens-qi.at\/qishop\/?post_type=product&#038;p=2153"},"modified":"2025-04-15T20:38:53","modified_gmt":"2025-04-15T18:38:53","slug":"schutzengel-raeuchermischung","status":"publish","type":"product","link":"https:\/\/www.lebens-qi.at\/qishop\/produkt\/schutzengel-raeuchermischung\/","title":{"rendered":"Schutzengel &#8211; R\u00e4uchermischung"},"content":{"rendered":"<p><b>Schutzengel<\/b><br \/>\nDie R\u00e4uchermischung um unsere himmlischen Helfer einzuladen, um Beistand zu bitten und einfacher wahrzunehmen. Schafft eine feine Stimmung, um mit dem eigenen Schutzengel Kontakt aufzunehmen und mit ihm zu kommunizieren.<br \/>\n<b><br \/>\nInhaltsstoffe:<\/b><br \/>\nDammar &#8211; lichtbringendes Harz f\u00fcr hohe Schwingungen<br \/>\nPalo Santo Harz &#8211; erhebt die Seele<br \/>\nAngelikawurzel &#8211; verst\u00e4rkt die Kommunikation mit Engeln<br \/>\nJasminbl\u00fcten &#8211; als Symbol f\u00fcr die Liebe zum G\u00f6ttlichen<br \/>\nMariengras &#8211; s\u00fc\u00df und lieblich, st\u00e4rkt positive Energie<br \/>\nEisenkraut &#8211; macht empf\u00e4nglich f\u00fcr Hilfe aus der feinstofflichen Welt<br \/>\nechtes Silber &#8211; h\u00e4lt negative Energien ab<\/p>\n<p>Eigene Rezeptur, in liebevoller Handarbeit im Lebens-Qi zubereitet und im 60 ml Glas abgef\u00fcllt.<\/p>\n<p><b>Sie haben bereits ein leeres Glas? <\/b><br \/>\nDann bestellen Sie das R\u00e4ucherwerk im Papier-Nachf\u00fcllpack und sparen Sie \u20ac 1,40<br \/>\nBitte beachten Sie, dass diese Verpackung nur zur kurzfristigen Lagerung geeignet ist.<\/p>\n<p><b>Wie werden die R\u00e4uchermischungen verwendet?<br \/>\n<em><br \/>\n<\/em>R\u00e4uchern mit Kohle:<\/b><br \/>\nBei dieser Methode entsteht sehr viel Rauch. Sie ben\u00f6tigen eine feuerfeste\/hitzebest\u00e4ndige Schale, R\u00e4ucherkohle und Sand. Die Schale mit Sand f\u00fcllen, Kohletablette an einer Kerzenflamme mithilfe einer R\u00e4ucherzange entz\u00fcnden. Hochkant in den Sand stecken und warten, bis die Kohle durchgez\u00fcndet hat, danach umlegen. Sobald der Rand der Kohle eine wei\u00dfe Aschenschicht hat, kann eine kleine Menge R\u00e4ucherwerk auf die Kohle gelegt werden. Sofort steigen gro\u00dfe Rauchmengen auf. Daher sollten Sie unbedingt nach dem R\u00e4uchern gut l\u00fcften.<br \/>\n<b><br \/>\nR\u00e4uchern mit St\u00f6vchen:<\/b><br \/>\nDies ist eine wesentlich sanftere Methode des R\u00e4ucherns. Sie ben\u00f6tigen ein St\u00f6vchen mit feinmaschigem Sieb\/Gitter und ein Teelicht. Das Teelicht entz\u00fcnden, in das St\u00f6vchen stellen und etwas R\u00e4ucherwerk auf das Sieb streuen, fertig. Es entsteht viel weniger Rauch als bei der Verwendung von Kohle. Achtung: Die St\u00f6vchen werden gew\u00f6hnlich sehr hei\u00df, daher sind sie weniger gut zum &#8222;Ausr\u00e4uchern&#8220; geeignet, wenn man von einem Raum zum n\u00e4chsten gehen m\u00f6chte. St\u00f6vchen sind perfekt zur lokalen Nutzung anstelle von R\u00e4ucherst\u00e4bchen.<br \/>\n<b><br \/>\nBei Fragen zum Thema R\u00e4uchern k\u00f6nnen Sie sich gerne an uns wenden: <\/b>shop[at]lebens-qi.at &#8211; R\u00e4ucherworkshops werden regelm\u00e4\u00dfig im LEBENS-QI angeboten.<\/p>\n","protected":false},"excerpt":{"rendered":"<p>Lichtvolle &amp; magische Zutaten<\/p>\n","protected":false},"featured_media":14181,"comment_status":"open","ping_status":"closed","template":"","meta":{"_links_to":"","_links_to_target":""},"pwb-brand":[469],"product_brand":[],"product_cat":[470,953],"product_tag":[1702,1678,545,1701,200,1159,2861,468,339,467,466,1468,544,1241],"class_list":{"0":"post-2153","1":"product","2":"type-product","3":"status-publish","4":"has-post-thumbnail","6":"pwb-brand-lebens-qi-incense","7":"product_cat-magical-incense","8":"product_cat-raeuchern-mit-engeln","9":"product_tag-angelika","10":"product_tag-dammar","11":"product_tag-engel","12":"product_tag-engelwurz","13":"product_tag-lebens-qi","14":"product_tag-magie","15":"product_tag-mariengras","16":"product_tag-original-incenses","17":"product_tag-palo-santo","18":"product_tag-raeuchermischung","19":"product_tag-raeuchern","20":"product_tag-ritual","21":"product_tag-schutzengel","22":"product_tag-silber","24":"first","25":"instock","26":"taxable","27":"shipping-taxable","28":"purchasable","29":"product-type-variable"},"blog_post_layout_featured_media_urls":{"thumbnail":["https:\/\/www.lebens-qi.at\/qishop\/wp-content\/uploads\/MI-schutzengel-Glas-voll-150x150.png",150,150,true],"full":["https:\/\/www.lebens-qi.at\/qishop\/wp-content\/uploads\/MI-schutzengel-Glas-voll.png",500,500,false]},"categories":["469"],"categories_names":{"469":{"name":"LEBENS-QI Incense","link":"https:\/\/www.lebens-qi.at\/qishop\/brand\/lebens-qi-incense\/"}},"comments_number":"0","brands":[{"id":469,"name":"LEBENS-QI Incense","slug":"lebens-qi-incense"}],"_links":{"self":[{"href":"https:\/\/www.lebens-qi.at\/qishop\/wp-json\/wp\/v2\/product\/2153","targetHints":{"allow":["GET"]}}],"collection":[{"href":"https:\/\/www.lebens-qi.at\/qishop\/wp-json\/wp\/v2\/product"}],"about":[{"href":"https:\/\/www.lebens-qi.at\/qishop\/wp-json\/wp\/v2\/types\/product"}],"replies":[{"embeddable":true,"href":"https:\/\/www.lebens-qi.at\/qishop\/wp-json\/wp\/v2\/comments?post=2153"}],"wp:featuredmedia":[{"embeddable":true,"href":"https:\/\/www.lebens-qi.at\/qishop\/wp-json\/wp\/v2\/media\/14181"}],"wp:attachment":[{"href":"https:\/\/www.lebens-qi.at\/qishop\/wp-json\/wp\/v2\/media?parent=2153"}],"wp:term":[{"taxonomy":"pwb-brand","embeddable":true,"href":"https:\/\/www.lebens-qi.at\/qishop\/wp-json\/wp\/v2\/pwb-brand?post=2153"},{"taxonomy":"product_brand","embeddable":true,"href":"https:\/\/www.lebens-qi.at\/qishop\/wp-json\/wp\/v2\/product_brand?post=2153"},{"taxonomy":"product_cat","embeddable":true,"href":"https:\/\/www.lebens-qi.at\/qishop\/wp-json\/wp\/v2\/product_cat?post=2153"},{"taxonomy":"product_tag","embeddable":true,"href":"https:\/\/www.lebens-qi.at\/qishop\/wp-json\/wp\/v2\/product_tag?post=2153"}],"curies":[{"name":"wp","href":"https:\/\/api.w.org\/{rel}","templated":true}]}}