{"id":2154,"date":"2024-02-19T19:24:16","date_gmt":"2024-02-19T18:24:16","guid":{"rendered":"https:\/\/www.lebens-qi.at\/qishop\/?post_type=product&#038;p=2154"},"modified":"2025-04-15T19:15:12","modified_gmt":"2025-04-15T17:15:12","slug":"gegenzauber-raeuchermischung","status":"publish","type":"product","link":"https:\/\/www.lebens-qi.at\/qishop\/produkt\/gegenzauber-raeuchermischung\/","title":{"rendered":"Gegenzauber &#8211; R\u00e4uchermischung"},"content":{"rendered":"<p><b>Gegenzauber<\/b><br \/>\nDie R\u00e4uchermischung zum Aufl\u00f6sen von Fl\u00fcchen, Verw\u00fcnschungen, schwarzer Magie und energetischen Attacken bzw. Angriffen. Bestens geeignet, um negative Energien aus der eigenen Aura zu beseitigen und Fl\u00fcche von H\u00e4usern, Gegenst\u00e4nden etc. aufzul\u00f6sen.<br \/>\n<b><br \/>\nInhaltsstoffe:<\/b><br \/>\nSchwarzer Copal (Saumerio) &#8211; vertreibt das B\u00f6se, sch\u00fctzt<br \/>\nEisenkraut &#8211; sch\u00fctzt und gibt Kraft, zur Verwendung bei magischen Ritualen<br \/>\nRosenbl\u00fctenbl\u00e4tter &#8211; l\u00f6sen Zauber auf<br \/>\nWegwarte &#8211; germanische Zauberpflanze reinigt K\u00f6rper und Seele<br \/>\nTeufelsdreck (Asant) &#8211; stark bannend vor b\u00f6sen Energien, sch\u00fctzend<br \/>\nDrachenblut &#8211; m\u00e4chtiger Reiniger und Sch\u00fctzer, speziell in magischen R\u00e4ucherungen<br \/>\nSafran* &#8211; gilt als magisches Mittel bei \u00dcberg\u00e4ngen<br \/>\nechtes Silber &#8211; h\u00e4lt negative Energien ab<br \/>\n<em><br \/>\n*Wir verwenden f\u00fcr diese R\u00e4uchermischung ausschlie\u00dflich echten, heimischen Safran<br \/>\n<\/em><br \/>\nEigene Rezeptur, in liebevoller Handarbeit im Lebens-Qi zubereitet und im 60 ml Glas abgef\u00fcllt.<br \/>\n<b><br \/>\nSie haben bereits ein leeres Glas? <\/b><br \/>\nDann bestellen Sie das R\u00e4ucherwerk im Papier-Nachf\u00fcllpack und sparen Sie \u20ac 1,40<br \/>\nBitte beachten Sie, dass diese Verpackung nur zur kurzfristigen Lagerung geeignet ist.<\/p>\n<p><b>Wie werden die R\u00e4uchermischungen verwendet?<br \/>\n<em><br \/>\nR\u00e4uchern mit Kohle:<\/em><\/b><br \/>\nBei dieser Methode entsteht sehr viel Rauch. Sie ben\u00f6tigen eine feuerfeste\/hitzebest\u00e4ndige Schale, R\u00e4ucherkohle und Sand. Die Schale mit Sand f\u00fcllen, Kohletablette an einer Kerzenflamme mithilfe einer R\u00e4ucherzange entz\u00fcnden. Hochkant in den Sand stecken und warten, bis die Kohle durchgez\u00fcndet hat, danach umlegen. Sobald der Rand der Kohle eine wei\u00dfe Aschenschicht hat, kann eine kleine Menge R\u00e4ucherwerk auf die Kohle gelegt werden. Sofort steigen gro\u00dfe Rauchmengen auf. Daher sollten Sie unbedingt nach dem R\u00e4uchern gut l\u00fcften.<br \/>\n<b><br \/>\nR\u00e4uchern mit St\u00f6vchen:<\/b><br \/>\nDies ist eine wesentlich sanftere Methode des R\u00e4ucherns. Sie ben\u00f6tigen ein St\u00f6vchen mit feinmaschigem Sieb\/Gitter und ein Teelicht. Das Teelicht entz\u00fcnden, in das St\u00f6vchen stellen und etwas R\u00e4ucherwerk auf das Sieb streuen, fertig. Es entsteht viel weniger Rauch als bei der Verwendung von Kohle. Achtung: Die St\u00f6vchen werden gew\u00f6hnlich sehr hei\u00df, daher sind sie weniger gut zum &#8222;Ausr\u00e4uchern&#8220; geeignet, wenn man von einem Raum zum n\u00e4chsten gehen m\u00f6chte. St\u00f6vchen sind perfekt zur lokalen Nutzung anstelle von R\u00e4ucherst\u00e4bchen.<br \/>\n<b><br \/>\nBei Fragen zum Thema R\u00e4uchern k\u00f6nnen Sie sich gerne an uns wenden: <\/b>shop[at]lebens-qi.at &#8211; R\u00e4ucherworkshops werden regelm\u00e4\u00dfig im LEBENS-QI angeboten.<\/p>\n","protected":false},"excerpt":{"rendered":"<p>Schwarzer Copal &amp; magische Zutaten<\/p>\n","protected":false},"featured_media":14152,"comment_status":"open","ping_status":"closed","template":"","meta":{"_links_to":"","_links_to_target":""},"pwb-brand":[469],"product_brand":[],"product_cat":[470],"product_tag":[2855,2854,517,1705,726,230,552,551,200,1159,468,467,466,1241,1646,2853],"class_list":{"0":"post-2154","1":"product","2":"type-product","3":"status-publish","4":"has-post-thumbnail","6":"pwb-brand-lebens-qi-incense","7":"product_cat-magical-incense","8":"product_tag-angriff","9":"product_tag-attacke","10":"product_tag-aura","11":"product_tag-copal","12":"product_tag-drachenblut","13":"product_tag-eisenkraut","14":"product_tag-entwuenschung","15":"product_tag-fluch","16":"product_tag-lebens-qi","17":"product_tag-magie","18":"product_tag-original-incenses","19":"product_tag-raeuchermischung","20":"product_tag-raeuchern","21":"product_tag-silber","22":"product_tag-teufelsdreck","23":"product_tag-verwuenschung","25":"first","26":"instock","27":"taxable","28":"shipping-taxable","29":"purchasable","30":"product-type-variable"},"blog_post_layout_featured_media_urls":{"thumbnail":["https:\/\/www.lebens-qi.at\/qishop\/wp-content\/uploads\/MI-gegenzauber-Glas-voll-150x150.png",150,150,true],"full":["https:\/\/www.lebens-qi.at\/qishop\/wp-content\/uploads\/MI-gegenzauber-Glas-voll.png",500,500,false]},"categories":["469"],"categories_names":{"469":{"name":"LEBENS-QI Incense","link":"https:\/\/www.lebens-qi.at\/qishop\/brand\/lebens-qi-incense\/"}},"comments_number":"0","brands":[{"id":469,"name":"LEBENS-QI Incense","slug":"lebens-qi-incense"}],"_links":{"self":[{"href":"https:\/\/www.lebens-qi.at\/qishop\/wp-json\/wp\/v2\/product\/2154","targetHints":{"allow":["GET"]}}],"collection":[{"href":"https:\/\/www.lebens-qi.at\/qishop\/wp-json\/wp\/v2\/product"}],"about":[{"href":"https:\/\/www.lebens-qi.at\/qishop\/wp-json\/wp\/v2\/types\/product"}],"replies":[{"embeddable":true,"href":"https:\/\/www.lebens-qi.at\/qishop\/wp-json\/wp\/v2\/comments?post=2154"}],"wp:featuredmedia":[{"embeddable":true,"href":"https:\/\/www.lebens-qi.at\/qishop\/wp-json\/wp\/v2\/media\/14152"}],"wp:attachment":[{"href":"https:\/\/www.lebens-qi.at\/qishop\/wp-json\/wp\/v2\/media?parent=2154"}],"wp:term":[{"taxonomy":"pwb-brand","embeddable":true,"href":"https:\/\/www.lebens-qi.at\/qishop\/wp-json\/wp\/v2\/pwb-brand?post=2154"},{"taxonomy":"product_brand","embeddable":true,"href":"https:\/\/www.lebens-qi.at\/qishop\/wp-json\/wp\/v2\/product_brand?post=2154"},{"taxonomy":"product_cat","embeddable":true,"href":"https:\/\/www.lebens-qi.at\/qishop\/wp-json\/wp\/v2\/product_cat?post=2154"},{"taxonomy":"product_tag","embeddable":true,"href":"https:\/\/www.lebens-qi.at\/qishop\/wp-json\/wp\/v2\/product_tag?post=2154"}],"curies":[{"name":"wp","href":"https:\/\/api.w.org\/{rel}","templated":true}]}}