{"id":2261,"date":"2024-02-20T09:32:29","date_gmt":"2024-02-20T08:32:29","guid":{"rendered":"https:\/\/www.lebens-qi.at\/qishop\/produkt\/koenigin-der-alpen-raeuchermischung\/"},"modified":"2024-11-18T20:09:56","modified_gmt":"2024-11-18T19:09:56","slug":"koenigin-der-alpen-raeuchermischung","status":"publish","type":"product","link":"https:\/\/www.lebens-qi.at\/qishop\/produkt\/koenigin-der-alpen-raeuchermischung\/","title":{"rendered":"K\u00f6nigin der Alpen &#8211; R\u00e4uchermischung"},"content":{"rendered":"<p><b>Mutter Erde R\u00e4ucherungen<\/b><br \/>\n&#8230;ganz ohne Weihrauch! Mit verschiedenen Myrrhen und anderen Harzen&#8230; und nat\u00fcrlich vielen heimischen Kr\u00e4utern, Gew\u00fcrzen, Wurzeln&#8230;.<\/p>\n<p>5 Sorten in kraftvollen Mischungen<\/p>\n<p><b>K\u00d6NIGIN DER ALPEN<\/b><br \/>\nKraftvolle Mischung f\u00fcr: St\u00e4rke, Stabilit\u00e4t, Ausdauer, Durchhalten, Erholung, Mut, Energie, Vertrauen in die Zukunft, Weitblick, Wachheit<\/p>\n<p><b>Mit der Schwingung der Edelsteinessenzen:<\/b><br \/>\n\u2022 Regeneration &amp; Erholung<br \/>\n\u2022 Kraft &amp; Erfolg<\/p>\n<p><b>Zutaten: <\/b>Myrrenharze, Zirbensp\u00e4ne, Kiefernharz, Arnika, Wacholder, G\u00e4nsebl\u00fcmchen, Schl\u00fcsselblume, Ehrenpreis, u.a.<br \/>\n<strong>Inhalt:<\/strong> 50 ml<\/p>\n<p>Enth\u00e4lt hochschwingende Edelsteinessenzen!<br \/>\nAbgef\u00fcllt in hochwertigem Glasgef\u00e4\u00df.<\/p>\n<p>&nbsp;<\/p>\n","protected":false},"excerpt":{"rendered":"<p>Regeneration &amp; Erholung &#8211; Kraft &amp; Erfolg<\/p>\n","protected":false},"featured_media":9676,"comment_status":"open","ping_status":"closed","template":"","meta":{"_links_to":"","_links_to_target":""},"pwb-brand":[166],"product_brand":[],"product_cat":[497],"product_tag":[1993,163,540,1949,539,1171,467,1715],"class_list":{"0":"post-2261","1":"product","2":"type-product","3":"status-publish","4":"has-post-thumbnail","6":"pwb-brand-engelalm","7":"product_cat-engelalm-raeucherungen","8":"product_tag-alpen","9":"product_tag-engelalm","10":"product_tag-erfolg","11":"product_tag-erholung","12":"product_tag-kraft","13":"product_tag-mutter-erde","14":"product_tag-raeuchermischung","15":"product_tag-regeneration","17":"first","18":"instock","19":"taxable","20":"shipping-taxable","21":"purchasable","22":"product-type-simple"},"blog_post_layout_featured_media_urls":{"thumbnail":["https:\/\/www.lebens-qi.at\/qishop\/wp-content\/uploads\/muttererde_alpen-150x150.jpg",150,150,true],"full":["https:\/\/www.lebens-qi.at\/qishop\/wp-content\/uploads\/muttererde_alpen.jpg",700,700,false]},"categories":["166"],"categories_names":{"166":{"name":"Engelalm","link":"https:\/\/www.lebens-qi.at\/qishop\/brand\/engelalm\/"}},"comments_number":"0","brands":[{"id":166,"name":"Engelalm","slug":"engelalm"}],"_links":{"self":[{"href":"https:\/\/www.lebens-qi.at\/qishop\/wp-json\/wp\/v2\/product\/2261","targetHints":{"allow":["GET"]}}],"collection":[{"href":"https:\/\/www.lebens-qi.at\/qishop\/wp-json\/wp\/v2\/product"}],"about":[{"href":"https:\/\/www.lebens-qi.at\/qishop\/wp-json\/wp\/v2\/types\/product"}],"replies":[{"embeddable":true,"href":"https:\/\/www.lebens-qi.at\/qishop\/wp-json\/wp\/v2\/comments?post=2261"}],"wp:featuredmedia":[{"embeddable":true,"href":"https:\/\/www.lebens-qi.at\/qishop\/wp-json\/wp\/v2\/media\/9676"}],"wp:attachment":[{"href":"https:\/\/www.lebens-qi.at\/qishop\/wp-json\/wp\/v2\/media?parent=2261"}],"wp:term":[{"taxonomy":"pwb-brand","embeddable":true,"href":"https:\/\/www.lebens-qi.at\/qishop\/wp-json\/wp\/v2\/pwb-brand?post=2261"},{"taxonomy":"product_brand","embeddable":true,"href":"https:\/\/www.lebens-qi.at\/qishop\/wp-json\/wp\/v2\/product_brand?post=2261"},{"taxonomy":"product_cat","embeddable":true,"href":"https:\/\/www.lebens-qi.at\/qishop\/wp-json\/wp\/v2\/product_cat?post=2261"},{"taxonomy":"product_tag","embeddable":true,"href":"https:\/\/www.lebens-qi.at\/qishop\/wp-json\/wp\/v2\/product_tag?post=2261"}],"curies":[{"name":"wp","href":"https:\/\/api.w.org\/{rel}","templated":true}]}}