{"id":2262,"date":"2024-02-20T09:32:30","date_gmt":"2024-02-20T08:32:30","guid":{"rendered":"https:\/\/www.lebens-qi.at\/qishop\/produkt\/erzengel-michael-raeuchermischung\/"},"modified":"2024-11-18T20:09:56","modified_gmt":"2024-11-18T19:09:56","slug":"erzengel-michael-raeuchermischung","status":"publish","type":"product","link":"https:\/\/www.lebens-qi.at\/qishop\/produkt\/erzengel-michael-raeuchermischung\/","title":{"rendered":"Erzengel Michael R\u00e4uchermischung"},"content":{"rendered":"<p><b>MICHAEL<br \/>\n\u201eIch bin Glaube &amp; Vertrauen\u201c<\/p>\n<p><\/b>Den Willen von Gott und G\u00f6ttin anerkennen (blauer Farbstrahl)<\/p>\n<p>Geborgenheit, Schutz, Entspannung, Ruhe, Freiheit durch Schutz, Leistungsf\u00e4higkeit, Konstruktive L\u00f6sungen, Glaube, Struktur, Recht und Gerechtigkeit, Selbstausdruck, Disziplin, F\u00fchrungskraft, Befreiung von Fremdenergien, alte Muster hinter sich lassen.<\/p>\n<p><strong>Zutaten:<\/strong> Weihrauch, Myrrhe, Mastix, Rose, Tulsi u.v.a., 50 ml<br \/>\n<strong>Inhalt:<\/strong> 50 ml<\/p>\n<p>Enth\u00e4lt hochschwingende Edelsteinessenzen!<br \/>\nAbgef\u00fcllt in hochwertigem Glasgef\u00e4\u00df.<\/p>\n","protected":false},"excerpt":{"rendered":"<p>ICH BIN GLAUBE &amp; VERTRAUEN<\/p>\n","protected":false},"featured_media":9679,"comment_status":"open","ping_status":"closed","template":"","meta":{"_links_to":"","_links_to_target":""},"pwb-brand":[166],"product_brand":[],"product_cat":[497,953],"product_tag":[163,204,1971,212,467,121,1022],"class_list":{"0":"post-2262","1":"product","2":"type-product","3":"status-publish","4":"has-post-thumbnail","6":"pwb-brand-engelalm","7":"product_cat-engelalm-raeucherungen","8":"product_cat-raeuchern-mit-engeln","9":"product_tag-engelalm","10":"product_tag-erzengel","11":"product_tag-glaube","12":"product_tag-michael","13":"product_tag-raeuchermischung","14":"product_tag-schutz","15":"product_tag-vertrauen","17":"first","18":"instock","19":"taxable","20":"shipping-taxable","21":"purchasable","22":"product-type-simple"},"blog_post_layout_featured_media_urls":{"thumbnail":["https:\/\/www.lebens-qi.at\/qishop\/wp-content\/uploads\/Raeucherungen_Michael-150x150.jpg",150,150,true],"full":["https:\/\/www.lebens-qi.at\/qishop\/wp-content\/uploads\/Raeucherungen_Michael.jpg",600,600,false]},"categories":["166"],"categories_names":{"166":{"name":"Engelalm","link":"https:\/\/www.lebens-qi.at\/qishop\/brand\/engelalm\/"}},"comments_number":"0","brands":[{"id":166,"name":"Engelalm","slug":"engelalm"}],"_links":{"self":[{"href":"https:\/\/www.lebens-qi.at\/qishop\/wp-json\/wp\/v2\/product\/2262","targetHints":{"allow":["GET"]}}],"collection":[{"href":"https:\/\/www.lebens-qi.at\/qishop\/wp-json\/wp\/v2\/product"}],"about":[{"href":"https:\/\/www.lebens-qi.at\/qishop\/wp-json\/wp\/v2\/types\/product"}],"replies":[{"embeddable":true,"href":"https:\/\/www.lebens-qi.at\/qishop\/wp-json\/wp\/v2\/comments?post=2262"}],"wp:featuredmedia":[{"embeddable":true,"href":"https:\/\/www.lebens-qi.at\/qishop\/wp-json\/wp\/v2\/media\/9679"}],"wp:attachment":[{"href":"https:\/\/www.lebens-qi.at\/qishop\/wp-json\/wp\/v2\/media?parent=2262"}],"wp:term":[{"taxonomy":"pwb-brand","embeddable":true,"href":"https:\/\/www.lebens-qi.at\/qishop\/wp-json\/wp\/v2\/pwb-brand?post=2262"},{"taxonomy":"product_brand","embeddable":true,"href":"https:\/\/www.lebens-qi.at\/qishop\/wp-json\/wp\/v2\/product_brand?post=2262"},{"taxonomy":"product_cat","embeddable":true,"href":"https:\/\/www.lebens-qi.at\/qishop\/wp-json\/wp\/v2\/product_cat?post=2262"},{"taxonomy":"product_tag","embeddable":true,"href":"https:\/\/www.lebens-qi.at\/qishop\/wp-json\/wp\/v2\/product_tag?post=2262"}],"curies":[{"name":"wp","href":"https:\/\/api.w.org\/{rel}","templated":true}]}}