{"id":2264,"date":"2024-02-20T09:32:33","date_gmt":"2024-02-20T08:32:33","guid":{"rendered":"https:\/\/www.lebens-qi.at\/qishop\/produkt\/hueterin-der-wiese-raeuchermischung\/"},"modified":"2024-11-18T20:09:54","modified_gmt":"2024-11-18T19:09:54","slug":"hueterin-der-wiese-raeuchermischung","status":"publish","type":"product","link":"https:\/\/www.lebens-qi.at\/qishop\/produkt\/hueterin-der-wiese-raeuchermischung\/","title":{"rendered":"H\u00fcterin der Wiese &#8211; R\u00e4uchermischung"},"content":{"rendered":"<p><b>Mutter Erde R\u00e4ucherungen<\/b><br \/>\n&#8230;ganz ohne Weihrauch! Mit verschiedenen Myrrhen und anderen Harzen&#8230; und nat\u00fcrlich vielen heimischen Kr\u00e4utern, Gew\u00fcrzen, Wurzeln&#8230;.<\/p>\n<p>5 Sorten in kraftvollen Mischungen<\/p>\n<p><b>H\u00dcTERIN DER WIESE<br \/>\n<\/b>Erfrischende Mischung f\u00fcr: Leichtigkeit, Freude, Heiterkeit, Ausgelassenheit, Lockerheit, Kreativit\u00e4t, Schaffenskraft, Zuversicht, Lebenslust<\/p>\n<p><b>Mit der Schwingung der Edelsteinessenzen:<\/b><br \/>\n\u2022 Mut zur Fr\u00f6hlichkeit<br \/>\n\u2022 Herzenswunsch<\/p>\n<p><b>Zutaten: <\/b>Myrrenharze, Dammar, Benzoe Sumatra, Wiesenk\u00f6nigin, Hagebutte, Schafgarbe, Ringelblume, L\u00f6wenzahn, Frauenmantel, Rotklee, u.a.<br \/>\n<strong>Inhalt:<\/strong> 50 ml<\/p>\n<p>Enth\u00e4lt hochschwingende Edelsteinessenzen!<br \/>\nAbgef\u00fcllt in hochwertigem Glasgef\u00e4\u00df.<\/p>\n<p>&nbsp;<\/p>\n","protected":false},"excerpt":{"rendered":"<p>Mut zur Fr\u00f6hlichkeit &#8211; Herzenswunsch<\/p>\n","protected":false},"featured_media":9673,"comment_status":"open","ping_status":"closed","template":"","meta":{"_links_to":"","_links_to_target":""},"pwb-brand":[166],"product_brand":[],"product_cat":[497],"product_tag":[163,1674,505,645,633,1171,467],"class_list":{"0":"post-2264","1":"product","2":"type-product","3":"status-publish","4":"has-post-thumbnail","6":"pwb-brand-engelalm","7":"product_cat-engelalm-raeucherungen","8":"product_tag-engelalm","9":"product_tag-froehlichkeit","10":"product_tag-herzenswunsch","11":"product_tag-lebensfreude","12":"product_tag-leichtigkeit","13":"product_tag-mutter-erde","14":"product_tag-raeuchermischung","16":"first","17":"instock","18":"taxable","19":"shipping-taxable","20":"purchasable","21":"product-type-simple"},"blog_post_layout_featured_media_urls":{"thumbnail":["https:\/\/www.lebens-qi.at\/qishop\/wp-content\/uploads\/muttererde_wiese-150x150.jpg",150,150,true],"full":["https:\/\/www.lebens-qi.at\/qishop\/wp-content\/uploads\/muttererde_wiese.jpg",700,700,false]},"categories":["166"],"categories_names":{"166":{"name":"Engelalm","link":"https:\/\/www.lebens-qi.at\/qishop\/brand\/engelalm\/"}},"comments_number":"0","brands":[{"id":166,"name":"Engelalm","slug":"engelalm"}],"_links":{"self":[{"href":"https:\/\/www.lebens-qi.at\/qishop\/wp-json\/wp\/v2\/product\/2264","targetHints":{"allow":["GET"]}}],"collection":[{"href":"https:\/\/www.lebens-qi.at\/qishop\/wp-json\/wp\/v2\/product"}],"about":[{"href":"https:\/\/www.lebens-qi.at\/qishop\/wp-json\/wp\/v2\/types\/product"}],"replies":[{"embeddable":true,"href":"https:\/\/www.lebens-qi.at\/qishop\/wp-json\/wp\/v2\/comments?post=2264"}],"wp:featuredmedia":[{"embeddable":true,"href":"https:\/\/www.lebens-qi.at\/qishop\/wp-json\/wp\/v2\/media\/9673"}],"wp:attachment":[{"href":"https:\/\/www.lebens-qi.at\/qishop\/wp-json\/wp\/v2\/media?parent=2264"}],"wp:term":[{"taxonomy":"pwb-brand","embeddable":true,"href":"https:\/\/www.lebens-qi.at\/qishop\/wp-json\/wp\/v2\/pwb-brand?post=2264"},{"taxonomy":"product_brand","embeddable":true,"href":"https:\/\/www.lebens-qi.at\/qishop\/wp-json\/wp\/v2\/product_brand?post=2264"},{"taxonomy":"product_cat","embeddable":true,"href":"https:\/\/www.lebens-qi.at\/qishop\/wp-json\/wp\/v2\/product_cat?post=2264"},{"taxonomy":"product_tag","embeddable":true,"href":"https:\/\/www.lebens-qi.at\/qishop\/wp-json\/wp\/v2\/product_tag?post=2264"}],"curies":[{"name":"wp","href":"https:\/\/api.w.org\/{rel}","templated":true}]}}