{"id":2266,"date":"2024-02-20T09:32:35","date_gmt":"2024-02-20T08:32:35","guid":{"rendered":"https:\/\/www.lebens-qi.at\/qishop\/produkt\/goettin-der-wurzeln-raeuchermischung\/"},"modified":"2024-11-18T20:09:53","modified_gmt":"2024-11-18T19:09:53","slug":"goettin-der-wurzeln-raeuchermischung","status":"publish","type":"product","link":"https:\/\/www.lebens-qi.at\/qishop\/produkt\/goettin-der-wurzeln-raeuchermischung\/","title":{"rendered":"G\u00f6ttin der Wurzeln &#8211; R\u00e4uchermischung"},"content":{"rendered":"<p><b>Mutter Erde R\u00e4ucherungen<\/b><br \/>\n&#8230;ganz ohne Weihrauch! Mit verschiedenen Myrrhen und anderen Harzen&#8230; und nat\u00fcrlich vielen heimischen Kr\u00e4utern, Gew\u00fcrzen, Wurzeln&#8230;.<\/p>\n<p>5 Sorten in kraftvollen Mischungen<\/p>\n<p><b>G\u00d6TTIN DER WURZELN<\/b><br \/>\nErdende Mischung f\u00fcr: Wandlung, Transformation, Weisheit, Anbindung an Mutter Erde, Loslassen und Wiedergeburt, Ankommen und Verwurzeln<\/p>\n<p><b>Mit der Schwingung der Edelsteinessenzen:<\/b><br \/>\n\u2022 Erdung &amp; Urvertrauen<br \/>\n\u2022 Ver\u00e4nderung &amp; Neubeginn<\/p>\n<p><b>Zutaten: <\/b>Myrrenharze, Schwarzer Copal, Amber, Wurzeln (Ratanhia, Narde, Angelika, Iris, Bertram, Meisterinnenwurz, Diptam), Patchoulibl\u00e4tter, Odermennig, u.a.<br \/>\n<strong>Inhalt:<\/strong> 50 ml<\/p>\n<p>Enth\u00e4lt hochschwingende Edelsteinessenzen!<br \/>\nAbgef\u00fcllt in hochwertigem Glasgef\u00e4\u00df.<\/p>\n<p>&nbsp;<\/p>\n","protected":false},"excerpt":{"rendered":"<p>Erdung &amp; Urvertrauen &#8211; Ver\u00e4nderung &amp; Neubeginn<\/p>\n","protected":false},"featured_media":9667,"comment_status":"open","ping_status":"closed","template":"","meta":{"_links_to":"","_links_to_target":""},"pwb-brand":[166],"product_brand":[],"product_cat":[497],"product_tag":[163,536,1171,550,467,537,549,1992],"class_list":{"0":"post-2266","1":"product","2":"type-product","3":"status-publish","4":"has-post-thumbnail","6":"pwb-brand-engelalm","7":"product_cat-engelalm-raeucherungen","8":"product_tag-engelalm","9":"product_tag-erdung","10":"product_tag-mutter-erde","11":"product_tag-neubeginn","12":"product_tag-raeuchermischung","13":"product_tag-urvertrauen","14":"product_tag-veraenderung","15":"product_tag-wurzeln","17":"first","18":"instock","19":"taxable","20":"shipping-taxable","21":"purchasable","22":"product-type-simple"},"blog_post_layout_featured_media_urls":{"thumbnail":["https:\/\/www.lebens-qi.at\/qishop\/wp-content\/uploads\/muttererde_wurzeln_1-150x150.jpg",150,150,true],"full":["https:\/\/www.lebens-qi.at\/qishop\/wp-content\/uploads\/muttererde_wurzeln_1.jpg",700,700,false]},"categories":["166"],"categories_names":{"166":{"name":"Engelalm","link":"https:\/\/www.lebens-qi.at\/qishop\/brand\/engelalm\/"}},"comments_number":"0","brands":[{"id":166,"name":"Engelalm","slug":"engelalm"}],"_links":{"self":[{"href":"https:\/\/www.lebens-qi.at\/qishop\/wp-json\/wp\/v2\/product\/2266","targetHints":{"allow":["GET"]}}],"collection":[{"href":"https:\/\/www.lebens-qi.at\/qishop\/wp-json\/wp\/v2\/product"}],"about":[{"href":"https:\/\/www.lebens-qi.at\/qishop\/wp-json\/wp\/v2\/types\/product"}],"replies":[{"embeddable":true,"href":"https:\/\/www.lebens-qi.at\/qishop\/wp-json\/wp\/v2\/comments?post=2266"}],"wp:featuredmedia":[{"embeddable":true,"href":"https:\/\/www.lebens-qi.at\/qishop\/wp-json\/wp\/v2\/media\/9667"}],"wp:attachment":[{"href":"https:\/\/www.lebens-qi.at\/qishop\/wp-json\/wp\/v2\/media?parent=2266"}],"wp:term":[{"taxonomy":"pwb-brand","embeddable":true,"href":"https:\/\/www.lebens-qi.at\/qishop\/wp-json\/wp\/v2\/pwb-brand?post=2266"},{"taxonomy":"product_brand","embeddable":true,"href":"https:\/\/www.lebens-qi.at\/qishop\/wp-json\/wp\/v2\/product_brand?post=2266"},{"taxonomy":"product_cat","embeddable":true,"href":"https:\/\/www.lebens-qi.at\/qishop\/wp-json\/wp\/v2\/product_cat?post=2266"},{"taxonomy":"product_tag","embeddable":true,"href":"https:\/\/www.lebens-qi.at\/qishop\/wp-json\/wp\/v2\/product_tag?post=2266"}],"curies":[{"name":"wp","href":"https:\/\/api.w.org\/{rel}","templated":true}]}}