{"id":2274,"date":"2024-02-20T09:32:40","date_gmt":"2024-02-20T08:32:40","guid":{"rendered":"https:\/\/www.lebens-qi.at\/qishop\/produkt\/sinnlichkeit-3-themen-weihrauch\/"},"modified":"2024-11-18T20:09:47","modified_gmt":"2024-11-18T19:09:47","slug":"sinnlichkeit-3-themen-weihrauch","status":"publish","type":"product","link":"https:\/\/www.lebens-qi.at\/qishop\/produkt\/sinnlichkeit-3-themen-weihrauch\/","title":{"rendered":"Sinnlichkeit &#8211; 3-Themen-Weihrauch"},"content":{"rendered":"<p><b>Hildegard von Bingen &#8211; Kr\u00e4uter- u. Gew\u00fcrzweihrauche<\/b><\/p>\n<p>3 THEMEN-WEIHRAUCH<\/p>\n<p><b>R\u00e4uchermischung SINNLICHKEIT<br \/>\n<\/b>unterst\u00fctzt den Genuss mit allen Sinnen, f\u00fchrt zu tiefen Empfindungen und Hingabef\u00e4higkeit.<\/p>\n<p><b>Zutaten: <\/b>Echter Weihrauch, Benzoe Siam, Moschus, Bertram, Damiana u.v.a.<br \/>\n<strong>Inhalt:<\/strong> 50 ml<\/p>\n<p>Enth\u00e4lt hochschwingende Edelsteinessenzen!<br \/>\nAbgef\u00fcllt in hochwertigem Glasgef\u00e4\u00df.<\/p>\n<p><b>Herstellung:<\/b><\/p>\n<p>Basis der R\u00e4uchermischung ist das Harz des <b>echten Weihrauchbaums Boswellia carteri.<\/b> Dieser wundervolle Weihrauch entfaltet aufgrund seines sehr hohen Gehalts an \u00e4therischen \u00d6len einen sehr <b>aromatischen, balsamischen und w\u00fcrzigen Duft.<\/b> Gleichzeitig verstr\u00f6mt das Harz eine <b>zitronige Note. <\/b><\/p>\n<p>Anschlie\u00dfend werden je nach Thema und Element <b>Bl\u00fcten, Gew\u00fcrze, Kr\u00e4uter, H\u00f6lzer, Samen und Wurzeln mit ihren \u00e4therischen \u00d6len <\/b>sowie andere begleitenden <b>Baumharzen<\/b> zum Weihrauch dazu gemischt und sofort in Gl\u00e4ser abgef\u00fcllt.<\/p>\n<p><b><em>Gebete und positive Affirmationen begleiten den ganzen Produktionsvorgang.<\/em><\/b><\/p>\n","protected":false},"excerpt":{"rendered":"<p>Genuss mit allen Sinnen<\/p>\n","protected":false},"featured_media":9648,"comment_status":"open","ping_status":"closed","template":"","meta":{"_links_to":"","_links_to_target":""},"pwb-brand":[166],"product_brand":[],"product_cat":[497],"product_tag":[163,1983,1416,1984,467,637,403],"class_list":{"0":"post-2274","1":"product","2":"type-product","3":"status-publish","4":"has-post-thumbnail","6":"pwb-brand-engelalm","7":"product_cat-engelalm-raeucherungen","8":"product_tag-engelalm","9":"product_tag-genuss","10":"product_tag-hildegard-von-bingen","11":"product_tag-hingabe","12":"product_tag-raeuchermischung","13":"product_tag-sinnlichkeit","14":"product_tag-weihrauch","16":"first","17":"instock","18":"taxable","19":"shipping-taxable","20":"purchasable","21":"product-type-simple"},"blog_post_layout_featured_media_urls":{"thumbnail":["https:\/\/www.lebens-qi.at\/qishop\/wp-content\/uploads\/hvb_sinnlichkeit-150x150.jpg",150,150,true],"full":["https:\/\/www.lebens-qi.at\/qishop\/wp-content\/uploads\/hvb_sinnlichkeit.jpg",526,526,false]},"categories":["166"],"categories_names":{"166":{"name":"Engelalm","link":"https:\/\/www.lebens-qi.at\/qishop\/brand\/engelalm\/"}},"comments_number":"0","brands":[{"id":166,"name":"Engelalm","slug":"engelalm"}],"_links":{"self":[{"href":"https:\/\/www.lebens-qi.at\/qishop\/wp-json\/wp\/v2\/product\/2274","targetHints":{"allow":["GET"]}}],"collection":[{"href":"https:\/\/www.lebens-qi.at\/qishop\/wp-json\/wp\/v2\/product"}],"about":[{"href":"https:\/\/www.lebens-qi.at\/qishop\/wp-json\/wp\/v2\/types\/product"}],"replies":[{"embeddable":true,"href":"https:\/\/www.lebens-qi.at\/qishop\/wp-json\/wp\/v2\/comments?post=2274"}],"wp:featuredmedia":[{"embeddable":true,"href":"https:\/\/www.lebens-qi.at\/qishop\/wp-json\/wp\/v2\/media\/9648"}],"wp:attachment":[{"href":"https:\/\/www.lebens-qi.at\/qishop\/wp-json\/wp\/v2\/media?parent=2274"}],"wp:term":[{"taxonomy":"pwb-brand","embeddable":true,"href":"https:\/\/www.lebens-qi.at\/qishop\/wp-json\/wp\/v2\/pwb-brand?post=2274"},{"taxonomy":"product_brand","embeddable":true,"href":"https:\/\/www.lebens-qi.at\/qishop\/wp-json\/wp\/v2\/product_brand?post=2274"},{"taxonomy":"product_cat","embeddable":true,"href":"https:\/\/www.lebens-qi.at\/qishop\/wp-json\/wp\/v2\/product_cat?post=2274"},{"taxonomy":"product_tag","embeddable":true,"href":"https:\/\/www.lebens-qi.at\/qishop\/wp-json\/wp\/v2\/product_tag?post=2274"}],"curies":[{"name":"wp","href":"https:\/\/api.w.org\/{rel}","templated":true}]}}