{"id":2275,"date":"2024-02-20T09:32:41","date_gmt":"2024-02-20T08:32:41","guid":{"rendered":"https:\/\/www.lebens-qi.at\/qishop\/produkt\/frieden-gewuerz-und-kraeuterweihrauch\/"},"modified":"2024-11-18T20:09:44","modified_gmt":"2024-11-18T19:09:44","slug":"frieden-gewuerz-und-kraeuterweihrauch","status":"publish","type":"product","link":"https:\/\/www.lebens-qi.at\/qishop\/produkt\/frieden-gewuerz-und-kraeuterweihrauch\/","title":{"rendered":"Frieden &#8211; Gew\u00fcrz- und Kr\u00e4uterweihrauch"},"content":{"rendered":"<p><strong>Oberndorf<\/strong>, das kleine St\u00e4dtchen an der Salzach war <strong>Urauff\u00fchrungsort<\/strong> des weltbekannten <strong>Stille-Nacht-Liedes<\/strong>. Menschen aus der ganzen Welt singen hier im Frieden vereint die <strong>DAS Friedenslied<\/strong>.<\/p>\n<p>Frieden hat das ganze Jahr seine Wichtigkeit. Wir haben uns inspirieren lassen und eine Friedensmischung zum R\u00e4uchern entwickelt. Gew\u00fcrze, Kr\u00e4uter und Harze verbinden sich zu einer den <b>Frieden sendenden Botschaft<\/b>. Jedes Jahr frisch zur Bl\u00fctezeit pfl\u00fccken wir Eisenkraut, Beifu\u00df, K\u00f6nigskerzenbl\u00fcten&#8230; im direkten Umfeld der Stille Nacht Kapelle. Die Kr\u00e4uter werden getrocknet und mit weiteren &#8222;Friedenskr\u00e4utern&#8220; und Weihrauchen liebevoll weiterverarbeitet.<\/p>\n<p><b>R\u00e4uchermischung FRIEDEN<br \/>\n<\/b><br \/>\nF\u00fcr Ruhe und Frieden in stressigen und hektischen Situationen. Bringt Kraft und Energie f\u00fcr eine erfolgreiche Problembew\u00e4ltigung und schafft inneren Ausgleich bei Hektik und \u00dcberforderung.<\/p>\n<p><b>Zutaten: <\/b>Echter Weihrauch, Myrrhe, Beifu\u00df, K\u00f6nigskerze, Styrax u.v.a.<br \/>\n<strong>Inhalt:<\/strong> 90 ml<\/p>\n","protected":false},"excerpt":{"rendered":"<p>f\u00fcr Ruhe und Frieden<\/p>\n","protected":false},"featured_media":9666,"comment_status":"open","ping_status":"closed","template":"","meta":{"_links_to":"","_links_to_target":""},"pwb-brand":[166],"product_brand":[],"product_cat":[497],"product_tag":[163,518,467,1824,534,403],"class_list":{"0":"post-2275","1":"product","2":"type-product","3":"status-publish","4":"has-post-thumbnail","6":"pwb-brand-engelalm","7":"product_cat-engelalm-raeucherungen","8":"product_tag-engelalm","9":"product_tag-frieden","10":"product_tag-raeuchermischung","11":"product_tag-ruhe","12":"product_tag-stille-nacht","13":"product_tag-weihrauch","15":"first","16":"instock","17":"taxable","18":"shipping-taxable","19":"purchasable","20":"product-type-simple"},"blog_post_layout_featured_media_urls":{"thumbnail":["https:\/\/www.lebens-qi.at\/qishop\/wp-content\/uploads\/Frieden-1-150x150.jpg",150,150,true],"full":["https:\/\/www.lebens-qi.at\/qishop\/wp-content\/uploads\/Frieden-1.jpg",600,600,false]},"categories":["166"],"categories_names":{"166":{"name":"Engelalm","link":"https:\/\/www.lebens-qi.at\/qishop\/brand\/engelalm\/"}},"comments_number":"0","brands":[{"id":166,"name":"Engelalm","slug":"engelalm"}],"_links":{"self":[{"href":"https:\/\/www.lebens-qi.at\/qishop\/wp-json\/wp\/v2\/product\/2275","targetHints":{"allow":["GET"]}}],"collection":[{"href":"https:\/\/www.lebens-qi.at\/qishop\/wp-json\/wp\/v2\/product"}],"about":[{"href":"https:\/\/www.lebens-qi.at\/qishop\/wp-json\/wp\/v2\/types\/product"}],"replies":[{"embeddable":true,"href":"https:\/\/www.lebens-qi.at\/qishop\/wp-json\/wp\/v2\/comments?post=2275"}],"wp:featuredmedia":[{"embeddable":true,"href":"https:\/\/www.lebens-qi.at\/qishop\/wp-json\/wp\/v2\/media\/9666"}],"wp:attachment":[{"href":"https:\/\/www.lebens-qi.at\/qishop\/wp-json\/wp\/v2\/media?parent=2275"}],"wp:term":[{"taxonomy":"pwb-brand","embeddable":true,"href":"https:\/\/www.lebens-qi.at\/qishop\/wp-json\/wp\/v2\/pwb-brand?post=2275"},{"taxonomy":"product_brand","embeddable":true,"href":"https:\/\/www.lebens-qi.at\/qishop\/wp-json\/wp\/v2\/product_brand?post=2275"},{"taxonomy":"product_cat","embeddable":true,"href":"https:\/\/www.lebens-qi.at\/qishop\/wp-json\/wp\/v2\/product_cat?post=2275"},{"taxonomy":"product_tag","embeddable":true,"href":"https:\/\/www.lebens-qi.at\/qishop\/wp-json\/wp\/v2\/product_tag?post=2275"}],"curies":[{"name":"wp","href":"https:\/\/api.w.org\/{rel}","templated":true}]}}