{"id":2277,"date":"2024-02-20T09:32:41","date_gmt":"2024-02-20T08:32:41","guid":{"rendered":"https:\/\/www.lebens-qi.at\/qishop\/produkt\/erzengel-gabriel-raeuchermischung\/"},"modified":"2024-11-18T20:09:45","modified_gmt":"2024-11-18T19:09:45","slug":"erzengel-gabriel-raeuchermischung","status":"publish","type":"product","link":"https:\/\/www.lebens-qi.at\/qishop\/produkt\/erzengel-gabriel-raeuchermischung\/","title":{"rendered":"Erzengel Gabriel R\u00e4uchermischung"},"content":{"rendered":"<p><b>GABRIEL<br \/>\n\u201eIch bin Klarheit\u201c<\/p>\n<p><\/b>Eigene Wahrheit leben (wei\u00dfer, klarer Farbstrahl)<\/p>\n<p>Klarheit, Reinheit, Krisenl\u00f6sung, Schattenseiten erkennen und integrieren, Sich selbst erkennen als der\/die man ist, Lichtarbeit, Kl\u00e4rungen, Entscheidungen, Ver\u00e4nderungen, Licht in alle Dinge bringen, Reinigung, ein klarer Blick, innere und \u00e4u\u00dfere Bilder verstehen und erkennen.<\/p>\n<p><strong>Zutaten:<\/strong> Weihrauch, Myrrhe, Mastix, Rose, Ysop u.v.a.<br \/>\n<strong>Inhalt:<\/strong> 50 ml<\/p>\n<p>Enth\u00e4lt hochschwingende Edelsteinessenzen!<br \/>\nAbgef\u00fcllt in hochwertigem Glasgef\u00e4\u00df.<\/p>\n","protected":false},"excerpt":{"rendered":"<p>ICH BIN KLARHEIT<\/p>\n","protected":false},"featured_media":9642,"comment_status":"open","ping_status":"closed","template":"","meta":{"_links_to":"","_links_to_target":""},"pwb-brand":[166],"product_brand":[],"product_cat":[497,953],"product_tag":[163,204,216,627,467,1973],"class_list":{"0":"post-2277","1":"product","2":"type-product","3":"status-publish","4":"has-post-thumbnail","6":"pwb-brand-engelalm","7":"product_cat-engelalm-raeucherungen","8":"product_cat-raeuchern-mit-engeln","9":"product_tag-engelalm","10":"product_tag-erzengel","11":"product_tag-gabriel","12":"product_tag-klarheit","13":"product_tag-raeuchermischung","14":"product_tag-reinheit","16":"first","17":"instock","18":"taxable","19":"shipping-taxable","20":"purchasable","21":"product-type-simple"},"blog_post_layout_featured_media_urls":{"thumbnail":["https:\/\/www.lebens-qi.at\/qishop\/wp-content\/uploads\/Raeucherungen_Gabriel-150x150.jpg",150,150,true],"full":["https:\/\/www.lebens-qi.at\/qishop\/wp-content\/uploads\/Raeucherungen_Gabriel.jpg",600,600,false]},"categories":["166"],"categories_names":{"166":{"name":"Engelalm","link":"https:\/\/www.lebens-qi.at\/qishop\/brand\/engelalm\/"}},"comments_number":"0","brands":[{"id":166,"name":"Engelalm","slug":"engelalm"}],"_links":{"self":[{"href":"https:\/\/www.lebens-qi.at\/qishop\/wp-json\/wp\/v2\/product\/2277","targetHints":{"allow":["GET"]}}],"collection":[{"href":"https:\/\/www.lebens-qi.at\/qishop\/wp-json\/wp\/v2\/product"}],"about":[{"href":"https:\/\/www.lebens-qi.at\/qishop\/wp-json\/wp\/v2\/types\/product"}],"replies":[{"embeddable":true,"href":"https:\/\/www.lebens-qi.at\/qishop\/wp-json\/wp\/v2\/comments?post=2277"}],"wp:featuredmedia":[{"embeddable":true,"href":"https:\/\/www.lebens-qi.at\/qishop\/wp-json\/wp\/v2\/media\/9642"}],"wp:attachment":[{"href":"https:\/\/www.lebens-qi.at\/qishop\/wp-json\/wp\/v2\/media?parent=2277"}],"wp:term":[{"taxonomy":"pwb-brand","embeddable":true,"href":"https:\/\/www.lebens-qi.at\/qishop\/wp-json\/wp\/v2\/pwb-brand?post=2277"},{"taxonomy":"product_brand","embeddable":true,"href":"https:\/\/www.lebens-qi.at\/qishop\/wp-json\/wp\/v2\/product_brand?post=2277"},{"taxonomy":"product_cat","embeddable":true,"href":"https:\/\/www.lebens-qi.at\/qishop\/wp-json\/wp\/v2\/product_cat?post=2277"},{"taxonomy":"product_tag","embeddable":true,"href":"https:\/\/www.lebens-qi.at\/qishop\/wp-json\/wp\/v2\/product_tag?post=2277"}],"curies":[{"name":"wp","href":"https:\/\/api.w.org\/{rel}","templated":true}]}}