{"id":2342,"date":"2024-02-21T11:45:24","date_gmt":"2024-02-21T10:45:24","guid":{"rendered":"https:\/\/www.lebens-qi.at\/qishop\/produkt\/bernstein-energiekerze-gross\/"},"modified":"2025-06-03T15:04:05","modified_gmt":"2025-06-03T13:04:05","slug":"bernstein-energiekerze-gross","status":"publish","type":"product","link":"https:\/\/www.lebens-qi.at\/qishop\/produkt\/bernstein-energiekerze-gross\/","title":{"rendered":"Bernstein Energiekerze gro\u00df"},"content":{"rendered":"<p><strong>BERNSTEIN <\/strong><br \/>\n<em>Freude<\/em><\/p>\n<p>\u2022 Sorglosigkeit \u2022 Zuversicht \u2022 Lebenslust \u2022 Fr\u00f6hlichkeit \u2022 Vergn\u00fcgen \u2022 Genuss \u2022 Unbek\u00fcmmertheit \u2022 Ausgelassenheit \u2022 Sorgen loslassen \u2022 Begeisterung \u2022 Gl\u00fcckseligkeit \u2022 Trost \u2022 Lichtblick<\/p>\n<p><strong>Lichtbringer mit Kristallkraft<\/strong><br \/>\nLicht, W\u00e4rme, Edelsteinenergie und Symbolwirkung vereinigen sich in unseren Engelalm Energiekerzen.<br \/>\nDurch diese Qualit\u00e4ten erhalten wir Zugang zu unseren eigenen Kraftquellen im spirituellen Raum. Wir k\u00f6nnen uns \u00fcber das Entz\u00fcnden der entsprechenden Themenkerze mit unserer eigenen g\u00f6ttlichen Quelle verbinden und so auf h\u00f6chster Ebene weiterentwickeln.<\/p>\n<p>Die Kerzen werden in <strong>regionaler<\/strong> Handarbeit <strong>hergestellt<\/strong>, liebevoll <strong>veredelt<\/strong> und mit Edelsteinessenzen <strong>aufgeschwungen<\/strong> und \u00fcber die <strong>Edelsteinschwingung energetisiert.<\/strong><\/p>\n<p><strong>Material:<\/strong> Paraffin<br \/>\n<strong>Gr\u00f6\u00dfe:<\/strong> 200\/80<br \/>\n<strong>Brenndauer:<\/strong> ca. 124 Std.<br \/>\n<strong>Erzeugung in \u00d6sterreich<\/strong><\/p>\n","protected":false},"excerpt":{"rendered":"<p>Freude<\/p>\n","protected":false},"featured_media":9596,"comment_status":"open","ping_status":"closed","template":"","meta":{"_links_to":"","_links_to_target":""},"pwb-brand":[166],"product_brand":[],"product_cat":[500],"product_tag":[196,193,501,163,1032,1674,1961,645],"class_list":{"0":"post-2342","1":"product","2":"type-product","3":"status-publish","4":"has-post-thumbnail","6":"pwb-brand-engelalm","7":"product_cat-kristallkerzen","8":"product_tag-bernstein","9":"product_tag-edelstein","10":"product_tag-energiekerze","11":"product_tag-engelalm","12":"product_tag-freude","13":"product_tag-froehlichkeit","14":"product_tag-kerze","15":"product_tag-lebensfreude","17":"first","18":"instock","19":"taxable","20":"shipping-taxable","21":"purchasable","22":"product-type-simple"},"blog_post_layout_featured_media_urls":{"thumbnail":["https:\/\/www.lebens-qi.at\/qishop\/wp-content\/uploads\/kristall_freude_gross_kerze-150x150.jpg",150,150,true],"full":["https:\/\/www.lebens-qi.at\/qishop\/wp-content\/uploads\/kristall_freude_gross_kerze.jpg",553,553,false]},"categories":["166"],"categories_names":{"166":{"name":"Engelalm","link":"https:\/\/www.lebens-qi.at\/qishop\/brand\/engelalm\/"}},"comments_number":"0","brands":[{"id":166,"name":"Engelalm","slug":"engelalm"}],"_links":{"self":[{"href":"https:\/\/www.lebens-qi.at\/qishop\/wp-json\/wp\/v2\/product\/2342","targetHints":{"allow":["GET"]}}],"collection":[{"href":"https:\/\/www.lebens-qi.at\/qishop\/wp-json\/wp\/v2\/product"}],"about":[{"href":"https:\/\/www.lebens-qi.at\/qishop\/wp-json\/wp\/v2\/types\/product"}],"replies":[{"embeddable":true,"href":"https:\/\/www.lebens-qi.at\/qishop\/wp-json\/wp\/v2\/comments?post=2342"}],"wp:featuredmedia":[{"embeddable":true,"href":"https:\/\/www.lebens-qi.at\/qishop\/wp-json\/wp\/v2\/media\/9596"}],"wp:attachment":[{"href":"https:\/\/www.lebens-qi.at\/qishop\/wp-json\/wp\/v2\/media?parent=2342"}],"wp:term":[{"taxonomy":"pwb-brand","embeddable":true,"href":"https:\/\/www.lebens-qi.at\/qishop\/wp-json\/wp\/v2\/pwb-brand?post=2342"},{"taxonomy":"product_brand","embeddable":true,"href":"https:\/\/www.lebens-qi.at\/qishop\/wp-json\/wp\/v2\/product_brand?post=2342"},{"taxonomy":"product_cat","embeddable":true,"href":"https:\/\/www.lebens-qi.at\/qishop\/wp-json\/wp\/v2\/product_cat?post=2342"},{"taxonomy":"product_tag","embeddable":true,"href":"https:\/\/www.lebens-qi.at\/qishop\/wp-json\/wp\/v2\/product_tag?post=2342"}],"curies":[{"name":"wp","href":"https:\/\/api.w.org\/{rel}","templated":true}]}}