{"id":2378,"date":"2024-02-21T11:46:05","date_gmt":"2024-02-21T10:46:05","guid":{"rendered":"https:\/\/www.lebens-qi.at\/qishop\/produkt\/wurzelchakra-energiekerze-gross\/"},"modified":"2025-06-03T14:42:06","modified_gmt":"2025-06-03T12:42:06","slug":"wurzelchakra-energiekerze-gross","status":"publish","type":"product","link":"https:\/\/www.lebens-qi.at\/qishop\/produkt\/wurzelchakra-energiekerze-gross\/","title":{"rendered":"Wurzelchakra Energiekerze gro\u00df"},"content":{"rendered":"<p><strong>WURZELCHAKRA <\/strong><br \/>\n<em>\u201eIch bin sicher und f\u00fcr mich ist gesorgt\u201c <\/em><\/p>\n<p>\u2022 Stabilit\u00e4t\u00a0 \u2022 Lebenswille \u2022 Lebenskraft \u2022 Selbsterhaltungstrieb \u2022 Sicherheit \u2022 Urvertrauen \u2022 Erdung \u2022 Aufnahme der Erdenergie<\/p>\n<p><strong>Lichtbringer mit Kristallkraft<\/strong><br \/>\nLicht, W\u00e4rme, Edelsteinenergie und Symbolwirkung vereinigen sich in unseren Engelalm Energiekerzen.<br \/>\nDurch diese Qualit\u00e4ten erhalten wir Zugang zu unseren eigenen Kraftquellen im spirituellen Raum. Wir k\u00f6nnen uns \u00fcber das Entz\u00fcnden der entsprechenden Themenkerze mit unserer eigenen g\u00f6ttlichen Quelle verbinden und so auf h\u00f6chster Ebene weiterentwickeln.<\/p>\n<p>Die Kerzen werden in <strong>regionaler<\/strong> Handarbeit <strong>hergestellt<\/strong>, liebevoll <strong>veredelt<\/strong> und mit Edelsteinessenzen <strong>aufgeschwungen<\/strong> und \u00fcber die <strong>Edelsteinschwingung energetisiert.<\/strong><\/p>\n<p><strong>Material:<\/strong> Paraffin<br \/>\n<strong>Gr\u00f6\u00dfe:<\/strong> 200\/80<br \/>\n<strong>Brenndauer:<\/strong> ca. 124 Std.<br \/>\n<strong>Erzeugung in \u00d6sterreich<\/strong><\/p>\n","protected":false},"excerpt":{"rendered":"<p>Stabilit\u00e4t, Lebenskraft, Urvertrauen<\/p>\n","protected":false},"featured_media":9560,"comment_status":"open","ping_status":"closed","template":"","meta":{"_links_to":"","_links_to_target":""},"pwb-brand":[166],"product_brand":[],"product_cat":[503],"product_tag":[198,501,163,536,1961,1728,537,1560],"class_list":{"0":"post-2378","1":"product","2":"type-product","3":"status-publish","4":"has-post-thumbnail","6":"pwb-brand-engelalm","7":"product_cat-chakrakerzen","8":"product_tag-chakra","9":"product_tag-energiekerze","10":"product_tag-engelalm","11":"product_tag-erdung","12":"product_tag-kerze","13":"product_tag-stabilitaet","14":"product_tag-urvertrauen","15":"product_tag-wurzelchakra","17":"first","18":"instock","19":"taxable","20":"shipping-taxable","21":"purchasable","22":"product-type-simple"},"blog_post_layout_featured_media_urls":{"thumbnail":["https:\/\/www.lebens-qi.at\/qishop\/wp-content\/uploads\/Wurzelchakra_200-kerze-150x150.jpg",150,150,true],"full":["https:\/\/www.lebens-qi.at\/qishop\/wp-content\/uploads\/Wurzelchakra_200-kerze.jpg",497,497,false]},"categories":["166"],"categories_names":{"166":{"name":"Engelalm","link":"https:\/\/www.lebens-qi.at\/qishop\/brand\/engelalm\/"}},"comments_number":"0","brands":[{"id":166,"name":"Engelalm","slug":"engelalm"}],"_links":{"self":[{"href":"https:\/\/www.lebens-qi.at\/qishop\/wp-json\/wp\/v2\/product\/2378","targetHints":{"allow":["GET"]}}],"collection":[{"href":"https:\/\/www.lebens-qi.at\/qishop\/wp-json\/wp\/v2\/product"}],"about":[{"href":"https:\/\/www.lebens-qi.at\/qishop\/wp-json\/wp\/v2\/types\/product"}],"replies":[{"embeddable":true,"href":"https:\/\/www.lebens-qi.at\/qishop\/wp-json\/wp\/v2\/comments?post=2378"}],"wp:featuredmedia":[{"embeddable":true,"href":"https:\/\/www.lebens-qi.at\/qishop\/wp-json\/wp\/v2\/media\/9560"}],"wp:attachment":[{"href":"https:\/\/www.lebens-qi.at\/qishop\/wp-json\/wp\/v2\/media?parent=2378"}],"wp:term":[{"taxonomy":"pwb-brand","embeddable":true,"href":"https:\/\/www.lebens-qi.at\/qishop\/wp-json\/wp\/v2\/pwb-brand?post=2378"},{"taxonomy":"product_brand","embeddable":true,"href":"https:\/\/www.lebens-qi.at\/qishop\/wp-json\/wp\/v2\/product_brand?post=2378"},{"taxonomy":"product_cat","embeddable":true,"href":"https:\/\/www.lebens-qi.at\/qishop\/wp-json\/wp\/v2\/product_cat?post=2378"},{"taxonomy":"product_tag","embeddable":true,"href":"https:\/\/www.lebens-qi.at\/qishop\/wp-json\/wp\/v2\/product_tag?post=2378"}],"curies":[{"name":"wp","href":"https:\/\/api.w.org\/{rel}","templated":true}]}}