{"id":2397,"date":"2024-02-21T11:46:29","date_gmt":"2024-02-21T10:46:29","guid":{"rendered":"https:\/\/www.lebens-qi.at\/qishop\/produkt\/kronenchakra-energiekerze-normal\/"},"modified":"2025-06-03T14:32:56","modified_gmt":"2025-06-03T12:32:56","slug":"kronenchakra-energiekerze-normal","status":"publish","type":"product","link":"https:\/\/www.lebens-qi.at\/qishop\/produkt\/kronenchakra-energiekerze-normal\/","title":{"rendered":"Kronenchakra Energiekerze normal"},"content":{"rendered":"<p><strong>KRONENCHAKRA <\/strong><br \/>\n<em>\u201eIch bin mit der g\u00f6ttlichen Quelle verbunden\u201c <\/em><\/p>\n<p>\u2022 Spiritualit\u00e4t \u2022 Gotterkenntnis \u2022 Gottvertrauen \u2022 Erleuchtung \u2022 Religiosit\u00e4t \u2022 Vollendung \u2022 Vertrauen \u2022 Anbindung<\/p>\n<p><strong>Lichtbringer mit Kristallkraft<\/strong><br \/>\nLicht, W\u00e4rme, Edelsteinenergie und Symbolwirkung vereinigen sich in unseren Engelalm Energiekerzen.<br \/>\nDurch diese Qualit\u00e4ten erhalten wir Zugang zu unseren eigenen Kraftquellen im spirituellen Raum. Wir k\u00f6nnen uns \u00fcber das Entz\u00fcnden der entsprechenden Themenkerze mit unserer eigenen g\u00f6ttlichen Quelle verbinden und so auf h\u00f6chster Ebene weiterentwickeln.<\/p>\n<p>Die Kerzen werden in <strong>regionaler<\/strong> Handarbeit <strong>hergestellt<\/strong>, liebevoll <strong>veredelt<\/strong> und mit Edelsteinessenzen <strong>aufgeschwungen<\/strong> und \u00fcber die <strong>Edelsteinschwingung energetisiert.<\/strong><\/p>\n<p><strong>Material:<\/strong> Paraffin<br \/>\n<strong>Gr\u00f6\u00dfe:<\/strong> 150\/70 <strong><br \/>\nBrenndauer:<\/strong> ca. 72 Std.<br \/>\n<strong>Erzeugung in \u00d6sterreich<\/strong><\/p>\n","protected":false},"excerpt":{"rendered":"<p>Gott, Spiritualit\u00e4t, Erleuchtung<\/p>\n","protected":false},"featured_media":9530,"comment_status":"open","ping_status":"closed","template":"","meta":{"_links_to":"","_links_to_target":""},"pwb-brand":[166],"product_brand":[],"product_cat":[503],"product_tag":[846,198,501,163,1961,1563,834],"class_list":{"0":"post-2397","1":"product","2":"type-product","3":"status-publish","4":"has-post-thumbnail","6":"pwb-brand-engelalm","7":"product_cat-chakrakerzen","8":"product_tag-bewusstsein","9":"product_tag-chakra","10":"product_tag-energiekerze","11":"product_tag-engelalm","12":"product_tag-kerze","13":"product_tag-kronenchakra","14":"product_tag-spiritualitaet","16":"first","17":"instock","18":"taxable","19":"shipping-taxable","20":"purchasable","21":"product-type-simple"},"blog_post_layout_featured_media_urls":{"thumbnail":["https:\/\/www.lebens-qi.at\/qishop\/wp-content\/uploads\/Kronenchakra_150-kerze-150x150.jpg",150,150,true],"full":["https:\/\/www.lebens-qi.at\/qishop\/wp-content\/uploads\/Kronenchakra_150-kerze.jpg",600,600,false]},"categories":["166"],"categories_names":{"166":{"name":"Engelalm","link":"https:\/\/www.lebens-qi.at\/qishop\/brand\/engelalm\/"}},"comments_number":"0","brands":[{"id":166,"name":"Engelalm","slug":"engelalm"}],"_links":{"self":[{"href":"https:\/\/www.lebens-qi.at\/qishop\/wp-json\/wp\/v2\/product\/2397","targetHints":{"allow":["GET"]}}],"collection":[{"href":"https:\/\/www.lebens-qi.at\/qishop\/wp-json\/wp\/v2\/product"}],"about":[{"href":"https:\/\/www.lebens-qi.at\/qishop\/wp-json\/wp\/v2\/types\/product"}],"replies":[{"embeddable":true,"href":"https:\/\/www.lebens-qi.at\/qishop\/wp-json\/wp\/v2\/comments?post=2397"}],"wp:featuredmedia":[{"embeddable":true,"href":"https:\/\/www.lebens-qi.at\/qishop\/wp-json\/wp\/v2\/media\/9530"}],"wp:attachment":[{"href":"https:\/\/www.lebens-qi.at\/qishop\/wp-json\/wp\/v2\/media?parent=2397"}],"wp:term":[{"taxonomy":"pwb-brand","embeddable":true,"href":"https:\/\/www.lebens-qi.at\/qishop\/wp-json\/wp\/v2\/pwb-brand?post=2397"},{"taxonomy":"product_brand","embeddable":true,"href":"https:\/\/www.lebens-qi.at\/qishop\/wp-json\/wp\/v2\/product_brand?post=2397"},{"taxonomy":"product_cat","embeddable":true,"href":"https:\/\/www.lebens-qi.at\/qishop\/wp-json\/wp\/v2\/product_cat?post=2397"},{"taxonomy":"product_tag","embeddable":true,"href":"https:\/\/www.lebens-qi.at\/qishop\/wp-json\/wp\/v2\/product_tag?post=2397"}],"curies":[{"name":"wp","href":"https:\/\/api.w.org\/{rel}","templated":true}]}}