{"id":2405,"date":"2024-02-21T11:46:35","date_gmt":"2024-02-21T10:46:35","guid":{"rendered":"https:\/\/www.lebens-qi.at\/qishop\/produkt\/sakralchakra-energiekerze-mini\/"},"modified":"2025-06-03T14:24:49","modified_gmt":"2025-06-03T12:24:49","slug":"sakralchakra-energiekerze-mini","status":"publish","type":"product","link":"https:\/\/www.lebens-qi.at\/qishop\/produkt\/sakralchakra-energiekerze-mini\/","title":{"rendered":"Sakralchakra Energiekerze mini"},"content":{"rendered":"<p><strong>SAKRALCHAKRA <\/strong><br \/>\n<em>\u201eIch f\u00fchle meine Emotionen und genie\u00dfe meine Sexualit\u00e4t\u201c <\/em><\/p>\n<p>\u2022 Gef\u00fchle ausdr\u00fccken \u2022 Sinnlichkeit \u2022 Fortpflanzung \u2022 Sexualit\u00e4t \u2022 Kreativit\u00e4t \u2022 Sch\u00f6pferische Kraft \u2022 Emotionen<\/p>\n<p><strong>Lichtbringer mit Kristallkraft<\/strong><br \/>\nLicht, W\u00e4rme, Edelsteinenergie und Symbolwirkung vereinigen sich in unseren Engelalm Energiekerzen.<br \/>\nDurch diese Qualit\u00e4ten erhalten wir Zugang zu unseren eigenen Kraftquellen im spirituellen Raum. Wir k\u00f6nnen uns \u00fcber das Entz\u00fcnden der entsprechenden Themenkerze mit unserer eigenen g\u00f6ttlichen Quelle verbinden und so auf h\u00f6chster Ebene weiterentwickeln.<\/p>\n<p>Die Kerzen werden in <strong>regionaler<\/strong> Handarbeit <strong>hergestellt<\/strong>, liebevoll <strong>veredelt<\/strong> und mit Edelsteinessenzen <strong>aufgeschwungen<\/strong> und \u00fcber die <strong>Edelsteinschwingung energetisiert.<\/strong><\/p>\n<p><strong>Material:<\/strong> Paraffin<br \/>\n<strong>Gr\u00f6\u00dfe:<\/strong> 100\/50<br \/>\n<strong>Brenndauer:<\/strong> ca. 25 Std.<br \/>\n<strong>Erzeugung in \u00d6sterreich<\/strong><\/p>\n","protected":false},"excerpt":{"rendered":"<p>Ich f\u00fchle<\/p>\n","protected":false},"featured_media":9528,"comment_status":"open","ping_status":"closed","template":"","meta":{"_links_to":"","_links_to_target":""},"pwb-brand":[166],"product_brand":[],"product_cat":[503],"product_tag":[198,501,163,1032,1572,637],"class_list":{"0":"post-2405","1":"product","2":"type-product","3":"status-publish","4":"has-post-thumbnail","6":"pwb-brand-engelalm","7":"product_cat-chakrakerzen","8":"product_tag-chakra","9":"product_tag-energiekerze","10":"product_tag-engelalm","11":"product_tag-freude","12":"product_tag-sakralchakra","13":"product_tag-sinnlichkeit","15":"first","16":"instock","17":"taxable","18":"shipping-taxable","19":"purchasable","20":"product-type-simple"},"blog_post_layout_featured_media_urls":{"thumbnail":["https:\/\/www.lebens-qi.at\/qishop\/wp-content\/uploads\/Sakralchakra400-kerze-150x150.jpg",150,150,true],"full":["https:\/\/www.lebens-qi.at\/qishop\/wp-content\/uploads\/Sakralchakra400-kerze.jpg",600,600,false]},"categories":["166"],"categories_names":{"166":{"name":"Engelalm","link":"https:\/\/www.lebens-qi.at\/qishop\/brand\/engelalm\/"}},"comments_number":"0","brands":[{"id":166,"name":"Engelalm","slug":"engelalm"}],"_links":{"self":[{"href":"https:\/\/www.lebens-qi.at\/qishop\/wp-json\/wp\/v2\/product\/2405","targetHints":{"allow":["GET"]}}],"collection":[{"href":"https:\/\/www.lebens-qi.at\/qishop\/wp-json\/wp\/v2\/product"}],"about":[{"href":"https:\/\/www.lebens-qi.at\/qishop\/wp-json\/wp\/v2\/types\/product"}],"replies":[{"embeddable":true,"href":"https:\/\/www.lebens-qi.at\/qishop\/wp-json\/wp\/v2\/comments?post=2405"}],"wp:featuredmedia":[{"embeddable":true,"href":"https:\/\/www.lebens-qi.at\/qishop\/wp-json\/wp\/v2\/media\/9528"}],"wp:attachment":[{"href":"https:\/\/www.lebens-qi.at\/qishop\/wp-json\/wp\/v2\/media?parent=2405"}],"wp:term":[{"taxonomy":"pwb-brand","embeddable":true,"href":"https:\/\/www.lebens-qi.at\/qishop\/wp-json\/wp\/v2\/pwb-brand?post=2405"},{"taxonomy":"product_brand","embeddable":true,"href":"https:\/\/www.lebens-qi.at\/qishop\/wp-json\/wp\/v2\/product_brand?post=2405"},{"taxonomy":"product_cat","embeddable":true,"href":"https:\/\/www.lebens-qi.at\/qishop\/wp-json\/wp\/v2\/product_cat?post=2405"},{"taxonomy":"product_tag","embeddable":true,"href":"https:\/\/www.lebens-qi.at\/qishop\/wp-json\/wp\/v2\/product_tag?post=2405"}],"curies":[{"name":"wp","href":"https:\/\/api.w.org\/{rel}","templated":true}]}}