{"id":2409,"date":"2024-02-21T11:46:39","date_gmt":"2024-02-21T10:46:39","guid":{"rendered":"https:\/\/www.lebens-qi.at\/qishop\/produkt\/segen-indien-energiekerze\/"},"modified":"2025-06-03T14:23:31","modified_gmt":"2025-06-03T12:23:31","slug":"segen-indien-energiekerze","status":"publish","type":"product","link":"https:\/\/www.lebens-qi.at\/qishop\/produkt\/segen-indien-energiekerze\/","title":{"rendered":"Segen Indien Energiekerze"},"content":{"rendered":"<p><b>Segenskerze INDIEN <\/b><br \/>\nMit der Textzeile &#8222;LIEBE &#8211; FRIEDEN &#8211; GESUNDHEIT &#8211; FREIHEIT &#8211; F\u00dcLLE &#8211; MACHT &#8211; FREUDE&#8220;<\/p>\n<p><strong>Gutes Zureden \u2022 Positives schenken \u2022 Wohlwollende Gedanken<\/strong><\/p>\n<p>In vielen Kulturen ist das Segnen ein zentraler Bestandteil der Spiritualit\u00e4t und religi\u00f6sen Kultur.<br \/>\nIm Sinne des EINE-WELTGEDANKEN sind die vier Segenskerzen entstanden.<\/p>\n<p><b>Lichtbringer mit Kristallkraft<\/b><br \/>\nLicht, W\u00e4rme, Edelsteinenergie und Symbolwirkung vereinigen sich in unseren Engelalm Energiekerzen.<br \/>\nDurch diese Qualit\u00e4ten erhalten wir Zugang zu unseren eigenen Kraftquellen im spirituellen Raum. Wir k\u00f6nnen uns \u00fcber das Entz\u00fcnden der entsprechenden Themenkerze mit unserer eigenen g\u00f6ttlichen Quelle verbinden und so auf h\u00f6chster Ebene Heilung erlangen.<br \/>\nDie Kerzen werden in regionaler Handarbeit hergestellt, liebevoll veredelt und mit Edelsteinessenzen aufgeschwungen und \u00fcber die Edelsteinschwingung energetisiert.<\/p>\n<p><b>Material: <\/b>Paraffin<br \/>\n<b>Brenndauer:<\/b> 150\/70 = 72 Std.<br \/>\n<b>Erzeugung in \u00d6sterreich<\/b><\/p>\n<p>&nbsp;<\/p>\n","protected":false},"excerpt":{"rendered":"<p>Liebe &#8211; Frieden &#8211; Gesundheit &#8211; Freiheit &#8211; F\u00fclle &#8211; Macht &#8211; Freude<\/p>\n","protected":false},"featured_media":9524,"comment_status":"open","ping_status":"closed","template":"","meta":{"_links_to":"","_links_to_target":""},"pwb-brand":[166],"product_brand":[],"product_cat":[504],"product_tag":[501,163,1961,510,834],"class_list":{"0":"post-2409","1":"product","2":"type-product","3":"status-publish","4":"has-post-thumbnail","6":"pwb-brand-engelalm","7":"product_cat-themenkerzen","8":"product_tag-energiekerze","9":"product_tag-engelalm","10":"product_tag-kerze","11":"product_tag-segen","12":"product_tag-spiritualitaet","14":"first","15":"instock","16":"taxable","17":"shipping-taxable","18":"purchasable","19":"product-type-simple"},"blog_post_layout_featured_media_urls":{"thumbnail":["https:\/\/www.lebens-qi.at\/qishop\/wp-content\/uploads\/Segen_Indien_150-kerze-150x150.jpg",150,150,true],"full":["https:\/\/www.lebens-qi.at\/qishop\/wp-content\/uploads\/Segen_Indien_150-kerze.jpg",600,600,false]},"categories":["166"],"categories_names":{"166":{"name":"Engelalm","link":"https:\/\/www.lebens-qi.at\/qishop\/brand\/engelalm\/"}},"comments_number":"0","brands":[{"id":166,"name":"Engelalm","slug":"engelalm"}],"_links":{"self":[{"href":"https:\/\/www.lebens-qi.at\/qishop\/wp-json\/wp\/v2\/product\/2409","targetHints":{"allow":["GET"]}}],"collection":[{"href":"https:\/\/www.lebens-qi.at\/qishop\/wp-json\/wp\/v2\/product"}],"about":[{"href":"https:\/\/www.lebens-qi.at\/qishop\/wp-json\/wp\/v2\/types\/product"}],"replies":[{"embeddable":true,"href":"https:\/\/www.lebens-qi.at\/qishop\/wp-json\/wp\/v2\/comments?post=2409"}],"wp:featuredmedia":[{"embeddable":true,"href":"https:\/\/www.lebens-qi.at\/qishop\/wp-json\/wp\/v2\/media\/9524"}],"wp:attachment":[{"href":"https:\/\/www.lebens-qi.at\/qishop\/wp-json\/wp\/v2\/media?parent=2409"}],"wp:term":[{"taxonomy":"pwb-brand","embeddable":true,"href":"https:\/\/www.lebens-qi.at\/qishop\/wp-json\/wp\/v2\/pwb-brand?post=2409"},{"taxonomy":"product_brand","embeddable":true,"href":"https:\/\/www.lebens-qi.at\/qishop\/wp-json\/wp\/v2\/product_brand?post=2409"},{"taxonomy":"product_cat","embeddable":true,"href":"https:\/\/www.lebens-qi.at\/qishop\/wp-json\/wp\/v2\/product_cat?post=2409"},{"taxonomy":"product_tag","embeddable":true,"href":"https:\/\/www.lebens-qi.at\/qishop\/wp-json\/wp\/v2\/product_tag?post=2409"}],"curies":[{"name":"wp","href":"https:\/\/api.w.org\/{rel}","templated":true}]}}