{"id":2427,"date":"2024-02-21T11:47:09","date_gmt":"2024-02-21T10:47:09","guid":{"rendered":"https:\/\/www.lebens-qi.at\/qishop\/produkt\/blume-des-lebens-energiekerze-blau-gruen\/"},"modified":"2025-06-03T14:15:57","modified_gmt":"2025-06-03T12:15:57","slug":"blume-des-lebens-energiekerze-blau-gruen","status":"publish","type":"product","link":"https:\/\/www.lebens-qi.at\/qishop\/produkt\/blume-des-lebens-energiekerze-blau-gruen\/","title":{"rendered":"Blume des Lebens Energiekerze blau-gr\u00fcn"},"content":{"rendered":"<p><b>BLUME DES LEBENS<br \/>\n<\/b>\u201eMein Licht brennt f\u00fcr Harmonie, Liebe, Schutz &amp; als Symbol der Unendlichkeit!\u201c<\/p>\n<p><strong>Kreislauf des Lebens \u2022 Kraft &amp; Schutz \u2022 Aktivierung der Energien<\/strong><\/p>\n<p>Der Kristall der Blume-des-Lebens-Kerze ist energetisiert mit den Edelsteinessenzen \u201eAurareinigung\u201c, \u201eHeilkr\u00e4fte aktivieren\u201c und \u201eMichael\u201c<\/p>\n<p><b>Lichtbringer mit Kristallkraft<\/b><br \/>\nLicht, W\u00e4rme, Edelsteinenergie und Symbolwirkung vereinigen sich in unseren Engelalm Energiekerzen.<br \/>\nDurch diese Qualit\u00e4ten erhalten wir Zugang zu unseren eigenen Kraftquellen im spirituellen Raum. Wir k\u00f6nnen uns \u00fcber das Entz\u00fcnden der entsprechenden Themenkerze mit unserer eigenen g\u00f6ttlichen Quelle verbinden und so auf h\u00f6chster Ebene Heilung erlangen.<br \/>\nDie Kerzen werden in regionaler Handarbeit hergestellt, liebevoll veredelt und mit Edelsteinessenzen aufgeschwungen und \u00fcber die Edelsteinschwingung energetisiert.<\/p>\n<p><b>Material: <\/b>Paraffin<br \/>\n<b>Brenndauer:<\/b> 150\/70 = 72 Std.<br \/>\n<b>Erzeugung in \u00d6sterreich<\/b><\/p>\n","protected":false},"excerpt":{"rendered":"<p>Harmonie und Energie<\/p>\n","protected":false},"featured_media":9506,"comment_status":"open","ping_status":"closed","template":"","meta":{"_links_to":"","_links_to_target":""},"pwb-brand":[166],"product_brand":[],"product_cat":[582,504],"product_tag":[308,640,501,163,1961,539,121,1342],"class_list":{"0":"post-2427","1":"product","2":"type-product","3":"status-publish","4":"has-post-thumbnail","6":"pwb-brand-engelalm","7":"product_cat-blume-des-lebens-produkte","8":"product_cat-themenkerzen","9":"product_tag-blume-des-lebens","10":"product_tag-energie","11":"product_tag-energiekerze","12":"product_tag-engelalm","13":"product_tag-kerze","14":"product_tag-kraft","15":"product_tag-schutz","16":"product_tag-zyklus","18":"first","19":"instock","20":"taxable","21":"shipping-taxable","22":"purchasable","23":"product-type-simple"},"blog_post_layout_featured_media_urls":{"thumbnail":["https:\/\/www.lebens-qi.at\/qishop\/wp-content\/uploads\/BDL_Blau_150-kerze-150x150.jpg",150,150,true],"full":["https:\/\/www.lebens-qi.at\/qishop\/wp-content\/uploads\/BDL_Blau_150-kerze.jpg",600,600,false]},"categories":["166"],"categories_names":{"166":{"name":"Engelalm","link":"https:\/\/www.lebens-qi.at\/qishop\/brand\/engelalm\/"}},"comments_number":"0","brands":[{"id":166,"name":"Engelalm","slug":"engelalm"}],"_links":{"self":[{"href":"https:\/\/www.lebens-qi.at\/qishop\/wp-json\/wp\/v2\/product\/2427","targetHints":{"allow":["GET"]}}],"collection":[{"href":"https:\/\/www.lebens-qi.at\/qishop\/wp-json\/wp\/v2\/product"}],"about":[{"href":"https:\/\/www.lebens-qi.at\/qishop\/wp-json\/wp\/v2\/types\/product"}],"replies":[{"embeddable":true,"href":"https:\/\/www.lebens-qi.at\/qishop\/wp-json\/wp\/v2\/comments?post=2427"}],"wp:featuredmedia":[{"embeddable":true,"href":"https:\/\/www.lebens-qi.at\/qishop\/wp-json\/wp\/v2\/media\/9506"}],"wp:attachment":[{"href":"https:\/\/www.lebens-qi.at\/qishop\/wp-json\/wp\/v2\/media?parent=2427"}],"wp:term":[{"taxonomy":"pwb-brand","embeddable":true,"href":"https:\/\/www.lebens-qi.at\/qishop\/wp-json\/wp\/v2\/pwb-brand?post=2427"},{"taxonomy":"product_brand","embeddable":true,"href":"https:\/\/www.lebens-qi.at\/qishop\/wp-json\/wp\/v2\/product_brand?post=2427"},{"taxonomy":"product_cat","embeddable":true,"href":"https:\/\/www.lebens-qi.at\/qishop\/wp-json\/wp\/v2\/product_cat?post=2427"},{"taxonomy":"product_tag","embeddable":true,"href":"https:\/\/www.lebens-qi.at\/qishop\/wp-json\/wp\/v2\/product_tag?post=2427"}],"curies":[{"name":"wp","href":"https:\/\/api.w.org\/{rel}","templated":true}]}}