{"id":2479,"date":"2024-02-21T11:47:50","date_gmt":"2024-02-21T10:47:50","guid":{"rendered":"https:\/\/www.lebens-qi.at\/qishop\/produkt\/erdung-und-urvertrauen-energiekerze-mini\/"},"modified":"2025-06-03T12:22:25","modified_gmt":"2025-06-03T10:22:25","slug":"erdung-und-urvertrauen-energiekerze-mini","status":"publish","type":"product","link":"https:\/\/www.lebens-qi.at\/qishop\/produkt\/erdung-und-urvertrauen-energiekerze-mini\/","title":{"rendered":"Erdung und Urvertrauen Energiekerze mini"},"content":{"rendered":"<p><b>ERDUNG &amp; URVERTRAUEN<\/b><br \/>\n<em>&#8222;Ich bin geerdet und vertraue&#8220;<\/em><\/p>\n<p>Die Themenkerze aus dem &#8222;Wunscherf\u00fcllungs-Set&#8220; enterst\u00fctzt Dein Wunschritual im Bereich <b>Sicherheit und Geborgenheit<\/b>.<\/p>\n<p><b>Wunschritual:<\/b><br \/>\nEntz\u00fcnde Deine Symbolkerze. Sage oder denke die f\u00fcr deinen Wunsch entsprechende Affirmation die auf der Kerze steht. Sende diesen Wunsch nochmal an das Universum, zu Deinem Schutzengel, Deinem h\u00f6heren Selbst. Vertraue auf die Unterst\u00fctzung der Symbolkraft in Verbindung mit dem Licht!<\/p>\n<p><b>\u201eSymbole sind Krafttr\u00e4ger in geb\u00fcndelter Energie. In ihnen ist altes spirituelles Wissen in einer Form integriert, die den Menschen \u00fcber den Verstand und das Herz anspricht.\u201c<\/b><\/p>\n<p>In unseren Symbolkerzen verbindet sich das w\u00e4rmende Licht mit der Schwingung einzelner Symbole.<\/p>\n<p>Symbole sind also eine sehr effektive Methode um mit unserem Unbewussten zu arbeiten. Die einfachen und klaren Strukturen sind gut geeignet, um schnell, direkt und ohne Missverst\u00e4ndnisse Informationen auszusenden oder aufzunehmen<\/p>\n<p><b>Symbolminis <\/b><br \/>\nca. 25 Stunden Brenndauer und einer \u201ekleinen\u201c Gr\u00f6\u00dfe von 10 cm<br \/>\nund einem Durchmesser von 5 cm<\/p>\n<p><strong>Material:<\/strong> Paraffin<br \/>\n<strong>Brenndauer:<\/strong> 100\/50 = 25 Std.<br \/>\n<strong>Erzeugung in \u00d6sterreich<\/strong><\/p>\n","protected":false},"excerpt":{"rendered":"<p>Ich bin geerdet und vertraue<\/p>\n","protected":false},"featured_media":9454,"comment_status":"open","ping_status":"closed","template":"","meta":{"_links_to":"","_links_to_target":""},"pwb-brand":[166],"product_brand":[],"product_cat":[504],"product_tag":[501,163,536,1707,1961,1869,537],"class_list":{"0":"post-2479","1":"product","2":"type-product","3":"status-publish","4":"has-post-thumbnail","6":"pwb-brand-engelalm","7":"product_cat-themenkerzen","8":"product_tag-energiekerze","9":"product_tag-engelalm","10":"product_tag-erdung","11":"product_tag-geborgenheit","12":"product_tag-kerze","13":"product_tag-sicherheit","14":"product_tag-urvertrauen","16":"first","17":"instock","18":"taxable","19":"shipping-taxable","20":"purchasable","21":"product-type-simple"},"blog_post_layout_featured_media_urls":{"thumbnail":["https:\/\/www.lebens-qi.at\/qishop\/wp-content\/uploads\/Erdung-400-kerze-150x150.jpg",150,150,true],"full":["https:\/\/www.lebens-qi.at\/qishop\/wp-content\/uploads\/Erdung-400-kerze.jpg",600,600,false]},"categories":["166"],"categories_names":{"166":{"name":"Engelalm","link":"https:\/\/www.lebens-qi.at\/qishop\/brand\/engelalm\/"}},"comments_number":"0","brands":[{"id":166,"name":"Engelalm","slug":"engelalm"}],"_links":{"self":[{"href":"https:\/\/www.lebens-qi.at\/qishop\/wp-json\/wp\/v2\/product\/2479","targetHints":{"allow":["GET"]}}],"collection":[{"href":"https:\/\/www.lebens-qi.at\/qishop\/wp-json\/wp\/v2\/product"}],"about":[{"href":"https:\/\/www.lebens-qi.at\/qishop\/wp-json\/wp\/v2\/types\/product"}],"replies":[{"embeddable":true,"href":"https:\/\/www.lebens-qi.at\/qishop\/wp-json\/wp\/v2\/comments?post=2479"}],"wp:featuredmedia":[{"embeddable":true,"href":"https:\/\/www.lebens-qi.at\/qishop\/wp-json\/wp\/v2\/media\/9454"}],"wp:attachment":[{"href":"https:\/\/www.lebens-qi.at\/qishop\/wp-json\/wp\/v2\/media?parent=2479"}],"wp:term":[{"taxonomy":"pwb-brand","embeddable":true,"href":"https:\/\/www.lebens-qi.at\/qishop\/wp-json\/wp\/v2\/pwb-brand?post=2479"},{"taxonomy":"product_brand","embeddable":true,"href":"https:\/\/www.lebens-qi.at\/qishop\/wp-json\/wp\/v2\/product_brand?post=2479"},{"taxonomy":"product_cat","embeddable":true,"href":"https:\/\/www.lebens-qi.at\/qishop\/wp-json\/wp\/v2\/product_cat?post=2479"},{"taxonomy":"product_tag","embeddable":true,"href":"https:\/\/www.lebens-qi.at\/qishop\/wp-json\/wp\/v2\/product_tag?post=2479"}],"curies":[{"name":"wp","href":"https:\/\/api.w.org\/{rel}","templated":true}]}}