{"id":2499,"date":"2024-02-21T11:47:57","date_gmt":"2024-02-21T10:47:57","guid":{"rendered":"https:\/\/www.lebens-qi.at\/qishop\/produkt\/kehlchakra-energiekerze-mini\/"},"modified":"2025-06-03T12:15:59","modified_gmt":"2025-06-03T10:15:59","slug":"kehlchakra-energiekerze-mini","status":"publish","type":"product","link":"https:\/\/www.lebens-qi.at\/qishop\/produkt\/kehlchakra-energiekerze-mini\/","title":{"rendered":"Kehlchakra Energiekerze mini"},"content":{"rendered":"<p><strong>KEHLCHAKRA <\/strong> <em><br \/>\n\u201eIch zeige mich der Welt mit meiner Kreativit\u00e4t und meinen Worten\u201c <\/em><\/p>\n<p>\u2022 Kommunikation \u2022 Wortbewusstsein \u2022 Inspiration \u2022 Wahrheit \u2022 Mentale Kraft \u2022 Ausdruck der Kreativit\u00e4t \u2022 Musikalit\u00e4t \u2022 Wahrheiten aussprechen<\/p>\n<p><strong>Lichtbringer mit Kristallkraft<\/strong><br \/>\nLicht, W\u00e4rme, Edelsteinenergie und Symbolwirkung vereinigen sich in unseren Engelalm Energiekerzen.<br \/>\nDurch diese Qualit\u00e4ten erhalten wir Zugang zu unseren eigenen Kraftquellen im spirituellen Raum. Wir k\u00f6nnen uns \u00fcber das Entz\u00fcnden der entsprechenden Themenkerze mit unserer eigenen g\u00f6ttlichen Quelle verbinden und so auf h\u00f6chster Ebene weiterentwickeln.<\/p>\n<p>Die Kerzen werden in <strong>regionaler<\/strong> Handarbeit <strong>hergestellt<\/strong>, liebevoll <strong>veredelt<\/strong> und mit Edelsteinessenzen <strong>aufgeschwungen<\/strong> und \u00fcber die <strong>Edelsteinschwingung energetisiert.<\/strong><\/p>\n<p><strong>Material:<\/strong> Paraffin<br \/>\n<strong>Gr\u00f6\u00dfe:<\/strong> 100\/50<br \/>\n<strong>Brenndauer:<\/strong> ca. 25 Std.<br \/>\n<strong>Erzeugung in \u00d6sterreich<\/strong><\/p>\n","protected":false},"excerpt":{"rendered":"<p>Ich kann<\/p>\n","protected":false},"featured_media":9435,"comment_status":"open","ping_status":"closed","template":"","meta":{"_links_to":"","_links_to_target":""},"pwb-brand":[166],"product_brand":[],"product_cat":[503],"product_tag":[1977,198,501,163,1567,1568,1961,1978,1291],"class_list":{"0":"post-2499","1":"product","2":"type-product","3":"status-publish","4":"has-post-thumbnail","6":"pwb-brand-engelalm","7":"product_cat-chakrakerzen","8":"product_tag-ausdruck","9":"product_tag-chakra","10":"product_tag-energiekerze","11":"product_tag-engelalm","12":"product_tag-halschakra","13":"product_tag-kehlchakra","14":"product_tag-kerze","15":"product_tag-kommunikation","16":"product_tag-kreativitaet","18":"first","19":"instock","20":"taxable","21":"shipping-taxable","22":"purchasable","23":"product-type-simple"},"blog_post_layout_featured_media_urls":{"thumbnail":["https:\/\/www.lebens-qi.at\/qishop\/wp-content\/uploads\/Kehlchakra400-kerze-mini-150x150.jpg",150,150,true],"full":["https:\/\/www.lebens-qi.at\/qishop\/wp-content\/uploads\/Kehlchakra400-kerze-mini.jpg",600,600,false]},"categories":["166"],"categories_names":{"166":{"name":"Engelalm","link":"https:\/\/www.lebens-qi.at\/qishop\/brand\/engelalm\/"}},"comments_number":"0","brands":[{"id":166,"name":"Engelalm","slug":"engelalm"}],"_links":{"self":[{"href":"https:\/\/www.lebens-qi.at\/qishop\/wp-json\/wp\/v2\/product\/2499","targetHints":{"allow":["GET"]}}],"collection":[{"href":"https:\/\/www.lebens-qi.at\/qishop\/wp-json\/wp\/v2\/product"}],"about":[{"href":"https:\/\/www.lebens-qi.at\/qishop\/wp-json\/wp\/v2\/types\/product"}],"replies":[{"embeddable":true,"href":"https:\/\/www.lebens-qi.at\/qishop\/wp-json\/wp\/v2\/comments?post=2499"}],"wp:featuredmedia":[{"embeddable":true,"href":"https:\/\/www.lebens-qi.at\/qishop\/wp-json\/wp\/v2\/media\/9435"}],"wp:attachment":[{"href":"https:\/\/www.lebens-qi.at\/qishop\/wp-json\/wp\/v2\/media?parent=2499"}],"wp:term":[{"taxonomy":"pwb-brand","embeddable":true,"href":"https:\/\/www.lebens-qi.at\/qishop\/wp-json\/wp\/v2\/pwb-brand?post=2499"},{"taxonomy":"product_brand","embeddable":true,"href":"https:\/\/www.lebens-qi.at\/qishop\/wp-json\/wp\/v2\/product_brand?post=2499"},{"taxonomy":"product_cat","embeddable":true,"href":"https:\/\/www.lebens-qi.at\/qishop\/wp-json\/wp\/v2\/product_cat?post=2499"},{"taxonomy":"product_tag","embeddable":true,"href":"https:\/\/www.lebens-qi.at\/qishop\/wp-json\/wp\/v2\/product_tag?post=2499"}],"curies":[{"name":"wp","href":"https:\/\/api.w.org\/{rel}","templated":true}]}}