{"id":2526,"date":"2024-02-21T11:48:21","date_gmt":"2024-02-21T10:48:21","guid":{"rendered":"https:\/\/www.lebens-qi.at\/qishop\/produkt\/metatron-energiekerze-klein\/"},"modified":"2025-06-03T11:58:04","modified_gmt":"2025-06-03T09:58:04","slug":"metatron-energiekerze-klein","status":"publish","type":"product","link":"https:\/\/www.lebens-qi.at\/qishop\/produkt\/metatron-energiekerze-klein\/","title":{"rendered":"Metatron Energiekerze klein"},"content":{"rendered":"<p><b>METATRON &#8211; Lebensplan<\/b><\/p>\n<p>Energiekerze f\u00fcr vollkommene, g\u00f6ttliche F\u00fchrung<\/p>\n<p>\u2022 Lebensplan<br \/>\n\u2022 Bestimmung<br \/>\n\u2022 Wunscherf\u00fcllung<br \/>\n\u2022 Berufung finden<br \/>\n\u2022 Grundvertrauen<br \/>\n\u2022 Selbsterkenntnis<br \/>\n\u2022 Innerste spirituelle Haltung<br \/>\n\u2022 Visionen und Pl\u00e4ne<br \/>\n\u2022 Vollkommenheit<br \/>\n\u2022 Gro\u00dfes Ziel<\/p>\n<p>Die Kerzen werden in regionaler Handarbeit hergestellt, von uns liebevoll veredelt, mit Edelsteinessenzen aufgeschwungen und energetisiert.<\/p>\n<p><strong>Material:<\/strong> Paraffin<\/p>\n<p><strong>Brenndauer:<\/strong> 120\/60 = 45 Std.<\/p>\n<p><strong>Erzeugung in \u00d6sterreich<\/strong><\/p>\n","protected":false},"excerpt":{"rendered":"<p>Lebensplan &#8211; Vollkommene, g\u00f6ttliche F\u00fchrung<\/p>\n","protected":false},"featured_media":9404,"comment_status":"open","ping_status":"closed","template":"","meta":{"_links_to":"","_links_to_target":""},"pwb-brand":[166],"product_brand":[],"product_cat":[954,502],"product_tag":[1536,501,163,204,1976,209,1212,1975],"class_list":{"0":"post-2526","1":"product","2":"type-product","3":"status-publish","4":"has-post-thumbnail","6":"pwb-brand-engelalm","7":"product_cat-engelkerzen","8":"product_cat-erzengelkerzen","9":"product_tag-bestimmung","10":"product_tag-energiekerze","11":"product_tag-engelalm","12":"product_tag-erzengel","13":"product_tag-lebensplan","14":"product_tag-metatron","15":"product_tag-selbsterkenntnis","16":"product_tag-vollkommenheit","18":"first","19":"instock","20":"taxable","21":"shipping-taxable","22":"purchasable","23":"product-type-simple"},"blog_post_layout_featured_media_urls":{"thumbnail":["https:\/\/www.lebens-qi.at\/qishop\/wp-content\/uploads\/Metatron120-kerze-e1727374311816-150x150.jpg",150,150,true],"full":["https:\/\/www.lebens-qi.at\/qishop\/wp-content\/uploads\/Metatron120-kerze-e1727374311816.jpg",500,500,false]},"categories":["166"],"categories_names":{"166":{"name":"Engelalm","link":"https:\/\/www.lebens-qi.at\/qishop\/brand\/engelalm\/"}},"comments_number":"0","brands":[{"id":166,"name":"Engelalm","slug":"engelalm"}],"_links":{"self":[{"href":"https:\/\/www.lebens-qi.at\/qishop\/wp-json\/wp\/v2\/product\/2526","targetHints":{"allow":["GET"]}}],"collection":[{"href":"https:\/\/www.lebens-qi.at\/qishop\/wp-json\/wp\/v2\/product"}],"about":[{"href":"https:\/\/www.lebens-qi.at\/qishop\/wp-json\/wp\/v2\/types\/product"}],"replies":[{"embeddable":true,"href":"https:\/\/www.lebens-qi.at\/qishop\/wp-json\/wp\/v2\/comments?post=2526"}],"wp:featuredmedia":[{"embeddable":true,"href":"https:\/\/www.lebens-qi.at\/qishop\/wp-json\/wp\/v2\/media\/9404"}],"wp:attachment":[{"href":"https:\/\/www.lebens-qi.at\/qishop\/wp-json\/wp\/v2\/media?parent=2526"}],"wp:term":[{"taxonomy":"pwb-brand","embeddable":true,"href":"https:\/\/www.lebens-qi.at\/qishop\/wp-json\/wp\/v2\/pwb-brand?post=2526"},{"taxonomy":"product_brand","embeddable":true,"href":"https:\/\/www.lebens-qi.at\/qishop\/wp-json\/wp\/v2\/product_brand?post=2526"},{"taxonomy":"product_cat","embeddable":true,"href":"https:\/\/www.lebens-qi.at\/qishop\/wp-json\/wp\/v2\/product_cat?post=2526"},{"taxonomy":"product_tag","embeddable":true,"href":"https:\/\/www.lebens-qi.at\/qishop\/wp-json\/wp\/v2\/product_tag?post=2526"}],"curies":[{"name":"wp","href":"https:\/\/api.w.org\/{rel}","templated":true}]}}