{"id":2544,"date":"2024-02-21T11:48:29","date_gmt":"2024-02-21T10:48:29","guid":{"rendered":"https:\/\/www.lebens-qi.at\/qishop\/produkt\/vergebung-energiekerze\/"},"modified":"2025-06-03T11:51:08","modified_gmt":"2025-06-03T09:51:08","slug":"vergebung-energiekerze","status":"publish","type":"product","link":"https:\/\/www.lebens-qi.at\/qishop\/produkt\/vergebung-energiekerze\/","title":{"rendered":"Vergebung Energiekerze"},"content":{"rendered":"<p><b>VERGEBUNG &#8211; ENERGIEKERZE<\/b><br \/>\n\u201eMein Licht brennt f\u00fcr das gro\u00dfe Verzeihen und Vergeben!\u201c<\/p>\n<p><b>Ein friedfertiges Herz \u2022 Die gro\u00dfe Einigung &#8211; Gelassenheit<\/b><\/p>\n<p>Der Kristall der Vergebungskerze ist energetisiert mit den Edelsteinessenzen \u201eSanftmut &amp; Vergebung\u201c, \u201eLiebe &amp; Beziehungen\u201c und \u201eChamuel\u201c.<\/p>\n<p><b>Lichtbringer mit Kristallkraft<\/b><br \/>\nLicht, W\u00e4rme, Edelsteinenergie und Symbolwirkung vereinigen sich in unseren Engelalm Energiekerzen.<br \/>\nDurch diese Qualit\u00e4ten erhalten wir Zugang zu unseren eigenen Kraftquellen im spirituellen Raum. Wir k\u00f6nnen uns \u00fcber das Entz\u00fcnden der entsprechenden Themenkerze mit unserer eigenen g\u00f6ttlichen Quelle verbinden und so auf h\u00f6chster Ebene Heilung erlangen.<br \/>\nDie Kerzen werden in regionaler Handarbeit hergestellt, liebevoll veredelt und mit Edelsteinessenzen aufgeschwungen und \u00fcber die Edelsteinschwingung energetisiert.<\/p>\n<p><b>Material: <\/b>Paraffin<br \/>\n<b>Brenndauer:<\/b> 150\/70 = 72 Std.<br \/>\n<b>Erzeugung in \u00d6sterreich<\/b><\/p>\n","protected":false},"excerpt":{"rendered":"<p>Verzeihen und Vergeben<\/p>\n","protected":false},"featured_media":9360,"comment_status":"open","ping_status":"closed","template":"","meta":{"_links_to":"","_links_to_target":""},"pwb-brand":[166],"product_brand":[],"product_cat":[504],"product_tag":[501,163,1964,1961,1727,558],"class_list":{"0":"post-2544","1":"product","2":"type-product","3":"status-publish","4":"has-post-thumbnail","6":"pwb-brand-engelalm","7":"product_cat-themenkerzen","8":"product_tag-energiekerze","9":"product_tag-engelalm","10":"product_tag-gelassenheit","11":"product_tag-kerze","12":"product_tag-sanftmut","13":"product_tag-vergebung","15":"first","16":"instock","17":"taxable","18":"shipping-taxable","19":"purchasable","20":"product-type-simple"},"blog_post_layout_featured_media_urls":{"thumbnail":["https:\/\/www.lebens-qi.at\/qishop\/wp-content\/uploads\/Sanftmut_150-kerze-150x150.jpg",150,150,true],"full":["https:\/\/www.lebens-qi.at\/qishop\/wp-content\/uploads\/Sanftmut_150-kerze.jpg",600,600,false]},"categories":["166"],"categories_names":{"166":{"name":"Engelalm","link":"https:\/\/www.lebens-qi.at\/qishop\/brand\/engelalm\/"}},"comments_number":"0","brands":[{"id":166,"name":"Engelalm","slug":"engelalm"}],"_links":{"self":[{"href":"https:\/\/www.lebens-qi.at\/qishop\/wp-json\/wp\/v2\/product\/2544","targetHints":{"allow":["GET"]}}],"collection":[{"href":"https:\/\/www.lebens-qi.at\/qishop\/wp-json\/wp\/v2\/product"}],"about":[{"href":"https:\/\/www.lebens-qi.at\/qishop\/wp-json\/wp\/v2\/types\/product"}],"replies":[{"embeddable":true,"href":"https:\/\/www.lebens-qi.at\/qishop\/wp-json\/wp\/v2\/comments?post=2544"}],"wp:featuredmedia":[{"embeddable":true,"href":"https:\/\/www.lebens-qi.at\/qishop\/wp-json\/wp\/v2\/media\/9360"}],"wp:attachment":[{"href":"https:\/\/www.lebens-qi.at\/qishop\/wp-json\/wp\/v2\/media?parent=2544"}],"wp:term":[{"taxonomy":"pwb-brand","embeddable":true,"href":"https:\/\/www.lebens-qi.at\/qishop\/wp-json\/wp\/v2\/pwb-brand?post=2544"},{"taxonomy":"product_brand","embeddable":true,"href":"https:\/\/www.lebens-qi.at\/qishop\/wp-json\/wp\/v2\/product_brand?post=2544"},{"taxonomy":"product_cat","embeddable":true,"href":"https:\/\/www.lebens-qi.at\/qishop\/wp-json\/wp\/v2\/product_cat?post=2544"},{"taxonomy":"product_tag","embeddable":true,"href":"https:\/\/www.lebens-qi.at\/qishop\/wp-json\/wp\/v2\/product_tag?post=2544"}],"curies":[{"name":"wp","href":"https:\/\/api.w.org\/{rel}","templated":true}]}}