{"id":2587,"date":"2024-02-21T15:55:58","date_gmt":"2024-02-21T14:55:58","guid":{"rendered":"https:\/\/www.lebens-qi.at\/qishop\/produkt\/veraenderung-neubeginn-edelsteinstab\/"},"modified":"2025-06-02T16:36:04","modified_gmt":"2025-06-02T14:36:04","slug":"veraenderung-neubeginn-edelsteinstab","status":"publish","type":"product","link":"https:\/\/www.lebens-qi.at\/qishop\/produkt\/veraenderung-neubeginn-edelsteinstab\/","title":{"rendered":"Ver\u00e4nderung &#038; Neubeginn &#8211; Edelsteinstab"},"content":{"rendered":"<p><b>WUNSCHERF\u00dcLLUNG mit den Engelalm Edelsteinst\u00e4ben!<\/b><br \/>\nBesonders hilfreich f\u00fcr emotionales Erleben!<\/p>\n<p>Ich w\u00fcnsche mir: <b>VER\u00c4NDERUNG &amp; NEUBEGINN<\/b><br \/>\n<em>Ich lasse los und beginne neu<\/em><\/p>\n<p>Entscheidungshilfe, Loslassen, Gesp\u00fcr f\u00fcr den richtigen Zeitpunkt, Selbst\u00fcberwindung, Risikofreudigkeit.<\/p>\n<p>Erzengel: Gabriel<br \/>\nenthaltene Steine: <b>Marmor &amp; Bergkristall<\/b><\/p>\n<p><b>Anwendung:<\/b><br \/>\nStelle den Stab in eine mit stillem Wasser gef\u00fcllte Karaffe und trinke t\u00e4glich Dein individuelles Energiewasser. Verwende es auch zus\u00e4tzlich in der K\u00fcche, Kosmetik oder Reinigung.<br \/>\nW\u00e4hle deinen Edelsteinstab entweder spontan-intuitiv, \u00fcber die Orakelkarten oder ganz bewusst &#8211; alle Wege stimmen!<\/p>\n<p><b>EDELSTEINWASSER<\/b><br \/>\nMit Edelsteinen die Trinkwasserqualit\u00e4t aufzuwerten ist keine neue Idee &#8211; schon Hildegard von Bingen beschrieb die besondere Wirkung von Edelsteinen.<br \/>\nMit den Engelalm Edelsteinst\u00e4ben kannst du <strong>einfach, praktisch, hygienisch, schnell und g\u00fcnstig dein eigenens Themen-Edelsteinwasser herstellen<\/strong>.<br \/>\nDer Glasstab (ca. 24 cm lang und 2,3 cm Durchmesser) ist mit feinen Kristallen gef\u00fcllt. Diese Edelsteine sind bevorzugt aus fairem Handel umd mit dem GKS-Siegel gemmologisch kontrolliert.<br \/>\nGemeinsam mit der Firma One World Minerals wurden die 12 Mischungen als quintESSENCE Sonderedition f\u00fcr Engelalm entwickelt.<br \/>\n<b>Zus\u00e4tzlich zur reinen Edelsteinschwingung sind die Kristalle in den Wasserst\u00e4ben mit den 12 Wunscherf\u00fcllungsthemen der Engelalm Edelsteinessenzen informiert.<\/b><\/p>\n<p><em><strong>Hinweise:<\/strong> Engelalm Produkte sind energetische Hilfsmittel. Sie basieren auf dem Schwingungs-Resonanzprinzip und sind kein Ersatz f\u00fcr Heilmittel &#8211; noch ersetzen sie Arzt oder Medikamente. Abbildungen sind Symbolfotos! Die Originalphiolen sind nicht mit Aufkleber versehen. Die Detailinformationen zum Thema und der Anwendung befinden sich auf und in der runden Kartonverpackung. WICHTIG: Stab nicht \u00f6ffnen, es kommen die Steine NICHT direkt ins Wasser!<\/em><\/p>\n","protected":false},"excerpt":{"rendered":"<p>Ich lasse los und beginne neu<\/p>\n","protected":false},"featured_media":9683,"comment_status":"open","ping_status":"closed","template":"","meta":{"_links_to":"","_links_to_target":""},"pwb-brand":[166],"product_brand":[],"product_cat":[559],"product_tag":[560,163,572,550,549,561,562],"class_list":{"0":"post-2587","1":"product","2":"type-product","3":"status-publish","4":"has-post-thumbnail","6":"pwb-brand-engelalm","7":"product_cat-edelsteinstaebe","8":"product_tag-edelsteinstab","9":"product_tag-engelalm","10":"product_tag-marmor","11":"product_tag-neubeginn","12":"product_tag-veraenderung","13":"product_tag-wasserstab","14":"product_tag-wassersteine","16":"first","17":"instock","18":"taxable","19":"shipping-taxable","20":"purchasable","21":"product-type-simple"},"blog_post_layout_featured_media_urls":{"thumbnail":["https:\/\/www.lebens-qi.at\/qishop\/wp-content\/uploads\/phiole_veraenderung_mit_hg-150x150.jpg",150,150,true],"full":["https:\/\/www.lebens-qi.at\/qishop\/wp-content\/uploads\/phiole_veraenderung_mit_hg.jpg",600,600,false]},"categories":["166"],"categories_names":{"166":{"name":"Engelalm","link":"https:\/\/www.lebens-qi.at\/qishop\/brand\/engelalm\/"}},"comments_number":"0","brands":[{"id":166,"name":"Engelalm","slug":"engelalm"}],"_links":{"self":[{"href":"https:\/\/www.lebens-qi.at\/qishop\/wp-json\/wp\/v2\/product\/2587","targetHints":{"allow":["GET"]}}],"collection":[{"href":"https:\/\/www.lebens-qi.at\/qishop\/wp-json\/wp\/v2\/product"}],"about":[{"href":"https:\/\/www.lebens-qi.at\/qishop\/wp-json\/wp\/v2\/types\/product"}],"replies":[{"embeddable":true,"href":"https:\/\/www.lebens-qi.at\/qishop\/wp-json\/wp\/v2\/comments?post=2587"}],"wp:featuredmedia":[{"embeddable":true,"href":"https:\/\/www.lebens-qi.at\/qishop\/wp-json\/wp\/v2\/media\/9683"}],"wp:attachment":[{"href":"https:\/\/www.lebens-qi.at\/qishop\/wp-json\/wp\/v2\/media?parent=2587"}],"wp:term":[{"taxonomy":"pwb-brand","embeddable":true,"href":"https:\/\/www.lebens-qi.at\/qishop\/wp-json\/wp\/v2\/pwb-brand?post=2587"},{"taxonomy":"product_brand","embeddable":true,"href":"https:\/\/www.lebens-qi.at\/qishop\/wp-json\/wp\/v2\/product_brand?post=2587"},{"taxonomy":"product_cat","embeddable":true,"href":"https:\/\/www.lebens-qi.at\/qishop\/wp-json\/wp\/v2\/product_cat?post=2587"},{"taxonomy":"product_tag","embeddable":true,"href":"https:\/\/www.lebens-qi.at\/qishop\/wp-json\/wp\/v2\/product_tag?post=2587"}],"curies":[{"name":"wp","href":"https:\/\/api.w.org\/{rel}","templated":true}]}}