{"id":2593,"date":"2024-02-21T17:17:59","date_gmt":"2024-02-21T16:17:59","guid":{"rendered":"https:\/\/www.lebens-qi.at\/qishop\/produkt\/engelalm-orakelkarten\/"},"modified":"2024-11-18T20:01:03","modified_gmt":"2024-11-18T19:01:03","slug":"engelalm-orakelkarten","status":"publish","type":"product","link":"https:\/\/www.lebens-qi.at\/qishop\/produkt\/engelalm-orakelkarten\/","title":{"rendered":"Engelalm Orakelkarten"},"content":{"rendered":"<p><b>ENGELALM EDELSTEIN ORAKEL &#8211; MAGIE LEBENDIGER STEINE<\/p>\n<p>33 Themenkarten, 8 Erzengelkarten und 7 Chakrakarten zur Pers\u00f6nlichkeitsentwicklung. <\/b><br \/>\nNicht nur als Auswahlhilfe f\u00fcr die Engelalm Edelstein Essenzen sondern als eigenst\u00e4ndiges Orakel eignet sich dieses Kartenset. Wunderbare Symbole und Affirmationen wirken als magischer Schl\u00fcssel zur Entwicklung. Ob als Tageskarte, zum Heben der aktuellen Befindlichkeit oder f\u00fcr die Sprayauswahl &#8211; die Botschaften der Edelsteine helfen uns, Themen zu heben, zu transformieren und aufzul\u00f6sen.<\/p>\n<p>50 Blatt mit Anleitung &#8211; Liebevoll in blauem Organza-Geschenks\u00e4ckchen verpackt<\/p>\n","protected":false},"excerpt":{"rendered":"<p>Karten zur Pers\u00f6nlichkeitsentwicklung<\/p>\n","protected":false},"featured_media":2592,"comment_status":"open","ping_status":"closed","template":"","meta":{"_links_to":"","_links_to_target":""},"pwb-brand":[166],"product_brand":[],"product_cat":[862],"product_tag":[128,575,163,574,577,576],"class_list":{"0":"post-2593","1":"product","2":"type-product","3":"status-publish","4":"has-post-thumbnail","6":"pwb-brand-engelalm","7":"product_cat-impulskarten","8":"product_tag-aetherische-oele","9":"product_tag-edelsteinessenzen","10":"product_tag-engelalm","11":"product_tag-orakelkarten","12":"product_tag-steine","13":"product_tag-symbole","15":"first","16":"instock","17":"taxable","18":"shipping-taxable","19":"purchasable","20":"product-type-simple"},"blog_post_layout_featured_media_urls":{"thumbnail":["https:\/\/www.lebens-qi.at\/qishop\/wp-content\/uploads\/titel-150x150.jpg",150,150,true],"full":["https:\/\/www.lebens-qi.at\/qishop\/wp-content\/uploads\/titel.jpg",569,569,false]},"categories":["166"],"categories_names":{"166":{"name":"Engelalm","link":"https:\/\/www.lebens-qi.at\/qishop\/brand\/engelalm\/"}},"comments_number":"0","brands":[{"id":166,"name":"Engelalm","slug":"engelalm"}],"_links":{"self":[{"href":"https:\/\/www.lebens-qi.at\/qishop\/wp-json\/wp\/v2\/product\/2593","targetHints":{"allow":["GET"]}}],"collection":[{"href":"https:\/\/www.lebens-qi.at\/qishop\/wp-json\/wp\/v2\/product"}],"about":[{"href":"https:\/\/www.lebens-qi.at\/qishop\/wp-json\/wp\/v2\/types\/product"}],"replies":[{"embeddable":true,"href":"https:\/\/www.lebens-qi.at\/qishop\/wp-json\/wp\/v2\/comments?post=2593"}],"wp:featuredmedia":[{"embeddable":true,"href":"https:\/\/www.lebens-qi.at\/qishop\/wp-json\/wp\/v2\/media\/2592"}],"wp:attachment":[{"href":"https:\/\/www.lebens-qi.at\/qishop\/wp-json\/wp\/v2\/media?parent=2593"}],"wp:term":[{"taxonomy":"pwb-brand","embeddable":true,"href":"https:\/\/www.lebens-qi.at\/qishop\/wp-json\/wp\/v2\/pwb-brand?post=2593"},{"taxonomy":"product_brand","embeddable":true,"href":"https:\/\/www.lebens-qi.at\/qishop\/wp-json\/wp\/v2\/product_brand?post=2593"},{"taxonomy":"product_cat","embeddable":true,"href":"https:\/\/www.lebens-qi.at\/qishop\/wp-json\/wp\/v2\/product_cat?post=2593"},{"taxonomy":"product_tag","embeddable":true,"href":"https:\/\/www.lebens-qi.at\/qishop\/wp-json\/wp\/v2\/product_tag?post=2593"}],"curies":[{"name":"wp","href":"https:\/\/api.w.org\/{rel}","templated":true}]}}