{"id":2616,"date":"2024-02-21T17:18:22","date_gmt":"2024-02-21T16:18:22","guid":{"rendered":"https:\/\/www.lebens-qi.at\/qishop\/produkt\/erzengel-post-jophiel\/"},"modified":"2025-06-02T17:46:59","modified_gmt":"2025-06-02T15:46:59","slug":"erzengel-post-jophiel","status":"publish","type":"product","link":"https:\/\/www.lebens-qi.at\/qishop\/produkt\/erzengel-post-jophiel\/","title":{"rendered":"Erzengel Post Jophiel"},"content":{"rendered":"<p><b>SCHREIB DEINEM ERZENGEL<\/b><\/p>\n<p>Die ENGELPOST ist f\u00fcr alle acht Erzengel im dazu geh\u00f6rigen Kuvert erh\u00e4ltlich und beinhaltet eine ausf\u00fchrliche Ritual-Anleitung, eine energetisierte Erzengel Ritualkarte, die dazugeh\u00f6rige Erzengel-Botschaft, f\u00fcnf Erzengelbriefe zum selber Ausf\u00fcllen, eine wasserfeste Energie-Karte KRISTALLTOR 9,5 cm, einen Aufkleber KRISTALLTOR mit 9,5 cm mit KRISTALLTOR-Anleitung.<\/p>\n<p>Die Engelpost ist ein geleitetes Ritual f\u00fcr ein Gespr\u00e4ch zwischen dir und deinem gew\u00e4hlten Erzengel. Jeder der acht Erzengel ist wichtig f\u00fcr dich. Entscheide du,mit welchem du beginnst. Gemeinsam beinhalten sie alle Themen des Lebens und verbinden dich mit der g\u00f6ttlichen Quelle.<\/p>\n<p>\u2022 W\u00e4hle deinen Erzengel<br \/>\n\u2022 \u00d6ffne dich f\u00fcr das Licht!<br \/>\n\u2022 Verbinde dich mit deinem Erzengel!<br \/>\n\u2022 H\u00f6re die Botschaft deines Erzengels!<br \/>\n\u2022 Schreibe an deinen Erzengel!<br \/>\n\u2022 Sende die Worte an die g\u00f6ttliche Quelle!<br \/>\n\u2022 Empfange den Segen des Erzengels!<\/p>\n<p>Wir w\u00fcnschen dir viele gute Begegnungen mit deinen Erzengeln, ein einf\u00fchlsames Herz und eine lichtvolle Unterst\u00fctzung aus der G\u00f6ttlichen Quelle!<\/p>\n<p><b>Lieferumfang:<\/b> 1 Erzengel-Post gem\u00e4\u00df Auswahl<\/p>\n","protected":false},"excerpt":{"rendered":"<p>Dein pers\u00f6nliches Engelritual<\/p>\n","protected":false},"featured_media":15442,"comment_status":"open","ping_status":"closed","template":"","meta":{"_links_to":"","_links_to_target":""},"pwb-brand":[166],"product_brand":[],"product_cat":[585],"product_tag":[163,586,204,1032,210,633],"class_list":{"0":"post-2616","1":"product","2":"type-product","3":"status-publish","4":"has-post-thumbnail","6":"pwb-brand-engelalm","7":"product_cat-erzengelpost","8":"product_tag-engelalm","9":"product_tag-engelpost","10":"product_tag-erzengel","11":"product_tag-freude","12":"product_tag-jophiel","13":"product_tag-leichtigkeit","15":"first","16":"instock","17":"taxable","18":"shipping-taxable","19":"purchasable","20":"product-type-simple"},"blog_post_layout_featured_media_urls":{"thumbnail":["https:\/\/www.lebens-qi.at\/qishop\/wp-content\/uploads\/Engelpost-Jophiel-600-150x150.jpg",150,150,true],"full":["https:\/\/www.lebens-qi.at\/qishop\/wp-content\/uploads\/Engelpost-Jophiel-600.jpg",600,600,false]},"categories":["166"],"categories_names":{"166":{"name":"Engelalm","link":"https:\/\/www.lebens-qi.at\/qishop\/brand\/engelalm\/"}},"comments_number":"0","brands":[{"id":166,"name":"Engelalm","slug":"engelalm"}],"_links":{"self":[{"href":"https:\/\/www.lebens-qi.at\/qishop\/wp-json\/wp\/v2\/product\/2616","targetHints":{"allow":["GET"]}}],"collection":[{"href":"https:\/\/www.lebens-qi.at\/qishop\/wp-json\/wp\/v2\/product"}],"about":[{"href":"https:\/\/www.lebens-qi.at\/qishop\/wp-json\/wp\/v2\/types\/product"}],"replies":[{"embeddable":true,"href":"https:\/\/www.lebens-qi.at\/qishop\/wp-json\/wp\/v2\/comments?post=2616"}],"wp:featuredmedia":[{"embeddable":true,"href":"https:\/\/www.lebens-qi.at\/qishop\/wp-json\/wp\/v2\/media\/15442"}],"wp:attachment":[{"href":"https:\/\/www.lebens-qi.at\/qishop\/wp-json\/wp\/v2\/media?parent=2616"}],"wp:term":[{"taxonomy":"pwb-brand","embeddable":true,"href":"https:\/\/www.lebens-qi.at\/qishop\/wp-json\/wp\/v2\/pwb-brand?post=2616"},{"taxonomy":"product_brand","embeddable":true,"href":"https:\/\/www.lebens-qi.at\/qishop\/wp-json\/wp\/v2\/product_brand?post=2616"},{"taxonomy":"product_cat","embeddable":true,"href":"https:\/\/www.lebens-qi.at\/qishop\/wp-json\/wp\/v2\/product_cat?post=2616"},{"taxonomy":"product_tag","embeddable":true,"href":"https:\/\/www.lebens-qi.at\/qishop\/wp-json\/wp\/v2\/product_tag?post=2616"}],"curies":[{"name":"wp","href":"https:\/\/api.w.org\/{rel}","templated":true}]}}