{"id":2630,"date":"2024-02-21T17:18:35","date_gmt":"2024-02-21T16:18:35","guid":{"rendered":"https:\/\/www.lebens-qi.at\/qishop\/produkt\/wunscherfuellung-affirmationskaertchen-kraft-erfolg\/"},"modified":"2024-11-18T20:00:53","modified_gmt":"2024-11-18T19:00:53","slug":"wunscherfuellung-affirmationskaertchen-kraft-erfolg","status":"publish","type":"product","link":"https:\/\/www.lebens-qi.at\/qishop\/produkt\/wunscherfuellung-affirmationskaertchen-kraft-erfolg\/","title":{"rendered":"Wunscherf\u00fcllung Affirmationsk\u00e4rtchen Kraft &#038; Erfolg"},"content":{"rendered":"<p>Ich w\u00fcnsche mir <strong>Kraft &amp; Erfolg<\/strong><\/p>\n<p>Klare Kommunikation, Durchsetzungskraft, Selbstbewusstsein, Entscheidungskraft, Selbstdisziplin, Willenskraft, Umsetzung, Ausdauer, Stabilit\u00e4t, Tatkraft, Energie, St\u00e4rke<\/p>\n<p><b>ENGELALM SYMBOLK\u00c4RTCHEN<\/b><br \/>\nMit Affirmationen zur Wunscherf\u00fcllung<\/p>\n<p>Wunschs\u00e4tze, Leits\u00e4tze, Affirmationen,&#8230; Ver\u00e4ndere dein Leben nachhaltig mit den positiven Impulsen zu den 12 verschiedenen Lebensthemen. Auf den Punkt gebracht, verst\u00e4ndlich und einfach kannst du die Symbolk\u00e4rtchen als Lesezeichen, zur Meditation, als energetischer Begleiter oder zum Aktivieren von W\u00fcnschen verwenden.<\/p>\n<p><b>Lieferumfang:<\/b> 1 K\u00e4rtchen gem\u00e4\u00df Auswahl<\/p>\n","protected":false},"excerpt":{"rendered":"<p>Symbolk\u00e4rtchen mit Affirmation<\/p>\n","protected":false},"featured_media":9605,"comment_status":"open","ping_status":"closed","template":"","meta":{"_links_to":"","_links_to_target":""},"pwb-brand":[166],"product_brand":[],"product_cat":[581,1487],"product_tag":[588,163,540,590,539,589,587,506],"class_list":{"0":"post-2630","1":"product","2":"type-product","3":"status-publish","4":"has-post-thumbnail","6":"pwb-brand-engelalm","7":"product_cat-geschenkideen","8":"product_cat-kleine-geschenke-fuer-grosse-freude","9":"product_tag-affirmation","10":"product_tag-engelalm","11":"product_tag-erfolg","12":"product_tag-kaertchen","13":"product_tag-kraft","14":"product_tag-lesezeichen","15":"product_tag-symbol","16":"product_tag-wunscherfuellung","18":"first","19":"instock","20":"taxable","21":"shipping-taxable","22":"purchasable","23":"product-type-simple"},"blog_post_layout_featured_media_urls":{"thumbnail":["https:\/\/www.lebens-qi.at\/qishop\/wp-content\/uploads\/kraft-k-150x150.jpg",150,150,true],"full":["https:\/\/www.lebens-qi.at\/qishop\/wp-content\/uploads\/kraft-k.jpg",600,600,false]},"categories":["166"],"categories_names":{"166":{"name":"Engelalm","link":"https:\/\/www.lebens-qi.at\/qishop\/brand\/engelalm\/"}},"comments_number":"0","brands":[{"id":166,"name":"Engelalm","slug":"engelalm"}],"_links":{"self":[{"href":"https:\/\/www.lebens-qi.at\/qishop\/wp-json\/wp\/v2\/product\/2630","targetHints":{"allow":["GET"]}}],"collection":[{"href":"https:\/\/www.lebens-qi.at\/qishop\/wp-json\/wp\/v2\/product"}],"about":[{"href":"https:\/\/www.lebens-qi.at\/qishop\/wp-json\/wp\/v2\/types\/product"}],"replies":[{"embeddable":true,"href":"https:\/\/www.lebens-qi.at\/qishop\/wp-json\/wp\/v2\/comments?post=2630"}],"wp:featuredmedia":[{"embeddable":true,"href":"https:\/\/www.lebens-qi.at\/qishop\/wp-json\/wp\/v2\/media\/9605"}],"wp:attachment":[{"href":"https:\/\/www.lebens-qi.at\/qishop\/wp-json\/wp\/v2\/media?parent=2630"}],"wp:term":[{"taxonomy":"pwb-brand","embeddable":true,"href":"https:\/\/www.lebens-qi.at\/qishop\/wp-json\/wp\/v2\/pwb-brand?post=2630"},{"taxonomy":"product_brand","embeddable":true,"href":"https:\/\/www.lebens-qi.at\/qishop\/wp-json\/wp\/v2\/product_brand?post=2630"},{"taxonomy":"product_cat","embeddable":true,"href":"https:\/\/www.lebens-qi.at\/qishop\/wp-json\/wp\/v2\/product_cat?post=2630"},{"taxonomy":"product_tag","embeddable":true,"href":"https:\/\/www.lebens-qi.at\/qishop\/wp-json\/wp\/v2\/product_tag?post=2630"}],"curies":[{"name":"wp","href":"https:\/\/api.w.org\/{rel}","templated":true}]}}