{"id":2685,"date":"2024-02-21T19:46:05","date_gmt":"2024-02-21T18:46:05","guid":{"rendered":"https:\/\/www.lebens-qi.at\/qishop\/produkt\/speckstein-schwarz-netzgefaess\/"},"modified":"2026-01-09T17:27:42","modified_gmt":"2026-01-09T16:27:42","slug":"speckstein-schwarz-netzgefaess","status":"publish","type":"product","link":"https:\/\/www.lebens-qi.at\/qishop\/produkt\/speckstein-schwarz-netzgefaess\/","title":{"rendered":"Speckstein schwarz Netzgef\u00e4\u00df"},"content":{"rendered":"<p><b>Netz-R\u00e4uchergef\u00e4\u00df aus Speckstein<\/b><br \/>\nmit eingraviertem Blumen- oder Rankenmuster<\/p>\n<p>Sehr einfache Handhabung. Die Kohle kann direkt aufgelegt und angez\u00fcndet werden. Durch das grobe Netz bekommt die Kohle w\u00e4hrend des R\u00e4ucherns von unten st\u00e4ndig Luft &#8211; daher kann sie besser abgl\u00fchen.<\/p>\n<p>Durchmesser: ca. 7 cm<br \/>\nH\u00f6he: ca. 6,5 cm<br \/>\nMaterial: Speckstein<\/p>\n<p><b>Hinweis: <\/b>Da es sich bei Speckstein um ein Naturprodukt handelt, kann es Abweichungen in Farbe und Maserung geben! Es gibt bei diesem Gef\u00e4\u00df zwei verschiedene Designs (beide am Foto), aber der <b>Lieferumfang ist 1 Gef\u00e4\u00df inkl. Netz <\/b>aber ohne Kohle oder R\u00e4ucherwerk, diese bitte separat bestellen!<\/p>\n","protected":false},"excerpt":{"rendered":"<p>mit Blumen-\/Rankenmuster<\/p>\n","protected":false},"featured_media":2684,"comment_status":"open","ping_status":"closed","template":"","meta":{"_links_to":"","_links_to_target":""},"pwb-brand":[617],"product_brand":[],"product_cat":[610],"product_tag":[611,466],"class_list":{"0":"post-2685","1":"product","2":"type-product","3":"status-publish","4":"has-post-thumbnail","6":"pwb-brand-yantra","7":"product_cat-netzgefaesse","8":"product_tag-netzgefaess","9":"product_tag-raeuchern","11":"first","12":"instock","13":"taxable","14":"shipping-taxable","15":"purchasable","16":"product-type-simple"},"blog_post_layout_featured_media_urls":{"thumbnail":["https:\/\/www.lebens-qi.at\/qishop\/wp-content\/uploads\/rg-55-150x150.jpg",150,150,true],"full":["https:\/\/www.lebens-qi.at\/qishop\/wp-content\/uploads\/rg-55.jpg",600,600,false]},"categories":["617"],"categories_names":{"617":{"name":"Yantra","link":"https:\/\/www.lebens-qi.at\/qishop\/brand\/yantra\/"}},"comments_number":"0","brands":[{"id":617,"name":"Yantra","slug":"yantra"}],"_links":{"self":[{"href":"https:\/\/www.lebens-qi.at\/qishop\/wp-json\/wp\/v2\/product\/2685","targetHints":{"allow":["GET"]}}],"collection":[{"href":"https:\/\/www.lebens-qi.at\/qishop\/wp-json\/wp\/v2\/product"}],"about":[{"href":"https:\/\/www.lebens-qi.at\/qishop\/wp-json\/wp\/v2\/types\/product"}],"replies":[{"embeddable":true,"href":"https:\/\/www.lebens-qi.at\/qishop\/wp-json\/wp\/v2\/comments?post=2685"}],"wp:featuredmedia":[{"embeddable":true,"href":"https:\/\/www.lebens-qi.at\/qishop\/wp-json\/wp\/v2\/media\/2684"}],"wp:attachment":[{"href":"https:\/\/www.lebens-qi.at\/qishop\/wp-json\/wp\/v2\/media?parent=2685"}],"wp:term":[{"taxonomy":"pwb-brand","embeddable":true,"href":"https:\/\/www.lebens-qi.at\/qishop\/wp-json\/wp\/v2\/pwb-brand?post=2685"},{"taxonomy":"product_brand","embeddable":true,"href":"https:\/\/www.lebens-qi.at\/qishop\/wp-json\/wp\/v2\/product_brand?post=2685"},{"taxonomy":"product_cat","embeddable":true,"href":"https:\/\/www.lebens-qi.at\/qishop\/wp-json\/wp\/v2\/product_cat?post=2685"},{"taxonomy":"product_tag","embeddable":true,"href":"https:\/\/www.lebens-qi.at\/qishop\/wp-json\/wp\/v2\/product_tag?post=2685"}],"curies":[{"name":"wp","href":"https:\/\/api.w.org\/{rel}","templated":true}]}}