{"id":2687,"date":"2024-02-21T19:46:09","date_gmt":"2024-02-21T18:46:09","guid":{"rendered":"https:\/\/www.lebens-qi.at\/qishop\/produkt\/keramik-netzgefaess-natur\/"},"modified":"2024-12-12T16:07:34","modified_gmt":"2024-12-12T15:07:34","slug":"keramik-netzgefaess-natur","status":"publish","type":"product","link":"https:\/\/www.lebens-qi.at\/qishop\/produkt\/keramik-netzgefaess-natur\/","title":{"rendered":"Keramik Netzgef\u00e4\u00df natur"},"content":{"rendered":"<p><b>Handgefertigtes Netzgef\u00e4\u00df aus Keramik<\/b><br \/>inkl. Messing-Netz<\/p>\n<p>Die Schale wurde handgefertigt in einem Atelier in Weikendorf\/Nieder\u00f6sterreich &#8211; jedes St\u00fcck ist aufgrund der Glasur und Struktur ein Unikat, chrakteristisch ist die leicht unregelm\u00e4\u00dfige, bauchige Form. Im Inneren ist das Symbol Keltischer Knoten&#8220; eingepr\u00e4gt.<\/p>\n<p>Sehr einfache Handhabung. Die Kohle kann direkt aufgelegt und angez\u00fcndet werden. Durch das grobe Netz bekommt die Kohle w\u00e4hrend des R\u00e4ucherns von unten st\u00e4ndig Luft &#8211; daher kann sie besser abgl\u00fchen.<\/p>\n<p>Durchmesser: ca. 9 cm<br \/>H\u00f6he: ca. 7,5 cm<\/p>\n<p>Farbe: au\u00dfen Natur bunt gesprenkelt, innen rot\/natur<\/p>\n<p>Handarbeit aus \u00d6sterreich, daher sind Abweichungen in Form, Struktur und Farbe vom Foto m\u00f6glich. Lieferung inkl. Messingnetz, aber ohne Zubeh\u00f6r oder Deko. R\u00e4ucherwerk bitte dazubestellen! &#8222;<\/p>\n","protected":false},"excerpt":{"rendered":"<p>handgefertigt mit Symbol im Inneren<\/p>\n","protected":false},"featured_media":2686,"comment_status":"open","ping_status":"closed","template":"","meta":{"_links_to":"","_links_to_target":""},"pwb-brand":[323],"product_brand":[],"product_cat":[610],"product_tag":[303,611,466,602],"class_list":{"0":"post-2687","1":"product","2":"type-product","3":"status-publish","4":"has-post-thumbnail","6":"pwb-brand-kreatives-by-petra","7":"product_cat-netzgefaesse","8":"product_tag-keramik","9":"product_tag-netzgefaess","10":"product_tag-raeuchern","11":"product_tag-raeucherschale","13":"first","14":"instock","15":"taxable","16":"shipping-taxable","17":"purchasable","18":"product-type-simple"},"blog_post_layout_featured_media_urls":{"thumbnail":["https:\/\/www.lebens-qi.at\/qishop\/wp-content\/uploads\/netzgefaess-natur-150x150.jpeg",150,150,true],"full":["https:\/\/www.lebens-qi.at\/qishop\/wp-content\/uploads\/netzgefaess-natur.jpeg",1635,1634,false]},"categories":["323"],"categories_names":{"323":{"name":"Kreatives by Petra","link":"https:\/\/www.lebens-qi.at\/qishop\/brand\/kreatives-by-petra\/"}},"comments_number":"0","brands":[{"id":323,"name":"Kreatives by Petra","slug":"kreatives-by-petra"}],"_links":{"self":[{"href":"https:\/\/www.lebens-qi.at\/qishop\/wp-json\/wp\/v2\/product\/2687","targetHints":{"allow":["GET"]}}],"collection":[{"href":"https:\/\/www.lebens-qi.at\/qishop\/wp-json\/wp\/v2\/product"}],"about":[{"href":"https:\/\/www.lebens-qi.at\/qishop\/wp-json\/wp\/v2\/types\/product"}],"replies":[{"embeddable":true,"href":"https:\/\/www.lebens-qi.at\/qishop\/wp-json\/wp\/v2\/comments?post=2687"}],"wp:featuredmedia":[{"embeddable":true,"href":"https:\/\/www.lebens-qi.at\/qishop\/wp-json\/wp\/v2\/media\/2686"}],"wp:attachment":[{"href":"https:\/\/www.lebens-qi.at\/qishop\/wp-json\/wp\/v2\/media?parent=2687"}],"wp:term":[{"taxonomy":"pwb-brand","embeddable":true,"href":"https:\/\/www.lebens-qi.at\/qishop\/wp-json\/wp\/v2\/pwb-brand?post=2687"},{"taxonomy":"product_brand","embeddable":true,"href":"https:\/\/www.lebens-qi.at\/qishop\/wp-json\/wp\/v2\/product_brand?post=2687"},{"taxonomy":"product_cat","embeddable":true,"href":"https:\/\/www.lebens-qi.at\/qishop\/wp-json\/wp\/v2\/product_cat?post=2687"},{"taxonomy":"product_tag","embeddable":true,"href":"https:\/\/www.lebens-qi.at\/qishop\/wp-json\/wp\/v2\/product_tag?post=2687"}],"curies":[{"name":"wp","href":"https:\/\/api.w.org\/{rel}","templated":true}]}}