{"id":2718,"date":"2024-02-21T19:46:33","date_gmt":"2024-02-21T18:46:33","guid":{"rendered":"https:\/\/www.lebens-qi.at\/qishop\/produkt\/tibetisches-raeuchergefaess\/"},"modified":"2025-09-25T09:43:59","modified_gmt":"2025-09-25T07:43:59","slug":"tibetisches-raeuchergefaess","status":"publish","type":"product","link":"https:\/\/www.lebens-qi.at\/qishop\/produkt\/tibetisches-raeuchergefaess\/","title":{"rendered":"Tibetisches R\u00e4uchergef\u00e4\u00df"},"content":{"rendered":"<p>R\u00e4ucherschale aus Metall, antike Optik, <br \/><b>verziert mit den 8 gl\u00fccksverhei\u00dfenden Symbolen<\/b><\/p>\n<p>Wir empfehlen bei dieser Schale das R\u00e4uchern mit Sand, da Metall bekanntlich ein sehr guter W\u00e4rmeleiter ist und daher das R\u00e4uchergef\u00e4\u00df sehr hei\u00df werden kann.<\/p>\n<p><b>R\u00e4ucherschale aus Metall<br \/><\/b>Durchmesser ca. 10 cm<br \/>H\u00f6he ca. 11 cm<\/p>\n<p><em><b>TIPP: <\/b> Mit Sand gef\u00fcllt es dieses R\u00e4uchergef\u00e4\u00df ein stilvoller Halter f\u00fcr tibetische R\u00e4ucherst\u00e4bchen. Diese haben kein Bambusst\u00e4bchen und k\u00f6nnen zum Abbrennen einfach in den Sand gesteckt werden.<\/em><\/p>\n","protected":false},"excerpt":{"rendered":"<p>mit den 8 gl\u00fccksverhei\u00dfenden Symbolen<\/p>\n","protected":false},"featured_media":2717,"comment_status":"open","ping_status":"closed","template":"","meta":{"_links_to":"","_links_to_target":""},"pwb-brand":[276],"product_brand":[],"product_cat":[601],"product_tag":[615,466,602,614],"class_list":{"0":"post-2718","1":"product","2":"type-product","3":"status-publish","4":"has-post-thumbnail","6":"pwb-brand-mani-bhadra-phoenix-import","7":"product_cat-schalen","8":"product_tag-8-glueckssymbole","9":"product_tag-raeuchern","10":"product_tag-raeucherschale","11":"product_tag-tibetisch","13":"first","14":"instock","15":"taxable","16":"shipping-taxable","17":"purchasable","18":"product-type-simple"},"blog_post_layout_featured_media_urls":{"thumbnail":["https:\/\/www.lebens-qi.at\/qishop\/wp-content\/uploads\/tibetisches-raeuchergefaess-150x150.png",150,150,true],"full":["https:\/\/www.lebens-qi.at\/qishop\/wp-content\/uploads\/tibetisches-raeuchergefaess.png",450,400,false]},"categories":["276"],"categories_names":{"276":{"name":"Mani Bhadra - Phoenix Import","link":"https:\/\/www.lebens-qi.at\/qishop\/brand\/mani-bhadra-phoenix-import\/"}},"comments_number":"0","brands":[{"id":276,"name":"Mani Bhadra - Phoenix Import","slug":"mani-bhadra-phoenix-import"}],"_links":{"self":[{"href":"https:\/\/www.lebens-qi.at\/qishop\/wp-json\/wp\/v2\/product\/2718","targetHints":{"allow":["GET"]}}],"collection":[{"href":"https:\/\/www.lebens-qi.at\/qishop\/wp-json\/wp\/v2\/product"}],"about":[{"href":"https:\/\/www.lebens-qi.at\/qishop\/wp-json\/wp\/v2\/types\/product"}],"replies":[{"embeddable":true,"href":"https:\/\/www.lebens-qi.at\/qishop\/wp-json\/wp\/v2\/comments?post=2718"}],"wp:featuredmedia":[{"embeddable":true,"href":"https:\/\/www.lebens-qi.at\/qishop\/wp-json\/wp\/v2\/media\/2717"}],"wp:attachment":[{"href":"https:\/\/www.lebens-qi.at\/qishop\/wp-json\/wp\/v2\/media?parent=2718"}],"wp:term":[{"taxonomy":"pwb-brand","embeddable":true,"href":"https:\/\/www.lebens-qi.at\/qishop\/wp-json\/wp\/v2\/pwb-brand?post=2718"},{"taxonomy":"product_brand","embeddable":true,"href":"https:\/\/www.lebens-qi.at\/qishop\/wp-json\/wp\/v2\/product_brand?post=2718"},{"taxonomy":"product_cat","embeddable":true,"href":"https:\/\/www.lebens-qi.at\/qishop\/wp-json\/wp\/v2\/product_cat?post=2718"},{"taxonomy":"product_tag","embeddable":true,"href":"https:\/\/www.lebens-qi.at\/qishop\/wp-json\/wp\/v2\/product_tag?post=2718"}],"curies":[{"name":"wp","href":"https:\/\/api.w.org\/{rel}","templated":true}]}}