{"id":2740,"date":"2024-02-21T19:47:01","date_gmt":"2024-02-21T18:47:01","guid":{"rendered":"https:\/\/www.lebens-qi.at\/qishop\/produkt\/graue-raeucherpfanne\/"},"modified":"2024-12-13T12:54:06","modified_gmt":"2024-12-13T11:54:06","slug":"graue-raeucherpfanne","status":"publish","type":"product","link":"https:\/\/www.lebens-qi.at\/qishop\/produkt\/graue-raeucherpfanne\/","title":{"rendered":"Graue R\u00e4ucherpfanne"},"content":{"rendered":"<p>Klassische R\u00e4ucherpfanne aus Metall mit durchbrochenem Deckel. Mit Holzgriff zur sicheren Verwendung.<\/p>\n<p>Gr\u00f6\u00dfe: ca. 9 cm hoch, L\u00e4nge mit Griff ca. 28 cm<br \/>Durchmesser: ca. 13 cm<br \/>Material: Metall<\/p>\n<p>Achtung! Metallgef\u00e4\u00dfe werden beim R\u00e4uchern sehr hei\u00df!<\/p>\n","protected":false},"excerpt":{"rendered":"<p>mit Deckel und Holzgriff<\/p>\n","protected":false},"featured_media":2739,"comment_status":"open","ping_status":"closed","template":"","meta":{"_links_to":"","_links_to_target":""},"pwb-brand":[617],"product_brand":[],"product_cat":[601],"product_tag":[466,613,602],"class_list":{"0":"post-2740","1":"product","2":"type-product","3":"status-publish","4":"has-post-thumbnail","6":"pwb-brand-yantra","7":"product_cat-schalen","8":"product_tag-raeuchern","9":"product_tag-raeucherpfanne","10":"product_tag-raeucherschale","12":"first","13":"instock","14":"taxable","15":"shipping-taxable","16":"purchasable","17":"product-type-simple"},"blog_post_layout_featured_media_urls":{"thumbnail":["https:\/\/www.lebens-qi.at\/qishop\/wp-content\/uploads\/rg-146-150x150.jpg",150,150,true],"full":["https:\/\/www.lebens-qi.at\/qishop\/wp-content\/uploads\/rg-146.jpg",600,600,false]},"categories":["617"],"categories_names":{"617":{"name":"Yantra","link":"https:\/\/www.lebens-qi.at\/qishop\/brand\/yantra\/"}},"comments_number":"0","brands":[{"id":617,"name":"Yantra","slug":"yantra"}],"_links":{"self":[{"href":"https:\/\/www.lebens-qi.at\/qishop\/wp-json\/wp\/v2\/product\/2740","targetHints":{"allow":["GET"]}}],"collection":[{"href":"https:\/\/www.lebens-qi.at\/qishop\/wp-json\/wp\/v2\/product"}],"about":[{"href":"https:\/\/www.lebens-qi.at\/qishop\/wp-json\/wp\/v2\/types\/product"}],"replies":[{"embeddable":true,"href":"https:\/\/www.lebens-qi.at\/qishop\/wp-json\/wp\/v2\/comments?post=2740"}],"wp:featuredmedia":[{"embeddable":true,"href":"https:\/\/www.lebens-qi.at\/qishop\/wp-json\/wp\/v2\/media\/2739"}],"wp:attachment":[{"href":"https:\/\/www.lebens-qi.at\/qishop\/wp-json\/wp\/v2\/media?parent=2740"}],"wp:term":[{"taxonomy":"pwb-brand","embeddable":true,"href":"https:\/\/www.lebens-qi.at\/qishop\/wp-json\/wp\/v2\/pwb-brand?post=2740"},{"taxonomy":"product_brand","embeddable":true,"href":"https:\/\/www.lebens-qi.at\/qishop\/wp-json\/wp\/v2\/product_brand?post=2740"},{"taxonomy":"product_cat","embeddable":true,"href":"https:\/\/www.lebens-qi.at\/qishop\/wp-json\/wp\/v2\/product_cat?post=2740"},{"taxonomy":"product_tag","embeddable":true,"href":"https:\/\/www.lebens-qi.at\/qishop\/wp-json\/wp\/v2\/product_tag?post=2740"}],"curies":[{"name":"wp","href":"https:\/\/api.w.org\/{rel}","templated":true}]}}