{"id":2742,"date":"2024-02-21T19:47:02","date_gmt":"2024-02-21T18:47:02","guid":{"rendered":"https:\/\/www.lebens-qi.at\/qishop\/produkt\/ton-raeucherschale-beige\/"},"modified":"2025-09-24T15:49:53","modified_gmt":"2025-09-24T13:49:53","slug":"ton-raeucherschale-beige","status":"publish","type":"product","link":"https:\/\/www.lebens-qi.at\/qishop\/produkt\/ton-raeucherschale-beige\/","title":{"rendered":"Ton R\u00e4ucherschale beige"},"content":{"rendered":"<p>R\u00e4ucherschale aus Ton, mit beige-wei\u00dfer Glasur und mit Rattan umwickelten Griff.<br \/>\nWir empfehlen bei dieser Schale das R\u00e4uchern mit Sand.<\/p>\n<p><b>R\u00e4ucherschale aus Ton<br \/>\n<\/b>Durchmesser ca. 11 cm<br \/>\nL\u00e4nge mit Griff ca. 19 cm<br \/>\nH\u00f6he ca. 5,5 cm<\/p>\n","protected":false},"excerpt":{"rendered":"<p>mit Rattangriff<\/p>\n","protected":false},"featured_media":17015,"comment_status":"open","ping_status":"closed","template":"","meta":{"_links_to":"","_links_to_target":""},"pwb-brand":[617],"product_brand":[],"product_cat":[601],"product_tag":[466,613,602,605],"class_list":{"0":"post-2742","1":"product","2":"type-product","3":"status-publish","4":"has-post-thumbnail","6":"pwb-brand-yantra","7":"product_cat-schalen","8":"product_tag-raeuchern","9":"product_tag-raeucherpfanne","10":"product_tag-raeucherschale","11":"product_tag-ton","13":"first","14":"instock","15":"taxable","16":"shipping-taxable","17":"purchasable","18":"product-type-simple"},"blog_post_layout_featured_media_urls":{"thumbnail":["https:\/\/www.lebens-qi.at\/qishop\/wp-content\/uploads\/rg-42w-raeucherschale-naturweiss-150x150.jpg",150,150,true],"full":["https:\/\/www.lebens-qi.at\/qishop\/wp-content\/uploads\/rg-42w-raeucherschale-naturweiss.jpg",600,600,false]},"categories":["617"],"categories_names":{"617":{"name":"Yantra","link":"https:\/\/www.lebens-qi.at\/qishop\/brand\/yantra\/"}},"comments_number":"0","brands":[{"id":617,"name":"Yantra","slug":"yantra"}],"_links":{"self":[{"href":"https:\/\/www.lebens-qi.at\/qishop\/wp-json\/wp\/v2\/product\/2742","targetHints":{"allow":["GET"]}}],"collection":[{"href":"https:\/\/www.lebens-qi.at\/qishop\/wp-json\/wp\/v2\/product"}],"about":[{"href":"https:\/\/www.lebens-qi.at\/qishop\/wp-json\/wp\/v2\/types\/product"}],"replies":[{"embeddable":true,"href":"https:\/\/www.lebens-qi.at\/qishop\/wp-json\/wp\/v2\/comments?post=2742"}],"wp:featuredmedia":[{"embeddable":true,"href":"https:\/\/www.lebens-qi.at\/qishop\/wp-json\/wp\/v2\/media\/17015"}],"wp:attachment":[{"href":"https:\/\/www.lebens-qi.at\/qishop\/wp-json\/wp\/v2\/media?parent=2742"}],"wp:term":[{"taxonomy":"pwb-brand","embeddable":true,"href":"https:\/\/www.lebens-qi.at\/qishop\/wp-json\/wp\/v2\/pwb-brand?post=2742"},{"taxonomy":"product_brand","embeddable":true,"href":"https:\/\/www.lebens-qi.at\/qishop\/wp-json\/wp\/v2\/product_brand?post=2742"},{"taxonomy":"product_cat","embeddable":true,"href":"https:\/\/www.lebens-qi.at\/qishop\/wp-json\/wp\/v2\/product_cat?post=2742"},{"taxonomy":"product_tag","embeddable":true,"href":"https:\/\/www.lebens-qi.at\/qishop\/wp-json\/wp\/v2\/product_tag?post=2742"}],"curies":[{"name":"wp","href":"https:\/\/api.w.org\/{rel}","templated":true}]}}