{"id":2744,"date":"2024-02-21T19:47:05","date_gmt":"2024-02-21T18:47:05","guid":{"rendered":"https:\/\/www.lebens-qi.at\/qishop\/produkt\/raeucherstoevchen-ornament\/"},"modified":"2024-12-14T19:25:32","modified_gmt":"2024-12-14T18:25:32","slug":"raeucherstoevchen-ornament","status":"publish","type":"product","link":"https:\/\/www.lebens-qi.at\/qishop\/produkt\/raeucherstoevchen-ornament\/","title":{"rendered":"R\u00e4ucherst\u00f6vchen &#8222;Ornament&#8220;"},"content":{"rendered":"<p><b>Siebgef\u00e4\u00df &#8211; Ornament<br \/>\n<\/b>Eisen schwarz gepudert, Sieb Edelstahl<br \/>\nRundes Siebgef\u00e4\u00df mit durchbrochenem Ornament-Design.<br \/>\nModernes Design mit klassischem Motiv.<\/p>\n<p>Gr\u00f6\u00dfe: ca. \u00f8 8 x 8 cm<br \/>\nMaterial: Eisen<br \/>\nMit Edelstahl-Netz<\/p>\n<p>Lieferumfang: St\u00f6vchen und Sieb<\/p>\n<p><em><b>Praktischer Hinweis: <\/b>Diese Art des R\u00e4ucherns ist an die Aromatherapie angelehnt und sanfter als das R\u00e4uchern mit Kohle. Allerdings sind St\u00f6vchen eher zum station\u00e4ren Gebrauch geeignet, zum &#8222;Ausr\u00e4uchern&#8220; empfehlen wir Ihnen R\u00e4ucherschalen mit Griff oder Schwenkgef\u00e4\u00dfe.<\/em><\/p>\n","protected":false},"excerpt":{"rendered":"<p>Eisen schwarz gepudert<\/p>\n","protected":false},"featured_media":11205,"comment_status":"open","ping_status":"closed","template":"","meta":{"_links_to":"","_links_to_target":""},"pwb-brand":[307],"product_brand":[],"product_cat":[603],"product_tag":[608,466,607,604],"class_list":{"0":"post-2744","1":"product","2":"type-product","3":"status-publish","4":"has-post-thumbnail","6":"pwb-brand-berk","7":"product_cat-raeucherstoevchen","8":"product_tag-raeucherlampe","9":"product_tag-raeuchern","10":"product_tag-siebgefaess","11":"product_tag-stoevchen","13":"first","14":"instock","15":"taxable","16":"shipping-taxable","17":"purchasable","18":"product-type-simple"},"blog_post_layout_featured_media_urls":{"thumbnail":["https:\/\/www.lebens-qi.at\/qishop\/wp-content\/uploads\/KH-386_1-stoevchen-ornament-150x150.jpg",150,150,true],"full":["https:\/\/www.lebens-qi.at\/qishop\/wp-content\/uploads\/KH-386_1-stoevchen-ornament.jpg",800,800,false]},"categories":["307"],"categories_names":{"307":{"name":"Berk","link":"https:\/\/www.lebens-qi.at\/qishop\/brand\/berk\/"}},"comments_number":"0","brands":[{"id":307,"name":"Berk","slug":"berk"}],"_links":{"self":[{"href":"https:\/\/www.lebens-qi.at\/qishop\/wp-json\/wp\/v2\/product\/2744","targetHints":{"allow":["GET"]}}],"collection":[{"href":"https:\/\/www.lebens-qi.at\/qishop\/wp-json\/wp\/v2\/product"}],"about":[{"href":"https:\/\/www.lebens-qi.at\/qishop\/wp-json\/wp\/v2\/types\/product"}],"replies":[{"embeddable":true,"href":"https:\/\/www.lebens-qi.at\/qishop\/wp-json\/wp\/v2\/comments?post=2744"}],"wp:featuredmedia":[{"embeddable":true,"href":"https:\/\/www.lebens-qi.at\/qishop\/wp-json\/wp\/v2\/media\/11205"}],"wp:attachment":[{"href":"https:\/\/www.lebens-qi.at\/qishop\/wp-json\/wp\/v2\/media?parent=2744"}],"wp:term":[{"taxonomy":"pwb-brand","embeddable":true,"href":"https:\/\/www.lebens-qi.at\/qishop\/wp-json\/wp\/v2\/pwb-brand?post=2744"},{"taxonomy":"product_brand","embeddable":true,"href":"https:\/\/www.lebens-qi.at\/qishop\/wp-json\/wp\/v2\/product_brand?post=2744"},{"taxonomy":"product_cat","embeddable":true,"href":"https:\/\/www.lebens-qi.at\/qishop\/wp-json\/wp\/v2\/product_cat?post=2744"},{"taxonomy":"product_tag","embeddable":true,"href":"https:\/\/www.lebens-qi.at\/qishop\/wp-json\/wp\/v2\/product_tag?post=2744"}],"curies":[{"name":"wp","href":"https:\/\/api.w.org\/{rel}","templated":true}]}}