{"id":2762,"date":"2024-02-21T19:47:42","date_gmt":"2024-02-21T18:47:42","guid":{"rendered":"https:\/\/www.lebens-qi.at\/qishop\/produkt\/raeucherstoevchen-shrila-speckstein\/"},"modified":"2024-12-13T12:53:05","modified_gmt":"2024-12-13T11:53:05","slug":"raeucherstoevchen-shrila-speckstein","status":"publish","type":"product","link":"https:\/\/www.lebens-qi.at\/qishop\/produkt\/raeucherstoevchen-shrila-speckstein\/","title":{"rendered":"R\u00e4ucherst\u00f6vchen &quot;Shrila&quot; Speckstein"},"content":{"rendered":"<p><b>R\u00e4uchergef\u00e4\u00df aus Speckstein<br \/><\/b>rot gef\u00e4rbt im Mandala-Design<br \/>Sie ben\u00f6tigen keine Holzkohle, ein Teelicht gen\u00fcgt, um die R\u00e4ucherwaren zu erw\u00e4rmen und ihren Duft entfalten zu lassen.<\/p>\n<p>Gr\u00f6\u00dfe: ca. 7,5 x 7,5 cm<br \/>Material: Speckstein, Sieb Edelstahl<br \/>Lieferumfang: St\u00f6vchen und Sieb<\/p>\n<p><em><b>Hinweis:<\/b> Da es sich bei Speckstein um ein Naturprodukt handelt, kann es Abweichungen in Farbe und Maserung geben!<\/em><\/p>\n<p><em><b>Praktischer Hinweis: <\/b>Diese Art des R\u00e4ucherns ist an die Aromatherapie angelehnt und sanfter als das R\u00e4uchern mit Kohle. Allerdings sind St\u00f6vchen eher zum station\u00e4ren Gebrauch geeignet, zum Ausr\u00e4uchern&#8220; empfehlen wir Ihnen R\u00e4ucherschalen mit Griff oder Schwenkgef\u00e4\u00dfe.<\/em>&#8222;<\/p>\n","protected":false},"excerpt":{"rendered":"<p>rot mit Mandala-Muster<\/p>\n","protected":false},"featured_media":2761,"comment_status":"open","ping_status":"closed","template":"","meta":{"_links_to":"","_links_to_target":""},"pwb-brand":[617],"product_brand":[],"product_cat":[603],"product_tag":[608,466,607,592,604],"class_list":{"0":"post-2762","1":"product","2":"type-product","3":"status-publish","4":"has-post-thumbnail","6":"pwb-brand-yantra","7":"product_cat-raeucherstoevchen","8":"product_tag-raeucherlampe","9":"product_tag-raeuchern","10":"product_tag-siebgefaess","11":"product_tag-speckstein","12":"product_tag-stoevchen","14":"first","15":"instock","16":"taxable","17":"shipping-taxable","18":"purchasable","19":"product-type-simple"},"blog_post_layout_featured_media_urls":{"thumbnail":["https:\/\/www.lebens-qi.at\/qishop\/wp-content\/uploads\/rg-70-150x150.jpg",150,150,true],"full":["https:\/\/www.lebens-qi.at\/qishop\/wp-content\/uploads\/rg-70.jpg",600,600,false]},"categories":["617"],"categories_names":{"617":{"name":"Yantra","link":"https:\/\/www.lebens-qi.at\/qishop\/brand\/yantra\/"}},"comments_number":"0","brands":[{"id":617,"name":"Yantra","slug":"yantra"}],"_links":{"self":[{"href":"https:\/\/www.lebens-qi.at\/qishop\/wp-json\/wp\/v2\/product\/2762","targetHints":{"allow":["GET"]}}],"collection":[{"href":"https:\/\/www.lebens-qi.at\/qishop\/wp-json\/wp\/v2\/product"}],"about":[{"href":"https:\/\/www.lebens-qi.at\/qishop\/wp-json\/wp\/v2\/types\/product"}],"replies":[{"embeddable":true,"href":"https:\/\/www.lebens-qi.at\/qishop\/wp-json\/wp\/v2\/comments?post=2762"}],"wp:featuredmedia":[{"embeddable":true,"href":"https:\/\/www.lebens-qi.at\/qishop\/wp-json\/wp\/v2\/media\/2761"}],"wp:attachment":[{"href":"https:\/\/www.lebens-qi.at\/qishop\/wp-json\/wp\/v2\/media?parent=2762"}],"wp:term":[{"taxonomy":"pwb-brand","embeddable":true,"href":"https:\/\/www.lebens-qi.at\/qishop\/wp-json\/wp\/v2\/pwb-brand?post=2762"},{"taxonomy":"product_brand","embeddable":true,"href":"https:\/\/www.lebens-qi.at\/qishop\/wp-json\/wp\/v2\/product_brand?post=2762"},{"taxonomy":"product_cat","embeddable":true,"href":"https:\/\/www.lebens-qi.at\/qishop\/wp-json\/wp\/v2\/product_cat?post=2762"},{"taxonomy":"product_tag","embeddable":true,"href":"https:\/\/www.lebens-qi.at\/qishop\/wp-json\/wp\/v2\/product_tag?post=2762"}],"curies":[{"name":"wp","href":"https:\/\/api.w.org\/{rel}","templated":true}]}}