{"id":2832,"date":"2024-02-29T15:55:17","date_gmt":"2024-02-29T14:55:17","guid":{"rendered":"https:\/\/www.lebens-qi.at\/qishop\/?post_type=product&#038;p=2832"},"modified":"2025-04-23T18:29:12","modified_gmt":"2025-04-23T16:29:12","slug":"beltane-raeuchermischung","status":"publish","type":"product","link":"https:\/\/www.lebens-qi.at\/qishop\/produkt\/beltane-raeuchermischung\/","title":{"rendered":"Beltane &#8211; R\u00e4uchermischung"},"content":{"rendered":"<p><b>BELTANE<br \/>\nWalpurgisnacht, Maifeiern, Pfingsten<\/b><\/p>\n<p>Die R\u00e4uchermischung zur Begleitung der Jahreskreisfeste im Wonnemonat Mai<br \/>\nmit 100% nat\u00fcrlichen Bestandteilen und <b>Agnihotra-Asche<\/b><\/p>\n<p>Die R\u00e4uchermischung BELTANE besteht aus verf\u00fchrerisch, sinnlichen R\u00e4ucherstoffen passend zum Thema. Sie kann auch zu anderen Jahreszeiten verwendet werden, wenn wir <b> Lebendigkeit, Lebenslust &amp; Sinnlichkeit<\/b> sp\u00fcren wollen, das Leben feiern und genie\u00dfen m\u00f6chten.<\/p>\n<p><b>Inhaltsstoffe:<\/b><br \/>\nStyrax, diverse Bl\u00fcten, Moschusk\u00f6rner, Kubebenpfeffer, weitere R\u00e4ucherstoffe &amp; Agnihotra-Asche<\/p>\n<p>Eigene Rezeptur, in liebevoller Handarbeit im Lebens-Qi zubereitet und im 60 ml Glas abgef\u00fcllt.<\/p>\n<p><b>Sie haben bereits ein leeres Glas? <\/b><br \/>\nDann bestellen Sie das R\u00e4ucherwerk im Papier-Nachf\u00fcllpack und sparen Sie \u20ac 1,40<br \/>\nBitte beachten Sie, dass diese Verpackung nur zur kurzfristigen Lagerung geeignet ist.<\/p>\n<p><b>Wie werden die R\u00e4uchermischungen verwendet?<br \/>\n<em>R\u00e4uchern mit Kohle:<\/em><\/b><br \/>\nBei dieser Methode entsteht sehr viel Rauch. Sie ben\u00f6tigen eine feuerfeste\/hitzebest\u00e4ndige Schale, R\u00e4ucherkohle und Sand. Die Schale mit Sand f\u00fcllen, Kohletablette an einer Kerzenflamme mithilfe einer R\u00e4ucherzange entz\u00fcnden. Hochkant in den Sand stecken und warten, bis die Kohle durchgez\u00fcndet hat, danach umlegen. Sobald der Rand der Kohle eine wei\u00dfe Aschenschicht hat, kann eine kleine Menge R\u00e4ucherwerk auf die Kohle gelegt werden. Sofort steigen gro\u00dfe Rauchmengen auf. Daher sollten Sie unbedingt nach dem R\u00e4uchern gut l\u00fcften.<br \/>\n<em><b>R\u00e4uchern mit St\u00f6vchen:<\/b><\/em><br \/>\nDies ist eine wesentlich sanftere Methode des R\u00e4ucherns. Sie ben\u00f6tigen ein St\u00f6vchen mit feinmaschigem Sieb\/Gitter und ein Teelicht. Das Teelicht entz\u00fcnden, in das St\u00f6vchen stellen und etwas R\u00e4ucherwerk auf das Sieb streuen, fertig. Es entsteht viel weniger Rauch als bei der Verwendung von Kohle. Achtung: Die St\u00f6vchen werden gew\u00f6hnlich sehr hei\u00df, daher sind sie weniger gut zum &#8222;Ausr\u00e4uchern&#8220; geeignet, wenn man von einem Raum zum n\u00e4chsten gehen m\u00f6chte. St\u00f6vchen sind perfekt zur lokalen Nutzung anstelle von R\u00e4ucherst\u00e4bchen.<\/p>\n<p><b>Bei Fragen zum Thema R\u00e4uchern k\u00f6nnen Sie sich gerne an uns wenden: <\/b>shop[at]lebens-qi.at &#8211; R\u00e4ucherworkshops werden regelm\u00e4\u00dfig im LEBENS-QI angeboten.<\/p>\n","protected":false},"excerpt":{"rendered":"<p>Lebendigkeit, Lebenslust &amp; Sinnlichkeit<\/p>\n","protected":false},"featured_media":14317,"comment_status":"open","ping_status":"closed","template":"","meta":{"_links_to":"","_links_to_target":""},"pwb-brand":[469],"product_brand":[],"product_cat":[1466,620],"product_tag":[775,635,621,200,636,467,466,637,638],"class_list":{"0":"post-2832","1":"product","2":"type-product","3":"status-publish","4":"has-post-thumbnail","6":"pwb-brand-lebens-qi-incense","7":"product_cat-agnihotra","8":"product_cat-raeuchern-im-jahreskreis","9":"product_tag-agnihotra","10":"product_tag-beltane","11":"product_tag-jahreskreis","12":"product_tag-lebens-qi","13":"product_tag-lebenslust","14":"product_tag-raeuchermischung","15":"product_tag-raeuchern","16":"product_tag-sinnlichkeit","17":"product_tag-walpurgisnacht","19":"first","20":"instock","21":"taxable","22":"shipping-taxable","23":"purchasable","24":"product-type-variable"},"blog_post_layout_featured_media_urls":{"thumbnail":["https:\/\/www.lebens-qi.at\/qishop\/wp-content\/uploads\/BeltaneGlas-voll-150x150.png",150,150,true],"full":["https:\/\/www.lebens-qi.at\/qishop\/wp-content\/uploads\/BeltaneGlas-voll.png",500,500,false]},"categories":["469"],"categories_names":{"469":{"name":"LEBENS-QI Incense","link":"https:\/\/www.lebens-qi.at\/qishop\/brand\/lebens-qi-incense\/"}},"comments_number":"0","brands":[{"id":469,"name":"LEBENS-QI Incense","slug":"lebens-qi-incense"}],"_links":{"self":[{"href":"https:\/\/www.lebens-qi.at\/qishop\/wp-json\/wp\/v2\/product\/2832","targetHints":{"allow":["GET"]}}],"collection":[{"href":"https:\/\/www.lebens-qi.at\/qishop\/wp-json\/wp\/v2\/product"}],"about":[{"href":"https:\/\/www.lebens-qi.at\/qishop\/wp-json\/wp\/v2\/types\/product"}],"replies":[{"embeddable":true,"href":"https:\/\/www.lebens-qi.at\/qishop\/wp-json\/wp\/v2\/comments?post=2832"}],"wp:featuredmedia":[{"embeddable":true,"href":"https:\/\/www.lebens-qi.at\/qishop\/wp-json\/wp\/v2\/media\/14317"}],"wp:attachment":[{"href":"https:\/\/www.lebens-qi.at\/qishop\/wp-json\/wp\/v2\/media?parent=2832"}],"wp:term":[{"taxonomy":"pwb-brand","embeddable":true,"href":"https:\/\/www.lebens-qi.at\/qishop\/wp-json\/wp\/v2\/pwb-brand?post=2832"},{"taxonomy":"product_brand","embeddable":true,"href":"https:\/\/www.lebens-qi.at\/qishop\/wp-json\/wp\/v2\/product_brand?post=2832"},{"taxonomy":"product_cat","embeddable":true,"href":"https:\/\/www.lebens-qi.at\/qishop\/wp-json\/wp\/v2\/product_cat?post=2832"},{"taxonomy":"product_tag","embeddable":true,"href":"https:\/\/www.lebens-qi.at\/qishop\/wp-json\/wp\/v2\/product_tag?post=2832"}],"curies":[{"name":"wp","href":"https:\/\/api.w.org\/{rel}","templated":true}]}}