{"id":2875,"date":"2024-02-29T16:14:59","date_gmt":"2024-02-29T15:14:59","guid":{"rendered":"https:\/\/www.lebens-qi.at\/qishop\/?post_type=product&#038;p=2875"},"modified":"2025-09-26T10:43:23","modified_gmt":"2025-09-26T08:43:23","slug":"der-duft-des-waldes","status":"publish","type":"product","link":"https:\/\/www.lebens-qi.at\/qishop\/produkt\/der-duft-des-waldes\/","title":{"rendered":"Waldweihrauch &#8211; R\u00e4uchermischung"},"content":{"rendered":"<p><b>Waldweihrauch<\/b><br \/>\nder Duft des Waldes<\/p>\n<p>Fichte &amp; Zeder &#8211; vereint mit Weihrauch, Wacholder und Waldmeister. Diese R\u00e4uchermischung bringt den Duft der Nadeln und des Harzes in unser Zuhause. Eine kl\u00e4rende, kr\u00e4ftigende R\u00e4uchermischung mit segnender Note.<\/p>\n<p>Inhaltsstoffe:<br \/>\nWeihrauch, Fichte, Zeder, Wacholder, Waldmeister<\/p>\n<p>Eigene Rezeptur, in liebevoller Handarbeit im Lebens-Qi zubereitet und im 60 ml Glas abgef\u00fcllt.<\/p>\n<p><b>Sie haben bereits ein leeres Glas? <\/b><br \/>\nDann bestellen Sie das R\u00e4ucherwerk im Papier-Nachf\u00fcllpack und sparen Sie \u20ac 1,40<br \/>\nBitte beachten Sie, dass diese Verpackung nur zur kurzfristigen Lagerung geeignet ist.<\/p>\n<p><b>Wie werden die R\u00e4uchermischungen verwendet?<br \/>\n<em>R\u00e4uchern mit Kohle:<br \/>\n<\/em><\/b>Bei dieser Methode entsteht sehr viel Rauch. Sie ben\u00f6tigen eine feuerfeste\/hitzebest\u00e4ndige Schale, R\u00e4ucherkohle und Sand. Die Schale mit Sand f\u00fcllen, Kohletablette an einer Kerzenflamme mithilfe einer R\u00e4ucherzange entz\u00fcnden. Hochkant in den Sand stecken und warten, bis die Kohle durchgez\u00fcndet hat, danach umlegen. Sobald der Rand der Kohle eine wei\u00dfe Aschenschicht hat, kann eine kleine Menge R\u00e4ucherwerk auf die Kohle gelegt werden. Sofort steigen gro\u00dfe Rauchmengen auf. Daher sollten Sie unbedingt nach dem R\u00e4uchern gut l\u00fcften.<br \/>\n<b><em>R\u00e4uchern mit St\u00f6vchen:<\/em><br \/>\n<\/b>Dies ist eine wesentlich sanftere Methode des R\u00e4ucherns. Sie ben\u00f6tigen ein St\u00f6vchen mit feinmaschigem Sieb\/Gitter und ein Teelicht. Das Teelicht entz\u00fcnden, in das St\u00f6vchen stellen und etwas R\u00e4ucherwerk auf das Sieb streuen, fertig. Es entsteht viel weniger Rauch als bei der Verwendung von Kohle. Achtung: Die St\u00f6vchen werden gew\u00f6hnlich sehr hei\u00df, daher sind sie weniger gut zum &#8222;Ausr\u00e4uchern&#8220; geeignet, wenn man von einem Raum zum n\u00e4chsten gehen m\u00f6chte. St\u00f6vchen sind perfekt zur lokalen Nutzung anstelle von R\u00e4ucherst\u00e4bchen.<\/p>\n<p><b>Bei Fragen zum Thema R\u00e4uchern k\u00f6nnen Sie sich gerne an uns wenden: <\/b>shop[at]lebens-qi.at &#8211; R\u00e4ucherworkshops werden regelm\u00e4\u00dfig im LEBENS-QI angeboten.<\/p>\n<p><b><a href=\"http:\/\/www.lebens-qi.at\/de\/favorites\" target=\"_blank\" rel=\"noopener\">#lebensqifavorites<\/a><\/b><br \/>\nGabi ist seit vielen Jahren unsere Stammkundin. Daf\u00fcr m\u00f6chten wir an dieser Stelle ein herzliches Dankesch\u00f6n sagen. Auf die Frage, welches ihr Lieblingsprodukt sei, kam spontan die Antwort: \u201eIch darf nur eines sagen? Ich mag so viele Sachen bei euch!\u201c<\/p>\n<p>F\u00fcr ihr erstes Favorites Posting hat sich Gabi dann f\u00fcr unseren Waldweihrauch entschieden:<br \/>\n\u201eIch liebe ja generell eure R\u00e4uchermischungen. Sie sind einfach besonders! Die Zusammensetzung ist immer genial abgestimmt, das kannte ich von anderen Herstellern so nicht. Man sp\u00fcrt einfach, mit welcher Liebe eure R\u00e4ucherungen hergestellt werden und diese Energie ist dann auch in der Mischung. Mittlerweile habe ich fast alle Sorten zu Hause, aber ganz besonders gerne verwende ich den Waldweihrauch. Der darf bei mir so gut wie t\u00e4glich rauchen und verbreitet einen feinen, waldigen Duft. Inspiriert vom Waldweihrauch verwende ich dann auch sehr gerne das von Angela selbst liebevoll erdachte und hergestellte Kartenset \u201eLust auf Rauch\u201c! Es lassen sich mit den Karten selbst wunderbare Kr\u00e4utermandalas legen, die sehr stark wirken! Alles Liebe von der Hexe!\u201c<\/p>\n","protected":false},"excerpt":{"rendered":"<p>der Duft des Waldes<\/p>\n","protected":false},"featured_media":14484,"comment_status":"open","ping_status":"closed","template":"","meta":{"_links_to":"","_links_to_target":""},"pwb-brand":[469],"product_brand":[],"product_cat":[3021,653],"product_tag":[387,200,189,467,466,391,2289,403,654,399],"class_list":{"0":"post-2875","1":"product","2":"type-product","3":"status-publish","4":"has-post-thumbnail","6":"pwb-brand-lebens-qi-incense","7":"product_cat-rauhnaechte-jahreswechsel","8":"product_cat-winter-incense","9":"product_tag-fichte","10":"product_tag-lebens-qi","11":"product_tag-lebensqifavorites","12":"product_tag-raeuchermischung","13":"product_tag-raeuchern","14":"product_tag-wacholderbeeren","15":"product_tag-waldmeister","16":"product_tag-weihrauch","17":"product_tag-winter","18":"product_tag-zeder","20":"first","21":"instock","22":"taxable","23":"shipping-taxable","24":"purchasable","25":"product-type-variable"},"blog_post_layout_featured_media_urls":{"thumbnail":["https:\/\/www.lebens-qi.at\/qishop\/wp-content\/uploads\/Glas-waldweihrauch-150x150.png",150,150,true],"full":["https:\/\/www.lebens-qi.at\/qishop\/wp-content\/uploads\/Glas-waldweihrauch.png",500,500,false]},"categories":["469"],"categories_names":{"469":{"name":"LEBENS-QI Incense","link":"https:\/\/www.lebens-qi.at\/qishop\/brand\/lebens-qi-incense\/"}},"comments_number":"0","brands":[{"id":469,"name":"LEBENS-QI Incense","slug":"lebens-qi-incense"}],"_links":{"self":[{"href":"https:\/\/www.lebens-qi.at\/qishop\/wp-json\/wp\/v2\/product\/2875","targetHints":{"allow":["GET"]}}],"collection":[{"href":"https:\/\/www.lebens-qi.at\/qishop\/wp-json\/wp\/v2\/product"}],"about":[{"href":"https:\/\/www.lebens-qi.at\/qishop\/wp-json\/wp\/v2\/types\/product"}],"replies":[{"embeddable":true,"href":"https:\/\/www.lebens-qi.at\/qishop\/wp-json\/wp\/v2\/comments?post=2875"}],"wp:featuredmedia":[{"embeddable":true,"href":"https:\/\/www.lebens-qi.at\/qishop\/wp-json\/wp\/v2\/media\/14484"}],"wp:attachment":[{"href":"https:\/\/www.lebens-qi.at\/qishop\/wp-json\/wp\/v2\/media?parent=2875"}],"wp:term":[{"taxonomy":"pwb-brand","embeddable":true,"href":"https:\/\/www.lebens-qi.at\/qishop\/wp-json\/wp\/v2\/pwb-brand?post=2875"},{"taxonomy":"product_brand","embeddable":true,"href":"https:\/\/www.lebens-qi.at\/qishop\/wp-json\/wp\/v2\/product_brand?post=2875"},{"taxonomy":"product_cat","embeddable":true,"href":"https:\/\/www.lebens-qi.at\/qishop\/wp-json\/wp\/v2\/product_cat?post=2875"},{"taxonomy":"product_tag","embeddable":true,"href":"https:\/\/www.lebens-qi.at\/qishop\/wp-json\/wp\/v2\/product_tag?post=2875"}],"curies":[{"name":"wp","href":"https:\/\/api.w.org\/{rel}","templated":true}]}}