{"id":2917,"date":"2024-02-29T19:01:10","date_gmt":"2024-02-29T18:01:10","guid":{"rendered":"https:\/\/www.lebens-qi.at\/qishop\/?post_type=product&#038;p=2917"},"modified":"2025-09-26T10:42:05","modified_gmt":"2025-09-26T08:42:05","slug":"benzoe-siam-harz","status":"publish","type":"product","link":"https:\/\/www.lebens-qi.at\/qishop\/produkt\/benzoe-siam-harz\/","title":{"rendered":"Benzoe Siam &#8211; Harz"},"content":{"rendered":"<p><b>Benzoe Siam <\/b>Mandeln zerkleinert (Styrax benzoin)<\/p>\n<p><b>Z\u00e4rtlichkeit:<\/b><br \/>\nMit seinem s\u00fc\u00dflichen, fast vanille-artigen Duft ist Benzoe Siam eine wunderbare Zutat f\u00fcr R\u00e4uchermischungen f\u00fcr kuschelige, romantische und sinnliche Stunden. Entspannt und bringt Gem\u00fctlichkeit \u2013 perfekt als Abendr\u00e4ucherung.<\/p>\n<p><b>Inhalt: <\/b>60 ml (ca. 45 g)<\/p>\n<p><b>Sie haben bereits ein leeres Glas? <\/b><br \/>\nDann bestellen Sie das R\u00e4ucherwerk im Papier-Nachf\u00fcllpack und sparen Sie \u20ac 1,40<br \/>\nBitte beachten Sie, dass diese Verpackung nur zur kurzfristigen Lagerung geeignet ist.<\/p>\n<p><em><b>Hinweis:<\/b> Bei diesem Produkt handelt es sich um R\u00e4ucherwerk, kein Lebensmittel!<\/em><\/p>\n","protected":false},"excerpt":{"rendered":"<p>entspannend, beruhigend, \u00f6ffnend<\/p>\n","protected":false},"featured_media":15398,"comment_status":"open","ping_status":"closed","template":"","meta":{"_links_to":"","_links_to_target":""},"pwb-brand":[469],"product_brand":[],"product_cat":[660,665,3018],"product_tag":[1508,1693,535,669,200,658,656,466,159,637,657,1704],"class_list":{"0":"post-2917","1":"product","2":"type-product","3":"status-publish","4":"has-post-thumbnail","6":"pwb-brand-lebens-qi-incense","7":"product_cat-harze","8":"product_cat-lust-auf-rauch","9":"product_cat-weihnachten","10":"product_tag-benzoe","11":"product_tag-beruhigung","12":"product_tag-entspannung","13":"product_tag-harz","14":"product_tag-lebens-qi","15":"product_tag-lust-auf-rauch","16":"product_tag-pur","17":"product_tag-raeuchern","18":"product_tag-raeucherwerk","19":"product_tag-sinnlichkeit","20":"product_tag-sortenrein","21":"product_tag-zaertlichkeit","23":"first","24":"instock","25":"taxable","26":"shipping-taxable","27":"purchasable","28":"product-type-variable"},"blog_post_layout_featured_media_urls":{"thumbnail":["https:\/\/www.lebens-qi.at\/qishop\/wp-content\/uploads\/benzoe-Inhalt-150x150.png",150,150,true],"full":["https:\/\/www.lebens-qi.at\/qishop\/wp-content\/uploads\/benzoe-Inhalt.png",500,500,false]},"categories":["469"],"categories_names":{"469":{"name":"LEBENS-QI Incense","link":"https:\/\/www.lebens-qi.at\/qishop\/brand\/lebens-qi-incense\/"}},"comments_number":"0","brands":[{"id":469,"name":"LEBENS-QI Incense","slug":"lebens-qi-incense"}],"_links":{"self":[{"href":"https:\/\/www.lebens-qi.at\/qishop\/wp-json\/wp\/v2\/product\/2917","targetHints":{"allow":["GET"]}}],"collection":[{"href":"https:\/\/www.lebens-qi.at\/qishop\/wp-json\/wp\/v2\/product"}],"about":[{"href":"https:\/\/www.lebens-qi.at\/qishop\/wp-json\/wp\/v2\/types\/product"}],"replies":[{"embeddable":true,"href":"https:\/\/www.lebens-qi.at\/qishop\/wp-json\/wp\/v2\/comments?post=2917"}],"wp:featuredmedia":[{"embeddable":true,"href":"https:\/\/www.lebens-qi.at\/qishop\/wp-json\/wp\/v2\/media\/15398"}],"wp:attachment":[{"href":"https:\/\/www.lebens-qi.at\/qishop\/wp-json\/wp\/v2\/media?parent=2917"}],"wp:term":[{"taxonomy":"pwb-brand","embeddable":true,"href":"https:\/\/www.lebens-qi.at\/qishop\/wp-json\/wp\/v2\/pwb-brand?post=2917"},{"taxonomy":"product_brand","embeddable":true,"href":"https:\/\/www.lebens-qi.at\/qishop\/wp-json\/wp\/v2\/product_brand?post=2917"},{"taxonomy":"product_cat","embeddable":true,"href":"https:\/\/www.lebens-qi.at\/qishop\/wp-json\/wp\/v2\/product_cat?post=2917"},{"taxonomy":"product_tag","embeddable":true,"href":"https:\/\/www.lebens-qi.at\/qishop\/wp-json\/wp\/v2\/product_tag?post=2917"}],"curies":[{"name":"wp","href":"https:\/\/api.w.org\/{rel}","templated":true}]}}