{"id":2919,"date":"2024-02-29T19:01:11","date_gmt":"2024-02-29T18:01:11","guid":{"rendered":"https:\/\/www.lebens-qi.at\/qishop\/?post_type=product&#038;p=2919"},"modified":"2026-01-16T22:17:12","modified_gmt":"2026-01-16T21:17:12","slug":"birke-blaetter","status":"publish","type":"product","link":"https:\/\/www.lebens-qi.at\/qishop\/produkt\/birke-blaetter\/","title":{"rendered":"Birke &#8211; Bl\u00e4tter"},"content":{"rendered":"<p><b>Birkenbl\u00e4tter<\/b> (Betula)<\/p>\n<p><b>Leichtigkeit:<br \/>\n<\/b>Die Birke hat eine sehr helle, lichtvolle Energie. Beim R\u00e4uchern bringt Sie verspielte Leichtigkeit und frischen Schwung in unseren Alltag, in Projekte oder kreative Arbeiten. Durch die Verbindung zu G\u00f6ttin Brigid ein wichtiger Bestandteil von Fr\u00fchlingsr\u00e4ucherungen.<\/p>\n<p><b>Inhalt:<\/b> 60 ml (ca. 10 g)<\/p>\n<p><b>Sie haben bereits ein leeres Glas? <\/b><br \/>\nDann bestellen Sie das R\u00e4ucherwerk im Papier-Nachf\u00fcllpack und sparen Sie \u20ac 1,40<br \/>\nBitte beachten Sie, dass diese Verpackung nur zur kurzfristigen Lagerung geeignet ist.<\/p>\n<p><em><b>Hinweis:<\/b> Bei diesem Produkt handelt es sich um R\u00e4ucherwerk, kein Lebensmittel!<\/em><\/p>\n","protected":false},"excerpt":{"rendered":"<p>lebhaft, verspielt, leicht<\/p>\n","protected":false},"featured_media":14117,"comment_status":"open","ping_status":"closed","template":"","meta":{"_links_to":"","_links_to_target":""},"pwb-brand":[469],"product_brand":[],"product_cat":[3075,659,665],"product_tag":[1670,1706,200,633,658,656,466,159,657],"class_list":{"0":"post-2919","1":"product","2":"type-product","3":"status-publish","4":"has-post-thumbnail","6":"pwb-brand-lebens-qi-incense","7":"product_cat-imbolc-lichtmess-brigid","8":"product_cat-kraeuter-blaetter","9":"product_cat-lust-auf-rauch","10":"product_tag-birke","11":"product_tag-blaetter","12":"product_tag-lebens-qi","13":"product_tag-leichtigkeit","14":"product_tag-lust-auf-rauch","15":"product_tag-pur","16":"product_tag-raeuchern","17":"product_tag-raeucherwerk","18":"product_tag-sortenrein","20":"first","21":"instock","22":"taxable","23":"shipping-taxable","24":"purchasable","25":"product-type-variable"},"blog_post_layout_featured_media_urls":{"thumbnail":["https:\/\/www.lebens-qi.at\/qishop\/wp-content\/uploads\/birke-Inhalt-150x150.png",150,150,true],"full":["https:\/\/www.lebens-qi.at\/qishop\/wp-content\/uploads\/birke-Inhalt.png",500,500,false]},"categories":["469"],"categories_names":{"469":{"name":"LEBENS-QI Incense","link":"https:\/\/www.lebens-qi.at\/qishop\/brand\/lebens-qi-incense\/"}},"comments_number":"0","brands":[{"id":469,"name":"LEBENS-QI Incense","slug":"lebens-qi-incense"}],"_links":{"self":[{"href":"https:\/\/www.lebens-qi.at\/qishop\/wp-json\/wp\/v2\/product\/2919","targetHints":{"allow":["GET"]}}],"collection":[{"href":"https:\/\/www.lebens-qi.at\/qishop\/wp-json\/wp\/v2\/product"}],"about":[{"href":"https:\/\/www.lebens-qi.at\/qishop\/wp-json\/wp\/v2\/types\/product"}],"replies":[{"embeddable":true,"href":"https:\/\/www.lebens-qi.at\/qishop\/wp-json\/wp\/v2\/comments?post=2919"}],"wp:featuredmedia":[{"embeddable":true,"href":"https:\/\/www.lebens-qi.at\/qishop\/wp-json\/wp\/v2\/media\/14117"}],"wp:attachment":[{"href":"https:\/\/www.lebens-qi.at\/qishop\/wp-json\/wp\/v2\/media?parent=2919"}],"wp:term":[{"taxonomy":"pwb-brand","embeddable":true,"href":"https:\/\/www.lebens-qi.at\/qishop\/wp-json\/wp\/v2\/pwb-brand?post=2919"},{"taxonomy":"product_brand","embeddable":true,"href":"https:\/\/www.lebens-qi.at\/qishop\/wp-json\/wp\/v2\/product_brand?post=2919"},{"taxonomy":"product_cat","embeddable":true,"href":"https:\/\/www.lebens-qi.at\/qishop\/wp-json\/wp\/v2\/product_cat?post=2919"},{"taxonomy":"product_tag","embeddable":true,"href":"https:\/\/www.lebens-qi.at\/qishop\/wp-json\/wp\/v2\/product_tag?post=2919"}],"curies":[{"name":"wp","href":"https:\/\/api.w.org\/{rel}","templated":true}]}}