{"id":2920,"date":"2024-02-29T19:01:11","date_gmt":"2024-02-29T18:01:11","guid":{"rendered":"https:\/\/www.lebens-qi.at\/qishop\/?post_type=product&#038;p=2920"},"modified":"2025-12-14T17:03:14","modified_gmt":"2025-12-14T16:03:14","slug":"copal-schwarz-harz","status":"publish","type":"product","link":"https:\/\/www.lebens-qi.at\/qishop\/produkt\/copal-schwarz-harz\/","title":{"rendered":"Copal schwarz &#8211; Harz"},"content":{"rendered":"<p><b>Copal schwarz <\/b>(Copal Nero, Saumerio) wird je nach St\u00fcckgr\u00f6\u00dfe vor dem Abf\u00fcllen zerkleinert<\/p>\n<p><b>Loslassen:<\/b><br \/>\nSchwarzer Copal vertreibt negative Gedanken und dunkle mentale Energie. Unterst\u00fctzt Prozesse des Loslassens, ohne die damit verbundenen Gef\u00fchle zu unterdr\u00fccken oder zu verleugnen und ist dadurch ein Lichtbringer. Zieht Positives an!<\/p>\n<p><b>Inhalt:<\/b> 60 ml (ca. 40 g)<\/p>\n<p><b>Sie haben bereits ein leeres Glas? <\/b><br \/>\nDann bestellen Sie das R\u00e4ucherwerk im Papier-Nachf\u00fcllpack und sparen Sie \u20ac 1,40<br \/>\nBitte beachten Sie, dass diese Verpackung nur zur kurzfristigen Lagerung geeignet ist.<\/p>\n<p><em><b>Hinweis:<\/b> Bei diesem Produkt handelt es sich um R\u00e4ucherwerk, kein Lebensmittel!<\/em><\/p>\n","protected":false},"excerpt":{"rendered":"<p>revitalisierend, befreiend, sch\u00fctzend<\/p>\n","protected":false},"featured_media":17986,"comment_status":"open","ping_status":"closed","template":"","meta":{"_links_to":"","_links_to_target":""},"pwb-brand":[469],"product_brand":[],"product_cat":[660,665],"product_tag":[1705,669,200,1679,515,658,656,466,159,121,657],"class_list":{"0":"post-2920","1":"product","2":"type-product","3":"status-publish","4":"has-post-thumbnail","6":"pwb-brand-lebens-qi-incense","7":"product_cat-harze","8":"product_cat-lust-auf-rauch","9":"product_tag-copal","10":"product_tag-harz","11":"product_tag-lebens-qi","12":"product_tag-lichtbringer","13":"product_tag-loslassen","14":"product_tag-lust-auf-rauch","15":"product_tag-pur","16":"product_tag-raeuchern","17":"product_tag-raeucherwerk","18":"product_tag-schutz","19":"product_tag-sortenrein","21":"first","22":"instock","23":"taxable","24":"shipping-taxable","25":"purchasable","26":"product-type-variable"},"blog_post_layout_featured_media_urls":{"thumbnail":["https:\/\/www.lebens-qi.at\/qishop\/wp-content\/uploads\/Inhalt-copal-schwarz--150x150.png",150,150,true],"full":["https:\/\/www.lebens-qi.at\/qishop\/wp-content\/uploads\/Inhalt-copal-schwarz-.png",500,500,false]},"categories":["469"],"categories_names":{"469":{"name":"LEBENS-QI Incense","link":"https:\/\/www.lebens-qi.at\/qishop\/brand\/lebens-qi-incense\/"}},"comments_number":"0","brands":[{"id":469,"name":"LEBENS-QI Incense","slug":"lebens-qi-incense"}],"_links":{"self":[{"href":"https:\/\/www.lebens-qi.at\/qishop\/wp-json\/wp\/v2\/product\/2920","targetHints":{"allow":["GET"]}}],"collection":[{"href":"https:\/\/www.lebens-qi.at\/qishop\/wp-json\/wp\/v2\/product"}],"about":[{"href":"https:\/\/www.lebens-qi.at\/qishop\/wp-json\/wp\/v2\/types\/product"}],"replies":[{"embeddable":true,"href":"https:\/\/www.lebens-qi.at\/qishop\/wp-json\/wp\/v2\/comments?post=2920"}],"wp:featuredmedia":[{"embeddable":true,"href":"https:\/\/www.lebens-qi.at\/qishop\/wp-json\/wp\/v2\/media\/17986"}],"wp:attachment":[{"href":"https:\/\/www.lebens-qi.at\/qishop\/wp-json\/wp\/v2\/media?parent=2920"}],"wp:term":[{"taxonomy":"pwb-brand","embeddable":true,"href":"https:\/\/www.lebens-qi.at\/qishop\/wp-json\/wp\/v2\/pwb-brand?post=2920"},{"taxonomy":"product_brand","embeddable":true,"href":"https:\/\/www.lebens-qi.at\/qishop\/wp-json\/wp\/v2\/product_brand?post=2920"},{"taxonomy":"product_cat","embeddable":true,"href":"https:\/\/www.lebens-qi.at\/qishop\/wp-json\/wp\/v2\/product_cat?post=2920"},{"taxonomy":"product_tag","embeddable":true,"href":"https:\/\/www.lebens-qi.at\/qishop\/wp-json\/wp\/v2\/product_tag?post=2920"}],"curies":[{"name":"wp","href":"https:\/\/api.w.org\/{rel}","templated":true}]}}