{"id":2921,"date":"2024-02-29T19:01:11","date_gmt":"2024-02-29T18:01:11","guid":{"rendered":"https:\/\/www.lebens-qi.at\/qishop\/?post_type=product&#038;p=2921"},"modified":"2025-12-14T16:34:45","modified_gmt":"2025-12-14T15:34:45","slug":"copal-weiss-harz","status":"publish","type":"product","link":"https:\/\/www.lebens-qi.at\/qishop\/produkt\/copal-weiss-harz\/","title":{"rendered":"Copal wei\u00df &#8211; Harz"},"content":{"rendered":"<p><b>Copal wei\u00df <\/b>kleinst\u00fcckig<\/p>\n<p><b>Neubeginn:<\/b><br \/>\nWei\u00dfer Copal hat eine sehr helle, freundliche Energie. \u00d6ffnet den Geist f\u00fcr den Neubeginn, wirkt initiierend, gibt Hoffnung, Vertrauen und Zuversicht in neuen Situationen und unterst\u00fctzt positive Gedanken.<\/p>\n<p><b>Inhalt:<\/b> 60 ml (ca. 40 g)<\/p>\n<p><b>Sie haben bereits ein leeres Glas? <\/b><br \/>\nDann bestellen Sie das R\u00e4ucherwerk im Papier-Nachf\u00fcllpack und sparen Sie \u20ac 1,40<br \/>\nBitte beachten Sie, dass diese Verpackung nur zur kurzfristigen Lagerung geeignet ist.<\/p>\n<p><em><b>Hinweis:<\/b> Bei diesem Produkt handelt es sich um R\u00e4ucherwerk, kein Lebensmittel!<\/em><\/p>\n","protected":false},"excerpt":{"rendered":"<p>befreiend, l\u00f6send<\/p>\n","protected":false},"featured_media":17982,"comment_status":"open","ping_status":"closed","template":"","meta":{"_links_to":"","_links_to_target":""},"pwb-brand":[469],"product_brand":[],"product_cat":[660,665],"product_tag":[1705,669,1021,200,1679,658,550,656,466,159,657,1022,1703],"class_list":{"0":"post-2921","1":"product","2":"type-product","3":"status-publish","4":"has-post-thumbnail","6":"pwb-brand-lebens-qi-incense","7":"product_cat-harze","8":"product_cat-lust-auf-rauch","9":"product_tag-copal","10":"product_tag-harz","11":"product_tag-hoffnung","12":"product_tag-lebens-qi","13":"product_tag-lichtbringer","14":"product_tag-lust-auf-rauch","15":"product_tag-neubeginn","16":"product_tag-pur","17":"product_tag-raeuchern","18":"product_tag-raeucherwerk","19":"product_tag-sortenrein","20":"product_tag-vertrauen","21":"product_tag-zuversicht","23":"first","24":"instock","25":"taxable","26":"shipping-taxable","27":"purchasable","28":"product-type-variable"},"blog_post_layout_featured_media_urls":{"thumbnail":["https:\/\/www.lebens-qi.at\/qishop\/wp-content\/uploads\/Inhaltcopal-weiss-150x150.png",150,150,true],"full":["https:\/\/www.lebens-qi.at\/qishop\/wp-content\/uploads\/Inhaltcopal-weiss.png",500,500,false]},"categories":["469"],"categories_names":{"469":{"name":"LEBENS-QI Incense","link":"https:\/\/www.lebens-qi.at\/qishop\/brand\/lebens-qi-incense\/"}},"comments_number":"0","brands":[{"id":469,"name":"LEBENS-QI Incense","slug":"lebens-qi-incense"}],"_links":{"self":[{"href":"https:\/\/www.lebens-qi.at\/qishop\/wp-json\/wp\/v2\/product\/2921","targetHints":{"allow":["GET"]}}],"collection":[{"href":"https:\/\/www.lebens-qi.at\/qishop\/wp-json\/wp\/v2\/product"}],"about":[{"href":"https:\/\/www.lebens-qi.at\/qishop\/wp-json\/wp\/v2\/types\/product"}],"replies":[{"embeddable":true,"href":"https:\/\/www.lebens-qi.at\/qishop\/wp-json\/wp\/v2\/comments?post=2921"}],"wp:featuredmedia":[{"embeddable":true,"href":"https:\/\/www.lebens-qi.at\/qishop\/wp-json\/wp\/v2\/media\/17982"}],"wp:attachment":[{"href":"https:\/\/www.lebens-qi.at\/qishop\/wp-json\/wp\/v2\/media?parent=2921"}],"wp:term":[{"taxonomy":"pwb-brand","embeddable":true,"href":"https:\/\/www.lebens-qi.at\/qishop\/wp-json\/wp\/v2\/pwb-brand?post=2921"},{"taxonomy":"product_brand","embeddable":true,"href":"https:\/\/www.lebens-qi.at\/qishop\/wp-json\/wp\/v2\/product_brand?post=2921"},{"taxonomy":"product_cat","embeddable":true,"href":"https:\/\/www.lebens-qi.at\/qishop\/wp-json\/wp\/v2\/product_cat?post=2921"},{"taxonomy":"product_tag","embeddable":true,"href":"https:\/\/www.lebens-qi.at\/qishop\/wp-json\/wp\/v2\/product_tag?post=2921"}],"curies":[{"name":"wp","href":"https:\/\/api.w.org\/{rel}","templated":true}]}}