{"id":2939,"date":"2024-02-29T19:01:36","date_gmt":"2024-02-29T18:01:36","guid":{"rendered":"https:\/\/www.lebens-qi.at\/qishop\/?post_type=product&#038;p=2939"},"modified":"2026-02-25T20:14:19","modified_gmt":"2026-02-25T19:14:19","slug":"drachenblut-harz","status":"publish","type":"product","link":"https:\/\/www.lebens-qi.at\/qishop\/produkt\/drachenblut-harz\/","title":{"rendered":"Drachenblut &#8211; Harz"},"content":{"rendered":"<p><b>Drachenblut <\/b>Harzpulver (Resina draconis)<\/p>\n<p><b>Exorzismus:<\/b><br \/>\nVertreibt negative Energien und ist einer der st\u00e4rksten feinstofflichen Reiniger. Aufgrund seiner Macht ist Drachenblut mit Vorsicht zu verwenden, da es pur ger\u00e4uchert eine sehr heftige Wirkung entfaltet. In Mischungen gibt es Kraft und Schutz, Zutat f\u00fcr magische Rituale.<\/p>\n<p>Bitte das Glas immer gut verschlossen halten, da das Pulver sonst Feuchtigkeit ziehen und hart werden kann.<\/p>\n<p><b>Inhalt:<\/b> 60 ml (ca. 35 g)<\/p>\n<p><b>Sie haben bereits ein leeres Glas? <\/b><br \/>\nDann bestellen Sie das R\u00e4ucherwerk im Papier-Nachf\u00fcllpack und sparen Sie \u20ac 1,40<br \/>\nBitte beachten Sie, dass diese Verpackung nur zur kurzfristigen Lagerung geeignet ist.<\/p>\n<p><em><b>Hinweis:<\/b> Bei diesem Produkt handelt es sich um R\u00e4ucherwerk, kein Lebensmittel!<\/em><\/p>\n","protected":false},"excerpt":{"rendered":"<p>herb-w\u00fcrzig, reinigend<\/p>\n","protected":false},"featured_media":15414,"comment_status":"open","ping_status":"closed","template":"","meta":{"_links_to":"","_links_to_target":""},"pwb-brand":[469],"product_brand":[],"product_cat":[660,665],"product_tag":[726,1677,200,658,1159,656,466,159,180,1468,657],"class_list":{"0":"post-2939","1":"product","2":"type-product","3":"status-publish","4":"has-post-thumbnail","6":"pwb-brand-lebens-qi-incense","7":"product_cat-harze","8":"product_cat-lust-auf-rauch","9":"product_tag-drachenblut","10":"product_tag-exorzismus","11":"product_tag-lebens-qi","12":"product_tag-lust-auf-rauch","13":"product_tag-magie","14":"product_tag-pur","15":"product_tag-raeuchern","16":"product_tag-raeucherwerk","17":"product_tag-reinigung","18":"product_tag-ritual","19":"product_tag-sortenrein","21":"first","22":"instock","23":"taxable","24":"shipping-taxable","25":"purchasable","26":"product-type-variable"},"blog_post_layout_featured_media_urls":{"thumbnail":["https:\/\/www.lebens-qi.at\/qishop\/wp-content\/uploads\/drachenblut-Inhalt-150x150.png",150,150,true],"full":["https:\/\/www.lebens-qi.at\/qishop\/wp-content\/uploads\/drachenblut-Inhalt.png",500,500,false]},"categories":["469"],"categories_names":{"469":{"name":"LEBENS-QI Incense","link":"https:\/\/www.lebens-qi.at\/qishop\/brand\/lebens-qi-incense\/"}},"comments_number":"0","brands":[{"id":469,"name":"LEBENS-QI Incense","slug":"lebens-qi-incense"}],"_links":{"self":[{"href":"https:\/\/www.lebens-qi.at\/qishop\/wp-json\/wp\/v2\/product\/2939","targetHints":{"allow":["GET"]}}],"collection":[{"href":"https:\/\/www.lebens-qi.at\/qishop\/wp-json\/wp\/v2\/product"}],"about":[{"href":"https:\/\/www.lebens-qi.at\/qishop\/wp-json\/wp\/v2\/types\/product"}],"replies":[{"embeddable":true,"href":"https:\/\/www.lebens-qi.at\/qishop\/wp-json\/wp\/v2\/comments?post=2939"}],"wp:featuredmedia":[{"embeddable":true,"href":"https:\/\/www.lebens-qi.at\/qishop\/wp-json\/wp\/v2\/media\/15414"}],"wp:attachment":[{"href":"https:\/\/www.lebens-qi.at\/qishop\/wp-json\/wp\/v2\/media?parent=2939"}],"wp:term":[{"taxonomy":"pwb-brand","embeddable":true,"href":"https:\/\/www.lebens-qi.at\/qishop\/wp-json\/wp\/v2\/pwb-brand?post=2939"},{"taxonomy":"product_brand","embeddable":true,"href":"https:\/\/www.lebens-qi.at\/qishop\/wp-json\/wp\/v2\/product_brand?post=2939"},{"taxonomy":"product_cat","embeddable":true,"href":"https:\/\/www.lebens-qi.at\/qishop\/wp-json\/wp\/v2\/product_cat?post=2939"},{"taxonomy":"product_tag","embeddable":true,"href":"https:\/\/www.lebens-qi.at\/qishop\/wp-json\/wp\/v2\/product_tag?post=2939"}],"curies":[{"name":"wp","href":"https:\/\/api.w.org\/{rel}","templated":true}]}}