{"id":2988,"date":"2024-02-29T19:02:25","date_gmt":"2024-02-29T18:02:25","guid":{"rendered":"https:\/\/www.lebens-qi.at\/qishop\/?post_type=product&#038;p=2988"},"modified":"2025-05-05T12:28:30","modified_gmt":"2025-05-05T10:28:30","slug":"immortelle-blueten","status":"publish","type":"product","link":"https:\/\/www.lebens-qi.at\/qishop\/produkt\/immortelle-blueten\/","title":{"rendered":"Immortelle &#8211; Bl\u00fcten"},"content":{"rendered":"<p><b>Immortellebl\u00fcten<\/b> Currykraut (Helichrysum italicum)<\/p>\n<p><b>F\u00fclle:<\/b>Currykraut steht f\u00fcr Reichtum, F\u00fclle und \u00dcberfluss. Seine gold- gelbe Energie erdet, hilft Neues zu materialisieren und Erfolg anzuziehen. W\u00fcrzig-kr\u00e4ftiger Duft der hilft, die richtige Entscheidung zu treffen.<\/p>\n<p><b>Inhalt:<\/b> 60 ml (ca. 2 g)<\/p>\n<p><b>Sie haben bereits ein leeres Glas? <\/b><br \/>\nDann bestellen Sie das R\u00e4ucherwerk im Papier-Nachf\u00fcllpack und sparen Sie \u20ac 1,40<br \/>\nBitte beachten Sie, dass diese Verpackung nur zur kurzfristigen Lagerung geeignet ist.<\/p>\n<p><em><b>Hinweis:<\/b> Bei diesem Produkt handelt es sich um R\u00e4ucherwerk, kein Lebensmittel!<\/em><\/p>\n","protected":false},"excerpt":{"rendered":"<p>\u00fcppig, w\u00fcrzig<\/p>\n","protected":false},"featured_media":14638,"comment_status":"open","ping_status":"closed","template":"","meta":{"_links_to":"","_links_to_target":""},"pwb-brand":[469],"product_brand":[],"product_cat":[664,665],"product_tag":[1645,394,649,393,200,658,1377,656,466,159,1268,657,1267],"class_list":{"0":"post-2988","1":"product","2":"type-product","3":"status-publish","4":"has-post-thumbnail","6":"pwb-brand-lebens-qi-incense","7":"product_cat-blueten","8":"product_cat-lust-auf-rauch","9":"product_tag-blueten","10":"product_tag-currykraut","11":"product_tag-fuelle","12":"product_tag-immortelle","13":"product_tag-lebens-qi","14":"product_tag-lust-auf-rauch","15":"product_tag-manifestation","16":"product_tag-pur","17":"product_tag-raeuchern","18":"product_tag-raeucherwerk","19":"product_tag-reichtum","20":"product_tag-sortenrein","21":"product_tag-wohlstand","22":"pa_herkunft-oesterreich","24":"first","25":"instock","26":"taxable","27":"shipping-taxable","28":"purchasable","29":"product-type-variable"},"blog_post_layout_featured_media_urls":{"thumbnail":["https:\/\/www.lebens-qi.at\/qishop\/wp-content\/uploads\/immortelle-Inhalt-150x150.png",150,150,true],"full":["https:\/\/www.lebens-qi.at\/qishop\/wp-content\/uploads\/immortelle-Inhalt.png",500,500,false]},"categories":["469"],"categories_names":{"469":{"name":"LEBENS-QI Incense","link":"https:\/\/www.lebens-qi.at\/qishop\/brand\/lebens-qi-incense\/"}},"comments_number":"0","brands":[{"id":469,"name":"LEBENS-QI Incense","slug":"lebens-qi-incense"}],"_links":{"self":[{"href":"https:\/\/www.lebens-qi.at\/qishop\/wp-json\/wp\/v2\/product\/2988","targetHints":{"allow":["GET"]}}],"collection":[{"href":"https:\/\/www.lebens-qi.at\/qishop\/wp-json\/wp\/v2\/product"}],"about":[{"href":"https:\/\/www.lebens-qi.at\/qishop\/wp-json\/wp\/v2\/types\/product"}],"replies":[{"embeddable":true,"href":"https:\/\/www.lebens-qi.at\/qishop\/wp-json\/wp\/v2\/comments?post=2988"}],"wp:featuredmedia":[{"embeddable":true,"href":"https:\/\/www.lebens-qi.at\/qishop\/wp-json\/wp\/v2\/media\/14638"}],"wp:attachment":[{"href":"https:\/\/www.lebens-qi.at\/qishop\/wp-json\/wp\/v2\/media?parent=2988"}],"wp:term":[{"taxonomy":"pwb-brand","embeddable":true,"href":"https:\/\/www.lebens-qi.at\/qishop\/wp-json\/wp\/v2\/pwb-brand?post=2988"},{"taxonomy":"product_brand","embeddable":true,"href":"https:\/\/www.lebens-qi.at\/qishop\/wp-json\/wp\/v2\/product_brand?post=2988"},{"taxonomy":"product_cat","embeddable":true,"href":"https:\/\/www.lebens-qi.at\/qishop\/wp-json\/wp\/v2\/product_cat?post=2988"},{"taxonomy":"product_tag","embeddable":true,"href":"https:\/\/www.lebens-qi.at\/qishop\/wp-json\/wp\/v2\/product_tag?post=2988"}],"curies":[{"name":"wp","href":"https:\/\/api.w.org\/{rel}","templated":true}]}}