{"id":3026,"date":"2024-02-29T19:02:51","date_gmt":"2024-02-29T18:02:51","guid":{"rendered":"https:\/\/www.lebens-qi.at\/qishop\/?post_type=product&#038;p=3026"},"modified":"2025-05-06T11:06:15","modified_gmt":"2025-05-06T09:06:15","slug":"koenigskerze-blueten","status":"publish","type":"product","link":"https:\/\/www.lebens-qi.at\/qishop\/produkt\/koenigskerze-blueten\/","title":{"rendered":"K\u00f6nigskerze &#8211; Bl\u00fcten"},"content":{"rendered":"<p><b>K\u00f6nigskerze <\/b> Bl\u00fcte ganz (Verbascum)<\/p>\n<p><b>Bes\u00e4nftigung:<\/b><br \/>\nDie K\u00f6nigskerze ist eine der wichtigsten Wetterpflanzen und daher Bestandteil der R\u00e4ucherungen im Sommer. Sie gilt als Blitzableiter und nimmt emotionale Anspannungen, Wut und Zorn.<\/p>\n<p><b>Inhalt:<\/b> 60 ml (ca. 5 g)<\/p>\n<p><b>Sie haben bereits ein leeres Glas? <\/b><br \/>\nDann bestellen Sie das R\u00e4ucherwerk im Papier-Nachf\u00fcllpack und sparen Sie \u20ac 1,40<br \/>\nBitte beachten Sie, dass diese Verpackung nur zur kurzfristigen Lagerung geeignet ist.<\/p>\n<p><em><b>Hinweis:<\/b> Bei diesem Produkt handelt es sich um R\u00e4ucherwerk, kein Lebensmittel!<\/em><\/p>\n","protected":false},"excerpt":{"rendered":"<p>emotional reinigend, sch\u00fctzend, bes\u00e4nftigend<\/p>\n","protected":false},"featured_media":14667,"comment_status":"open","ping_status":"closed","template":"","meta":{"_links_to":"","_links_to_target":""},"pwb-brand":[469],"product_brand":[],"product_cat":[664,665],"product_tag":[1222,1725,200,658,656,466,159,180,1727,121,657,1726],"class_list":{"0":"post-3026","1":"product","2":"type-product","3":"status-publish","4":"has-post-thumbnail","6":"pwb-brand-lebens-qi-incense","7":"product_cat-blueten","8":"product_cat-lust-auf-rauch","9":"product_tag-bluete","10":"product_tag-koenigskerze","11":"product_tag-lebens-qi","12":"product_tag-lust-auf-rauch","13":"product_tag-pur","14":"product_tag-raeuchern","15":"product_tag-raeucherwerk","16":"product_tag-reinigung","17":"product_tag-sanftmut","18":"product_tag-schutz","19":"product_tag-sortenrein","20":"product_tag-wetterkerze","22":"first","23":"instock","24":"taxable","25":"shipping-taxable","26":"purchasable","27":"product-type-variable"},"blog_post_layout_featured_media_urls":{"thumbnail":["https:\/\/www.lebens-qi.at\/qishop\/wp-content\/uploads\/koenigskerze-Inhalt-150x150.png",150,150,true],"full":["https:\/\/www.lebens-qi.at\/qishop\/wp-content\/uploads\/koenigskerze-Inhalt.png",500,500,false]},"categories":["469"],"categories_names":{"469":{"name":"LEBENS-QI Incense","link":"https:\/\/www.lebens-qi.at\/qishop\/brand\/lebens-qi-incense\/"}},"comments_number":"0","brands":[{"id":469,"name":"LEBENS-QI Incense","slug":"lebens-qi-incense"}],"_links":{"self":[{"href":"https:\/\/www.lebens-qi.at\/qishop\/wp-json\/wp\/v2\/product\/3026","targetHints":{"allow":["GET"]}}],"collection":[{"href":"https:\/\/www.lebens-qi.at\/qishop\/wp-json\/wp\/v2\/product"}],"about":[{"href":"https:\/\/www.lebens-qi.at\/qishop\/wp-json\/wp\/v2\/types\/product"}],"replies":[{"embeddable":true,"href":"https:\/\/www.lebens-qi.at\/qishop\/wp-json\/wp\/v2\/comments?post=3026"}],"wp:featuredmedia":[{"embeddable":true,"href":"https:\/\/www.lebens-qi.at\/qishop\/wp-json\/wp\/v2\/media\/14667"}],"wp:attachment":[{"href":"https:\/\/www.lebens-qi.at\/qishop\/wp-json\/wp\/v2\/media?parent=3026"}],"wp:term":[{"taxonomy":"pwb-brand","embeddable":true,"href":"https:\/\/www.lebens-qi.at\/qishop\/wp-json\/wp\/v2\/pwb-brand?post=3026"},{"taxonomy":"product_brand","embeddable":true,"href":"https:\/\/www.lebens-qi.at\/qishop\/wp-json\/wp\/v2\/product_brand?post=3026"},{"taxonomy":"product_cat","embeddable":true,"href":"https:\/\/www.lebens-qi.at\/qishop\/wp-json\/wp\/v2\/product_cat?post=3026"},{"taxonomy":"product_tag","embeddable":true,"href":"https:\/\/www.lebens-qi.at\/qishop\/wp-json\/wp\/v2\/product_tag?post=3026"}],"curies":[{"name":"wp","href":"https:\/\/api.w.org\/{rel}","templated":true}]}}