{"id":3088,"date":"2024-02-29T19:03:38","date_gmt":"2024-02-29T18:03:38","guid":{"rendered":"https:\/\/www.lebens-qi.at\/qishop\/?post_type=product&#038;p=3088"},"modified":"2025-05-06T15:20:27","modified_gmt":"2025-05-06T13:20:27","slug":"rose-blueten","status":"publish","type":"product","link":"https:\/\/www.lebens-qi.at\/qishop\/produkt\/rose-blueten\/","title":{"rendered":"Rose &#8211; Bl\u00fcten"},"content":{"rendered":"<p><b>Rosenbl\u00fcten <\/b>rot (Rosa damascena)<\/p>\n<p><b>Herz\u00f6ffnung:<\/b><br \/>\nDie Rose \u00f6ffnet unser Herz, verbreitet eine liebevolle Atmosph\u00e4re und befl\u00fcgelt die Liebe. F\u00fcr eine harmonische Energie und verzaubernde Momente. Macht uns mitf\u00fchlend und sanft.<\/p>\n<p><b>Inhalt:<\/b> 60 ml (ca. 5 g)<\/p>\n<p><b>Sie haben bereits ein leeres Glas? <\/b><br \/>\nDann bestellen Sie das R\u00e4ucherwerk im Papier-Nachf\u00fcllpack und sparen Sie \u20ac 1,40<br \/>\nBitte beachten Sie, dass diese Verpackung nur zur kurzfristigen Lagerung geeignet ist.<\/p>\n<p><em><b>Hinweis:<\/b> Bei diesem Produkt handelt es sich um R\u00e4ucherwerk, kein Lebensmittel!<\/em><\/p>\n","protected":false},"excerpt":{"rendered":"<p>verf\u00fchrerisch, magisch<\/p>\n","protected":false},"featured_media":14679,"comment_status":"open","ping_status":"closed","template":"","meta":{"_links_to":"","_links_to_target":""},"pwb-brand":[469],"product_brand":[],"product_cat":[664,665],"product_tag":[1645,200,174,931,658,1159,656,466,159,227,657],"class_list":{"0":"post-3088","1":"product","2":"type-product","3":"status-publish","4":"has-post-thumbnail","6":"pwb-brand-lebens-qi-incense","7":"product_cat-blueten","8":"product_cat-lust-auf-rauch","9":"product_tag-blueten","10":"product_tag-lebens-qi","11":"product_tag-liebe","12":"product_tag-liebeszauber","13":"product_tag-lust-auf-rauch","14":"product_tag-magie","15":"product_tag-pur","16":"product_tag-raeuchern","17":"product_tag-raeucherwerk","18":"product_tag-rose","19":"product_tag-sortenrein","20":"pa_herkunft-marokko","22":"first","23":"instock","24":"taxable","25":"shipping-taxable","26":"purchasable","27":"product-type-variable"},"blog_post_layout_featured_media_urls":{"thumbnail":["https:\/\/www.lebens-qi.at\/qishop\/wp-content\/uploads\/rosenblueten-Inhalt-150x150.png",150,150,true],"full":["https:\/\/www.lebens-qi.at\/qishop\/wp-content\/uploads\/rosenblueten-Inhalt.png",500,500,false]},"categories":["469"],"categories_names":{"469":{"name":"LEBENS-QI Incense","link":"https:\/\/www.lebens-qi.at\/qishop\/brand\/lebens-qi-incense\/"}},"comments_number":"0","brands":[{"id":469,"name":"LEBENS-QI Incense","slug":"lebens-qi-incense"}],"_links":{"self":[{"href":"https:\/\/www.lebens-qi.at\/qishop\/wp-json\/wp\/v2\/product\/3088","targetHints":{"allow":["GET"]}}],"collection":[{"href":"https:\/\/www.lebens-qi.at\/qishop\/wp-json\/wp\/v2\/product"}],"about":[{"href":"https:\/\/www.lebens-qi.at\/qishop\/wp-json\/wp\/v2\/types\/product"}],"replies":[{"embeddable":true,"href":"https:\/\/www.lebens-qi.at\/qishop\/wp-json\/wp\/v2\/comments?post=3088"}],"wp:featuredmedia":[{"embeddable":true,"href":"https:\/\/www.lebens-qi.at\/qishop\/wp-json\/wp\/v2\/media\/14679"}],"wp:attachment":[{"href":"https:\/\/www.lebens-qi.at\/qishop\/wp-json\/wp\/v2\/media?parent=3088"}],"wp:term":[{"taxonomy":"pwb-brand","embeddable":true,"href":"https:\/\/www.lebens-qi.at\/qishop\/wp-json\/wp\/v2\/pwb-brand?post=3088"},{"taxonomy":"product_brand","embeddable":true,"href":"https:\/\/www.lebens-qi.at\/qishop\/wp-json\/wp\/v2\/product_brand?post=3088"},{"taxonomy":"product_cat","embeddable":true,"href":"https:\/\/www.lebens-qi.at\/qishop\/wp-json\/wp\/v2\/product_cat?post=3088"},{"taxonomy":"product_tag","embeddable":true,"href":"https:\/\/www.lebens-qi.at\/qishop\/wp-json\/wp\/v2\/product_tag?post=3088"}],"curies":[{"name":"wp","href":"https:\/\/api.w.org\/{rel}","templated":true}]}}