{"id":3116,"date":"2024-02-29T19:04:03","date_gmt":"2024-02-29T18:04:03","guid":{"rendered":"https:\/\/www.lebens-qi.at\/qishop\/?post_type=product&#038;p=3116"},"modified":"2025-05-06T15:31:35","modified_gmt":"2025-05-06T13:31:35","slug":"schafgarbe-blueten","status":"publish","type":"product","link":"https:\/\/www.lebens-qi.at\/qishop\/produkt\/schafgarbe-blueten\/","title":{"rendered":"Schafgarbe &#8211; Bl\u00fcten"},"content":{"rendered":"<p><b>Schafgarbenbl\u00fcten\u00a0<\/b>(Achillea millefolium)<\/p>\n<p><b>Selbstheilung:<\/b><br \/>\nDie Scharfgarbe wird seit Jahrhunderten wegen ihrer vielf\u00e4ltigen Kr\u00e4fte gesch\u00e4tzt. Sie aktiviert unsere Selbstheilungsprozesse und st\u00e4rkt die weibliche Kraft. Ihr Rauch sch\u00fctzt vor b\u00f6sen Geistern.<\/p>\n<p><b>Inhalt:<\/b> 60 ml (ca. 5 g)<\/p>\n<p><b>Sie haben bereits ein leeres Glas? <\/b><br \/>\nDann bestellen Sie das R\u00e4ucherwerk im Papier-Nachf\u00fcllpack und sparen Sie \u20ac 1,40<br \/>\nBitte beachten Sie, dass diese Verpackung nur zur kurzfristigen Lagerung geeignet ist.<\/p>\n<p><em><b>Hinweis:<\/b> Bei diesem Produkt handelt es sich um R\u00e4ucherwerk, kein Lebensmittel!<\/em><\/p>\n","protected":false},"excerpt":{"rendered":"<p>liebevoll, gesundheitsf\u00f6rdernd<\/p>\n","protected":false},"featured_media":14683,"comment_status":"open","ping_status":"closed","template":"","meta":{"_links_to":"","_links_to_target":""},"pwb-brand":[469],"product_brand":[],"product_cat":[664,665],"product_tag":[1645,546,200,658,656,466,159,376,513,657],"class_list":{"0":"post-3116","1":"product","2":"type-product","3":"status-publish","4":"has-post-thumbnail","6":"pwb-brand-lebens-qi-incense","7":"product_cat-blueten","8":"product_cat-lust-auf-rauch","9":"product_tag-blueten","10":"product_tag-gesundheit","11":"product_tag-lebens-qi","12":"product_tag-lust-auf-rauch","13":"product_tag-pur","14":"product_tag-raeuchern","15":"product_tag-raeucherwerk","16":"product_tag-schafgarbe","17":"product_tag-selbstheilung","18":"product_tag-sortenrein","19":"pa_herkunft-oesterreich","21":"first","22":"instock","23":"taxable","24":"shipping-taxable","25":"purchasable","26":"product-type-variable"},"blog_post_layout_featured_media_urls":{"thumbnail":["https:\/\/www.lebens-qi.at\/qishop\/wp-content\/uploads\/schafgarbeblueten-Inhalt-150x150.png",150,150,true],"full":["https:\/\/www.lebens-qi.at\/qishop\/wp-content\/uploads\/schafgarbeblueten-Inhalt.png",500,500,false]},"categories":["469"],"categories_names":{"469":{"name":"LEBENS-QI Incense","link":"https:\/\/www.lebens-qi.at\/qishop\/brand\/lebens-qi-incense\/"}},"comments_number":"0","brands":[{"id":469,"name":"LEBENS-QI Incense","slug":"lebens-qi-incense"}],"_links":{"self":[{"href":"https:\/\/www.lebens-qi.at\/qishop\/wp-json\/wp\/v2\/product\/3116","targetHints":{"allow":["GET"]}}],"collection":[{"href":"https:\/\/www.lebens-qi.at\/qishop\/wp-json\/wp\/v2\/product"}],"about":[{"href":"https:\/\/www.lebens-qi.at\/qishop\/wp-json\/wp\/v2\/types\/product"}],"replies":[{"embeddable":true,"href":"https:\/\/www.lebens-qi.at\/qishop\/wp-json\/wp\/v2\/comments?post=3116"}],"wp:featuredmedia":[{"embeddable":true,"href":"https:\/\/www.lebens-qi.at\/qishop\/wp-json\/wp\/v2\/media\/14683"}],"wp:attachment":[{"href":"https:\/\/www.lebens-qi.at\/qishop\/wp-json\/wp\/v2\/media?parent=3116"}],"wp:term":[{"taxonomy":"pwb-brand","embeddable":true,"href":"https:\/\/www.lebens-qi.at\/qishop\/wp-json\/wp\/v2\/pwb-brand?post=3116"},{"taxonomy":"product_brand","embeddable":true,"href":"https:\/\/www.lebens-qi.at\/qishop\/wp-json\/wp\/v2\/product_brand?post=3116"},{"taxonomy":"product_cat","embeddable":true,"href":"https:\/\/www.lebens-qi.at\/qishop\/wp-json\/wp\/v2\/product_cat?post=3116"},{"taxonomy":"product_tag","embeddable":true,"href":"https:\/\/www.lebens-qi.at\/qishop\/wp-json\/wp\/v2\/product_tag?post=3116"}],"curies":[{"name":"wp","href":"https:\/\/api.w.org\/{rel}","templated":true}]}}