{"id":3223,"date":"2024-03-01T18:13:10","date_gmt":"2024-03-01T17:13:10","guid":{"rendered":"https:\/\/www.lebens-qi.at\/qishop\/?post_type=product&#038;p=3223"},"modified":"2025-12-14T15:45:46","modified_gmt":"2025-12-14T14:45:46","slug":"fichte-harz","status":"publish","type":"product","link":"https:\/\/www.lebens-qi.at\/qishop\/produkt\/fichte-harz\/","title":{"rendered":"Fichte &#8211; Harz"},"content":{"rendered":"<p><b>Fichtenharz <\/b>Burgunderharz (St\u00fccke)<br \/>\nSt\u00fccke &#8211; werden von uns beim Abf\u00fcllen frisch zerkleinert<\/p>\n<p><b>Kraftvolle St\u00e4rke:<\/b><br \/>\nDer Waldweihrauch wird zur Reinigung und Desinfektion ger\u00e4uchert.Wirkt kr\u00e4ftigend, st\u00e4rkend und aufbauend. Auch f\u00fcr Schutzr\u00e4ucherungen wirksam!<b><\/b><\/p>\n<p>Inhalt: 60 ml (ca. 40 g)<\/p>\n<p><b>Sie haben bereits ein leeres Glas? <\/b><br \/>\nDann bestellen Sie das R\u00e4ucherwerk im Papier-Nachf\u00fcllpack und sparen Sie \u20ac 1,40<br \/>\nBitte beachten Sie, dass diese Verpackung nur zur kurzfristigen Lagerung geeignet ist.<\/p>\n<p><em><b>Hinweis:<\/b> Bei diesem Produkt handelt es sich um R\u00e4ucherwerk, kein Lebensmittel!<\/em><\/p>\n","protected":false},"excerpt":{"rendered":"<p>kr\u00e4ftigend, st\u00e4rkend<\/p>\n","protected":false},"featured_media":17958,"comment_status":"open","ping_status":"closed","template":"","meta":{"_links_to":"","_links_to_target":""},"pwb-brand":[469],"product_brand":[],"product_cat":[660,3018],"product_tag":[387,669,200,656,466,159,657],"class_list":{"0":"post-3223","1":"product","2":"type-product","3":"status-publish","4":"has-post-thumbnail","6":"pwb-brand-lebens-qi-incense","7":"product_cat-harze","8":"product_cat-weihnachten","9":"product_tag-fichte","10":"product_tag-harz","11":"product_tag-lebens-qi","12":"product_tag-pur","13":"product_tag-raeuchern","14":"product_tag-raeucherwerk","15":"product_tag-sortenrein","17":"first","18":"instock","19":"taxable","20":"shipping-taxable","21":"purchasable","22":"product-type-variable"},"blog_post_layout_featured_media_urls":{"thumbnail":["https:\/\/www.lebens-qi.at\/qishop\/wp-content\/uploads\/Inhalt-fichtenharz-150x150.png",150,150,true],"full":["https:\/\/www.lebens-qi.at\/qishop\/wp-content\/uploads\/Inhalt-fichtenharz.png",500,500,false]},"categories":["469"],"categories_names":{"469":{"name":"LEBENS-QI Incense","link":"https:\/\/www.lebens-qi.at\/qishop\/brand\/lebens-qi-incense\/"}},"comments_number":"0","brands":[{"id":469,"name":"LEBENS-QI Incense","slug":"lebens-qi-incense"}],"_links":{"self":[{"href":"https:\/\/www.lebens-qi.at\/qishop\/wp-json\/wp\/v2\/product\/3223","targetHints":{"allow":["GET"]}}],"collection":[{"href":"https:\/\/www.lebens-qi.at\/qishop\/wp-json\/wp\/v2\/product"}],"about":[{"href":"https:\/\/www.lebens-qi.at\/qishop\/wp-json\/wp\/v2\/types\/product"}],"replies":[{"embeddable":true,"href":"https:\/\/www.lebens-qi.at\/qishop\/wp-json\/wp\/v2\/comments?post=3223"}],"wp:featuredmedia":[{"embeddable":true,"href":"https:\/\/www.lebens-qi.at\/qishop\/wp-json\/wp\/v2\/media\/17958"}],"wp:attachment":[{"href":"https:\/\/www.lebens-qi.at\/qishop\/wp-json\/wp\/v2\/media?parent=3223"}],"wp:term":[{"taxonomy":"pwb-brand","embeddable":true,"href":"https:\/\/www.lebens-qi.at\/qishop\/wp-json\/wp\/v2\/pwb-brand?post=3223"},{"taxonomy":"product_brand","embeddable":true,"href":"https:\/\/www.lebens-qi.at\/qishop\/wp-json\/wp\/v2\/product_brand?post=3223"},{"taxonomy":"product_cat","embeddable":true,"href":"https:\/\/www.lebens-qi.at\/qishop\/wp-json\/wp\/v2\/product_cat?post=3223"},{"taxonomy":"product_tag","embeddable":true,"href":"https:\/\/www.lebens-qi.at\/qishop\/wp-json\/wp\/v2\/product_tag?post=3223"}],"curies":[{"name":"wp","href":"https:\/\/api.w.org\/{rel}","templated":true}]}}