{"id":3338,"date":"2024-03-01T18:50:49","date_gmt":"2024-03-01T17:50:49","guid":{"rendered":"https:\/\/www.lebens-qi.at\/qishop\/?post_type=product&#038;p=3338"},"modified":"2025-05-28T20:37:58","modified_gmt":"2025-05-28T18:37:58","slug":"muskatellersalbei-kraut","status":"publish","type":"product","link":"https:\/\/www.lebens-qi.at\/qishop\/produkt\/muskatellersalbei-kraut\/","title":{"rendered":"Muskatellersalbei &#8211; Kraut"},"content":{"rendered":"<p><b>Muskatellersalbei<\/b> Kraut geschnitten (Salvia sclarea)<\/p>\n<p><b>Balance der Fr\u00f6hlichkeit:<\/b><br \/>\nGleicht extreme Stimmungen aus. Wenn Heiterkeit in \u00fcbertriebene Fr\u00f6hlichkeit kippt oder bei \u00fcberschw\u00e4nglicher Freude und Laune.<\/p>\n<p><b>Inhalt:<\/b> 60 ml (ca. 15 g)<\/p>\n<p><b>Sie haben bereits ein leeres Glas? <\/b><br \/>\nDann bestellen Sie das R\u00e4ucherwerk im Papier-Nachf\u00fcllpack und sparen Sie \u20ac 1,40<br \/>\nBitte beachten Sie, dass diese Verpackung nur zur kurzfristigen Lagerung geeignet ist.<\/p>\n<p><em><b>Hinweis:<\/b> Bei diesem Produkt handelt es sich um R\u00e4ucherwerk, kein Lebensmittel!<\/em><\/p>\n","protected":false},"excerpt":{"rendered":"<p>ausgleichend, balancierend<\/p>\n","protected":false},"featured_media":15329,"comment_status":"open","ping_status":"closed","template":"","meta":{"_links_to":"","_links_to_target":""},"pwb-brand":[469],"product_brand":[],"product_cat":[659],"product_tag":[1674,200,1921,656,466,159,401,657],"class_list":{"0":"post-3338","1":"product","2":"type-product","3":"status-publish","4":"has-post-thumbnail","6":"pwb-brand-lebens-qi-incense","7":"product_cat-kraeuter-blaetter","8":"product_tag-froehlichkeit","9":"product_tag-lebens-qi","10":"product_tag-muskatellersalbei","11":"product_tag-pur","12":"product_tag-raeuchern","13":"product_tag-raeucherwerk","14":"product_tag-salbei","15":"product_tag-sortenrein","16":"pa_herkunft-albanien","18":"first","19":"instock","20":"taxable","21":"shipping-taxable","22":"purchasable","23":"product-type-variable"},"blog_post_layout_featured_media_urls":{"thumbnail":["https:\/\/www.lebens-qi.at\/qishop\/wp-content\/uploads\/muskatellersalbei-Inhalt-150x150.png",150,150,true],"full":["https:\/\/www.lebens-qi.at\/qishop\/wp-content\/uploads\/muskatellersalbei-Inhalt.png",500,500,false]},"categories":["469"],"categories_names":{"469":{"name":"LEBENS-QI Incense","link":"https:\/\/www.lebens-qi.at\/qishop\/brand\/lebens-qi-incense\/"}},"comments_number":"0","brands":[{"id":469,"name":"LEBENS-QI Incense","slug":"lebens-qi-incense"}],"_links":{"self":[{"href":"https:\/\/www.lebens-qi.at\/qishop\/wp-json\/wp\/v2\/product\/3338","targetHints":{"allow":["GET"]}}],"collection":[{"href":"https:\/\/www.lebens-qi.at\/qishop\/wp-json\/wp\/v2\/product"}],"about":[{"href":"https:\/\/www.lebens-qi.at\/qishop\/wp-json\/wp\/v2\/types\/product"}],"replies":[{"embeddable":true,"href":"https:\/\/www.lebens-qi.at\/qishop\/wp-json\/wp\/v2\/comments?post=3338"}],"wp:featuredmedia":[{"embeddable":true,"href":"https:\/\/www.lebens-qi.at\/qishop\/wp-json\/wp\/v2\/media\/15329"}],"wp:attachment":[{"href":"https:\/\/www.lebens-qi.at\/qishop\/wp-json\/wp\/v2\/media?parent=3338"}],"wp:term":[{"taxonomy":"pwb-brand","embeddable":true,"href":"https:\/\/www.lebens-qi.at\/qishop\/wp-json\/wp\/v2\/pwb-brand?post=3338"},{"taxonomy":"product_brand","embeddable":true,"href":"https:\/\/www.lebens-qi.at\/qishop\/wp-json\/wp\/v2\/product_brand?post=3338"},{"taxonomy":"product_cat","embeddable":true,"href":"https:\/\/www.lebens-qi.at\/qishop\/wp-json\/wp\/v2\/product_cat?post=3338"},{"taxonomy":"product_tag","embeddable":true,"href":"https:\/\/www.lebens-qi.at\/qishop\/wp-json\/wp\/v2\/product_tag?post=3338"}],"curies":[{"name":"wp","href":"https:\/\/api.w.org\/{rel}","templated":true}]}}