{"id":3375,"date":"2024-03-01T18:51:14","date_gmt":"2024-03-01T17:51:14","guid":{"rendered":"https:\/\/www.lebens-qi.at\/qishop\/?post_type=product&#038;p=3375"},"modified":"2025-06-01T20:03:15","modified_gmt":"2025-06-01T18:03:15","slug":"damiana-blaetter","status":"publish","type":"product","link":"https:\/\/www.lebens-qi.at\/qishop\/produkt\/damiana-blaetter\/","title":{"rendered":"Damiana &#8211; Bl\u00e4tter"},"content":{"rendered":"<p><b>Damianabl\u00e4tter <\/b>(Turnera diffusa)<\/p>\n<p><b>Venuskraft:<\/b><br \/>\nAufgrund seines s\u00fc\u00dflichen, aphrodisierenden Aromas wird das Damianakraut der Venus zugeordnet. Damiana wird seit Urzeiten in Mexiko und S\u00fcdamerika f\u00fcr Liebestr\u00e4nke verwendet. Beim R\u00e4uchern entwickelt es einen s\u00fc\u00dflich-heiteren, fr\u00f6hlichen Duft. Das Kraut wirkt anregend, stimmungsaufhellend und sanft euphrodisierend. Damiana verbreitet eine erhellende, liebliche Atmosph\u00e4re. Das Kraut l\u00e4sst sich gut mit Copal und Zimt mischen.<\/p>\n<p><b>Inhalt:<\/b> 60 ml (ca. 10 g)<\/p>\n<p><b>Sie haben bereits ein leeres Glas?<\/b><br \/>\nDann bestellen Sie das R\u00e4ucherwerk im Papier-Nachf\u00fcllpack und sparen Sie \u20ac 1,40Bitte beachten Sie, dass diese Verpackung nur zur kurzfristigen Lagerung geeignet ist.<\/p>\n<p><em><b>Hinweis:<\/b> Bei diesem Produkt handelt es sich um R\u00e4ucherwerk, kein Lebensmittel!<\/em><\/p>\n","protected":false},"excerpt":{"rendered":"<p>stimmungsaufhellend, lieblich, anregend<\/p>\n","protected":false},"featured_media":15383,"comment_status":"open","ping_status":"closed","template":"","meta":{"_links_to":"","_links_to_target":""},"pwb-brand":[469],"product_brand":[],"product_cat":[659],"product_tag":[1671,200,645,656,466,159,657,1672],"class_list":{"0":"post-3375","1":"product","2":"type-product","3":"status-publish","4":"has-post-thumbnail","6":"pwb-brand-lebens-qi-incense","7":"product_cat-kraeuter-blaetter","8":"product_tag-damiana","9":"product_tag-lebens-qi","10":"product_tag-lebensfreude","11":"product_tag-pur","12":"product_tag-raeuchern","13":"product_tag-raeucherwerk","14":"product_tag-sortenrein","15":"product_tag-venus","17":"first","18":"instock","19":"taxable","20":"shipping-taxable","21":"purchasable","22":"product-type-variable"},"blog_post_layout_featured_media_urls":{"thumbnail":["https:\/\/www.lebens-qi.at\/qishop\/wp-content\/uploads\/damiana-Inhalt-150x150.png",150,150,true],"full":["https:\/\/www.lebens-qi.at\/qishop\/wp-content\/uploads\/damiana-Inhalt.png",500,500,false]},"categories":["469"],"categories_names":{"469":{"name":"LEBENS-QI Incense","link":"https:\/\/www.lebens-qi.at\/qishop\/brand\/lebens-qi-incense\/"}},"comments_number":"0","brands":[{"id":469,"name":"LEBENS-QI Incense","slug":"lebens-qi-incense"}],"_links":{"self":[{"href":"https:\/\/www.lebens-qi.at\/qishop\/wp-json\/wp\/v2\/product\/3375","targetHints":{"allow":["GET"]}}],"collection":[{"href":"https:\/\/www.lebens-qi.at\/qishop\/wp-json\/wp\/v2\/product"}],"about":[{"href":"https:\/\/www.lebens-qi.at\/qishop\/wp-json\/wp\/v2\/types\/product"}],"replies":[{"embeddable":true,"href":"https:\/\/www.lebens-qi.at\/qishop\/wp-json\/wp\/v2\/comments?post=3375"}],"wp:featuredmedia":[{"embeddable":true,"href":"https:\/\/www.lebens-qi.at\/qishop\/wp-json\/wp\/v2\/media\/15383"}],"wp:attachment":[{"href":"https:\/\/www.lebens-qi.at\/qishop\/wp-json\/wp\/v2\/media?parent=3375"}],"wp:term":[{"taxonomy":"pwb-brand","embeddable":true,"href":"https:\/\/www.lebens-qi.at\/qishop\/wp-json\/wp\/v2\/pwb-brand?post=3375"},{"taxonomy":"product_brand","embeddable":true,"href":"https:\/\/www.lebens-qi.at\/qishop\/wp-json\/wp\/v2\/product_brand?post=3375"},{"taxonomy":"product_cat","embeddable":true,"href":"https:\/\/www.lebens-qi.at\/qishop\/wp-json\/wp\/v2\/product_cat?post=3375"},{"taxonomy":"product_tag","embeddable":true,"href":"https:\/\/www.lebens-qi.at\/qishop\/wp-json\/wp\/v2\/product_tag?post=3375"}],"curies":[{"name":"wp","href":"https:\/\/api.w.org\/{rel}","templated":true}]}}