{"id":3412,"date":"2024-03-04T14:27:17","date_gmt":"2024-03-04T13:27:17","guid":{"rendered":"https:\/\/www.lebens-qi.at\/qishop\/?post_type=product&#038;p=3412"},"modified":"2025-05-06T16:08:28","modified_gmt":"2025-05-06T14:08:28","slug":"maedesuess-blueten","status":"publish","type":"product","link":"https:\/\/www.lebens-qi.at\/qishop\/produkt\/maedesuess-blueten\/","title":{"rendered":"M\u00e4des\u00fc\u00df &#8211; Bl\u00fcten"},"content":{"rendered":"<p><b>M\u00e4des\u00fc\u00dfbl\u00fcten<\/b> gerebelt (Filipendula)<\/p>\n<p><b>Intuition &amp; Tr\u00e4ume:<\/b><br \/>\nVerhilft zu Erkenntnissen auf der Traumzeitebene und intuitivem Wahrnehmen von unbewussten Inhalten. Gibt gute Energie f\u00fcr Neuanf\u00e4nge und hilft alte Muster loszulassen.<\/p>\n<p><b>Inhalt:<\/b> 60 ml (ca. 25 g)<\/p>\n<p><b>Sie haben bereits ein leeres Glas? <\/b><br \/>\nDann bestellen Sie das R\u00e4ucherwerk im Papier-Nachf\u00fcllpack und sparen Sie \u20ac 1,40<br \/>\nBitte beachten Sie, dass diese Verpackung nur zur kurzfristigen Lagerung geeignet ist.<\/p>\n<p><em><b>Hinweis:<\/b> Bei diesem Produkt handelt es sich um R\u00e4ucherwerk, kein Lebensmittel!<\/em><\/p>\n","protected":false},"excerpt":{"rendered":"<p>s\u00fc\u00df, initiierend<\/p>\n","protected":false},"featured_media":14696,"comment_status":"open","ping_status":"closed","template":"","meta":{"_links_to":"","_links_to_target":""},"pwb-brand":[469],"product_brand":[],"product_cat":[664],"product_tag":[1645,1729,200,515,2686,2687,550,656,466,159,1172],"class_list":{"0":"post-3412","1":"product","2":"type-product","3":"status-publish","4":"has-post-thumbnail","6":"pwb-brand-lebens-qi-incense","7":"product_cat-blueten","8":"product_tag-blueten","9":"product_tag-intuition","10":"product_tag-lebens-qi","11":"product_tag-loslassen","12":"product_tag-maedesuess","13":"product_tag-maedesuessblueten","14":"product_tag-neubeginn","15":"product_tag-pur","16":"product_tag-raeuchern","17":"product_tag-raeucherwerk","18":"product_tag-traeume","20":"first","21":"instock","22":"taxable","23":"shipping-taxable","24":"purchasable","25":"product-type-variable"},"blog_post_layout_featured_media_urls":{"thumbnail":["https:\/\/www.lebens-qi.at\/qishop\/wp-content\/uploads\/maedesuessblueten-Inhalt-150x150.png",150,150,true],"full":["https:\/\/www.lebens-qi.at\/qishop\/wp-content\/uploads\/maedesuessblueten-Inhalt.png",500,500,false]},"categories":["469"],"categories_names":{"469":{"name":"LEBENS-QI Incense","link":"https:\/\/www.lebens-qi.at\/qishop\/brand\/lebens-qi-incense\/"}},"comments_number":"0","brands":[{"id":469,"name":"LEBENS-QI Incense","slug":"lebens-qi-incense"}],"_links":{"self":[{"href":"https:\/\/www.lebens-qi.at\/qishop\/wp-json\/wp\/v2\/product\/3412","targetHints":{"allow":["GET"]}}],"collection":[{"href":"https:\/\/www.lebens-qi.at\/qishop\/wp-json\/wp\/v2\/product"}],"about":[{"href":"https:\/\/www.lebens-qi.at\/qishop\/wp-json\/wp\/v2\/types\/product"}],"replies":[{"embeddable":true,"href":"https:\/\/www.lebens-qi.at\/qishop\/wp-json\/wp\/v2\/comments?post=3412"}],"wp:featuredmedia":[{"embeddable":true,"href":"https:\/\/www.lebens-qi.at\/qishop\/wp-json\/wp\/v2\/media\/14696"}],"wp:attachment":[{"href":"https:\/\/www.lebens-qi.at\/qishop\/wp-json\/wp\/v2\/media?parent=3412"}],"wp:term":[{"taxonomy":"pwb-brand","embeddable":true,"href":"https:\/\/www.lebens-qi.at\/qishop\/wp-json\/wp\/v2\/pwb-brand?post=3412"},{"taxonomy":"product_brand","embeddable":true,"href":"https:\/\/www.lebens-qi.at\/qishop\/wp-json\/wp\/v2\/product_brand?post=3412"},{"taxonomy":"product_cat","embeddable":true,"href":"https:\/\/www.lebens-qi.at\/qishop\/wp-json\/wp\/v2\/product_cat?post=3412"},{"taxonomy":"product_tag","embeddable":true,"href":"https:\/\/www.lebens-qi.at\/qishop\/wp-json\/wp\/v2\/product_tag?post=3412"}],"curies":[{"name":"wp","href":"https:\/\/api.w.org\/{rel}","templated":true}]}}