{"id":3444,"date":"2024-03-04T14:53:48","date_gmt":"2024-03-04T13:53:48","guid":{"rendered":"https:\/\/www.lebens-qi.at\/qishop\/?post_type=product&#038;p=3444"},"modified":"2025-04-12T17:35:29","modified_gmt":"2025-04-12T15:35:29","slug":"fenchel-samen","status":"publish","type":"product","link":"https:\/\/www.lebens-qi.at\/qishop\/produkt\/fenchel-samen\/","title":{"rendered":"Fenchel &#8211; Samen"},"content":{"rendered":"<p><b>Fenchel<\/b> s\u00fc\u00df, Samen<\/p>\n<p><b>M\u00fctterliche W\u00e4rme:<\/b><br \/>\nW\u00e4rmebringer! Reinigung und Kl\u00e4rung. Hilft eine gute Mutter zu sein oder zu werden. Auch wirksam bei weiblichen, zyklischen \u00dcberg\u00e4ngen (Wechsel, Monatszyklus,&#8230;)<\/p>\n<p><b>Inhalt:<\/b> 60 ml (ca. 25 g)<\/p>\n<p><b>Sie haben bereits ein leeres Glas? <\/b><br \/>\nDann bestellen Sie das R\u00e4ucherwerk im Papier-Nachf\u00fcllpack und sparen Sie \u20ac 1,40<br \/>\nBitte beachten Sie, dass diese Verpackung nur zur kurzfristigen Lagerung geeignet ist.<\/p>\n<p><em><b>Hinweis:<\/b> Bei diesem Produkt handelt es sich um R\u00e4ucherwerk, kein Lebensmittel!<\/em><\/p>\n","protected":false},"excerpt":{"rendered":"<p>w\u00e4rmend, reinigend, weiblich<\/p>\n","protected":false},"featured_media":14071,"comment_status":"open","ping_status":"closed","template":"","meta":{"_links_to":"","_links_to_target":""},"pwb-brand":[469],"product_brand":[],"product_cat":[662],"product_tag":[360,1724,200,656,466,159,180,2691,657,2835,868,1342],"class_list":{"0":"post-3444","1":"product","2":"type-product","3":"status-publish","4":"has-post-thumbnail","6":"pwb-brand-lebens-qi-incense","7":"product_cat-samen","8":"product_tag-fenchel","9":"product_tag-klaerung","10":"product_tag-lebens-qi","11":"product_tag-pur","12":"product_tag-raeuchern","13":"product_tag-raeucherwerk","14":"product_tag-reinigung","15":"product_tag-samen","16":"product_tag-sortenrein","17":"product_tag-waerme","18":"product_tag-weiblichkeit","19":"product_tag-zyklus","21":"first","22":"instock","23":"taxable","24":"shipping-taxable","25":"purchasable","26":"product-type-variable"},"blog_post_layout_featured_media_urls":{"thumbnail":["https:\/\/www.lebens-qi.at\/qishop\/wp-content\/uploads\/fenchelsamen-Inhalt-150x150.png",150,150,true],"full":["https:\/\/www.lebens-qi.at\/qishop\/wp-content\/uploads\/fenchelsamen-Inhalt.png",500,500,false]},"categories":["469"],"categories_names":{"469":{"name":"LEBENS-QI Incense","link":"https:\/\/www.lebens-qi.at\/qishop\/brand\/lebens-qi-incense\/"}},"comments_number":"0","brands":[{"id":469,"name":"LEBENS-QI Incense","slug":"lebens-qi-incense"}],"_links":{"self":[{"href":"https:\/\/www.lebens-qi.at\/qishop\/wp-json\/wp\/v2\/product\/3444","targetHints":{"allow":["GET"]}}],"collection":[{"href":"https:\/\/www.lebens-qi.at\/qishop\/wp-json\/wp\/v2\/product"}],"about":[{"href":"https:\/\/www.lebens-qi.at\/qishop\/wp-json\/wp\/v2\/types\/product"}],"replies":[{"embeddable":true,"href":"https:\/\/www.lebens-qi.at\/qishop\/wp-json\/wp\/v2\/comments?post=3444"}],"wp:featuredmedia":[{"embeddable":true,"href":"https:\/\/www.lebens-qi.at\/qishop\/wp-json\/wp\/v2\/media\/14071"}],"wp:attachment":[{"href":"https:\/\/www.lebens-qi.at\/qishop\/wp-json\/wp\/v2\/media?parent=3444"}],"wp:term":[{"taxonomy":"pwb-brand","embeddable":true,"href":"https:\/\/www.lebens-qi.at\/qishop\/wp-json\/wp\/v2\/pwb-brand?post=3444"},{"taxonomy":"product_brand","embeddable":true,"href":"https:\/\/www.lebens-qi.at\/qishop\/wp-json\/wp\/v2\/product_brand?post=3444"},{"taxonomy":"product_cat","embeddable":true,"href":"https:\/\/www.lebens-qi.at\/qishop\/wp-json\/wp\/v2\/product_cat?post=3444"},{"taxonomy":"product_tag","embeddable":true,"href":"https:\/\/www.lebens-qi.at\/qishop\/wp-json\/wp\/v2\/product_tag?post=3444"}],"curies":[{"name":"wp","href":"https:\/\/api.w.org\/{rel}","templated":true}]}}