{"id":3450,"date":"2024-03-04T14:53:49","date_gmt":"2024-03-04T13:53:49","guid":{"rendered":"https:\/\/www.lebens-qi.at\/qishop\/?post_type=product&#038;p=3450"},"modified":"2025-09-25T20:15:16","modified_gmt":"2025-09-25T18:15:16","slug":"quitte-frucht-glas","status":"publish","type":"product","link":"https:\/\/www.lebens-qi.at\/qishop\/produkt\/quitte-frucht-glas\/","title":{"rendered":"Quitte &#8211; Frucht"},"content":{"rendered":"<p><b>Quitte<\/b> Frucht zerkleinert (Cydonia oblonga)<\/p>\n<p><b>Erntedank:<\/b><br \/>\nDie aromatisch duftende Quitte gilt als Symbol f\u00fcr die Liebe, Fruchtbarkeit und Sch\u00f6nheit. Quittenr\u00e4ucherungen sind ein Dank f\u00fcr Mutter Erde, aber auch wenn wir m\u00f6chten, dass unsere Projekte Fr\u00fcchte tragen.<\/p>\n<p><b>Inhalt:<\/b> 60 ml (ca. 15 g)<\/p>\n<p><b>Sie haben bereits ein leeres Glas? <\/b><br \/>\nDann bestellen Sie das R\u00e4ucherwerk im Papier-Nachf\u00fcllpack und sparen Sie \u20ac 1,40<br \/>\nBitte beachten Sie, dass diese Verpackung nur zur kurzfristigen Lagerung geeignet ist.<\/p>\n<p><em><b>Hinweis:<\/b> Bei diesem Produkt handelt es sich um R\u00e4ucherwerk, kein Lebensmittel!<\/em><\/p>\n","protected":false},"excerpt":{"rendered":"<p>aromatisch, fruchtig<\/p>\n","protected":false},"featured_media":14055,"comment_status":"open","ping_status":"closed","template":"","meta":{"_links_to":"","_links_to_target":""},"pwb-brand":[469],"product_brand":[],"product_cat":[3017,662],"product_tag":[648,540,647,2850,634,200,174,646,1171,656,2110,466,159,2170,657],"class_list":{"0":"post-3450","1":"product","2":"type-product","3":"status-publish","4":"has-post-thumbnail","6":"pwb-brand-lebens-qi-incense","7":"product_cat-herbstzeit","8":"product_cat-samen","9":"product_tag-dankbarkeit","10":"product_tag-erfolg","11":"product_tag-erntedank","12":"product_tag-frucht","13":"product_tag-fruchtbarkeit","14":"product_tag-lebens-qi","15":"product_tag-liebe","16":"product_tag-mabon","17":"product_tag-mutter-erde","18":"product_tag-pur","19":"product_tag-quitte","20":"product_tag-raeuchern","21":"product_tag-raeucherwerk","22":"product_tag-schoenheit","23":"product_tag-sortenrein","25":"first","26":"instock","27":"taxable","28":"shipping-taxable","29":"purchasable","30":"product-type-variable"},"blog_post_layout_featured_media_urls":{"thumbnail":["https:\/\/www.lebens-qi.at\/qishop\/wp-content\/uploads\/quitte-Inhalt-150x150.png",150,150,true],"full":["https:\/\/www.lebens-qi.at\/qishop\/wp-content\/uploads\/quitte-Inhalt.png",500,500,false]},"categories":["469"],"categories_names":{"469":{"name":"LEBENS-QI Incense","link":"https:\/\/www.lebens-qi.at\/qishop\/brand\/lebens-qi-incense\/"}},"comments_number":"0","brands":[{"id":469,"name":"LEBENS-QI Incense","slug":"lebens-qi-incense"}],"_links":{"self":[{"href":"https:\/\/www.lebens-qi.at\/qishop\/wp-json\/wp\/v2\/product\/3450","targetHints":{"allow":["GET"]}}],"collection":[{"href":"https:\/\/www.lebens-qi.at\/qishop\/wp-json\/wp\/v2\/product"}],"about":[{"href":"https:\/\/www.lebens-qi.at\/qishop\/wp-json\/wp\/v2\/types\/product"}],"replies":[{"embeddable":true,"href":"https:\/\/www.lebens-qi.at\/qishop\/wp-json\/wp\/v2\/comments?post=3450"}],"wp:featuredmedia":[{"embeddable":true,"href":"https:\/\/www.lebens-qi.at\/qishop\/wp-json\/wp\/v2\/media\/14055"}],"wp:attachment":[{"href":"https:\/\/www.lebens-qi.at\/qishop\/wp-json\/wp\/v2\/media?parent=3450"}],"wp:term":[{"taxonomy":"pwb-brand","embeddable":true,"href":"https:\/\/www.lebens-qi.at\/qishop\/wp-json\/wp\/v2\/pwb-brand?post=3450"},{"taxonomy":"product_brand","embeddable":true,"href":"https:\/\/www.lebens-qi.at\/qishop\/wp-json\/wp\/v2\/product_brand?post=3450"},{"taxonomy":"product_cat","embeddable":true,"href":"https:\/\/www.lebens-qi.at\/qishop\/wp-json\/wp\/v2\/product_cat?post=3450"},{"taxonomy":"product_tag","embeddable":true,"href":"https:\/\/www.lebens-qi.at\/qishop\/wp-json\/wp\/v2\/product_tag?post=3450"}],"curies":[{"name":"wp","href":"https:\/\/api.w.org\/{rel}","templated":true}]}}