{"id":3451,"date":"2024-03-04T14:53:49","date_gmt":"2024-03-04T13:53:49","guid":{"rendered":"https:\/\/www.lebens-qi.at\/qishop\/?post_type=product&#038;p=3451"},"modified":"2025-09-19T14:40:29","modified_gmt":"2025-09-19T12:40:29","slug":"sternanis-samen","status":"publish","type":"product","link":"https:\/\/www.lebens-qi.at\/qishop\/produkt\/sternanis-samen\/","title":{"rendered":"Sternanis &#8211; Samen"},"content":{"rendered":"<p><b>Sternanis<\/b> Samen zerkleinert<\/p>\n<p><b>Angstl\u00f6ser<\/b><br \/>\nHilft \u00c4ngste und angestaute Emotionen zu l\u00f6sen. Lindert seelische Schmerzen und tr\u00f6stet bei Verlassenheitsgef\u00fchlen. Bringt Bewegung in unbew\u00e4ltigte Situationen.<\/p>\n<p><b>Inhalt:<\/b> 60 ml (ca. 30 g)<\/p>\n<p><b>Sie haben bereits ein leeres Glas? <\/b><br \/>\nDann bestellen Sie das R\u00e4ucherwerk im Papier-Nachf\u00fcllpack und sparen Sie \u20ac 1,40<br \/>\nBitte beachten Sie, dass diese Verpackung nur zur kurzfristigen Lagerung geeignet ist.<\/p>\n<p><em><b>Hinweis:<\/b> Bei diesem Produkt handelt es sich um R\u00e4ucherwerk, kein Lebensmittel! Kein Ersatz f\u00fcr Psychotherapie oder psychologische Betreuung.<\/em><\/p>\n","protected":false},"excerpt":{"rendered":"<p>tr\u00f6stend, angstl\u00f6send<\/p>\n","protected":false},"featured_media":14363,"comment_status":"open","ping_status":"closed","template":"","meta":{"_links_to":"","_links_to_target":""},"pwb-brand":[469],"product_brand":[],"product_cat":[662,3018],"product_tag":[2781,1926,200,656,466,159,657,2126,1384],"class_list":{"0":"post-3451","1":"product","2":"type-product","3":"status-publish","4":"has-post-thumbnail","6":"pwb-brand-lebens-qi-incense","7":"product_cat-samen","8":"product_cat-weihnachten","9":"product_tag-angstloeser","10":"product_tag-anis","11":"product_tag-lebens-qi","12":"product_tag-pur","13":"product_tag-raeuchern","14":"product_tag-raeucherwerk","15":"product_tag-sortenrein","16":"product_tag-sternanis","17":"product_tag-trost","19":"first","20":"instock","21":"taxable","22":"shipping-taxable","23":"purchasable","24":"product-type-variable"},"blog_post_layout_featured_media_urls":{"thumbnail":["https:\/\/www.lebens-qi.at\/qishop\/wp-content\/uploads\/sternanis-Inhalt-150x150.png",150,150,true],"full":["https:\/\/www.lebens-qi.at\/qishop\/wp-content\/uploads\/sternanis-Inhalt.png",500,500,false]},"categories":["469"],"categories_names":{"469":{"name":"LEBENS-QI Incense","link":"https:\/\/www.lebens-qi.at\/qishop\/brand\/lebens-qi-incense\/"}},"comments_number":"0","brands":[{"id":469,"name":"LEBENS-QI Incense","slug":"lebens-qi-incense"}],"_links":{"self":[{"href":"https:\/\/www.lebens-qi.at\/qishop\/wp-json\/wp\/v2\/product\/3451","targetHints":{"allow":["GET"]}}],"collection":[{"href":"https:\/\/www.lebens-qi.at\/qishop\/wp-json\/wp\/v2\/product"}],"about":[{"href":"https:\/\/www.lebens-qi.at\/qishop\/wp-json\/wp\/v2\/types\/product"}],"replies":[{"embeddable":true,"href":"https:\/\/www.lebens-qi.at\/qishop\/wp-json\/wp\/v2\/comments?post=3451"}],"wp:featuredmedia":[{"embeddable":true,"href":"https:\/\/www.lebens-qi.at\/qishop\/wp-json\/wp\/v2\/media\/14363"}],"wp:attachment":[{"href":"https:\/\/www.lebens-qi.at\/qishop\/wp-json\/wp\/v2\/media?parent=3451"}],"wp:term":[{"taxonomy":"pwb-brand","embeddable":true,"href":"https:\/\/www.lebens-qi.at\/qishop\/wp-json\/wp\/v2\/pwb-brand?post=3451"},{"taxonomy":"product_brand","embeddable":true,"href":"https:\/\/www.lebens-qi.at\/qishop\/wp-json\/wp\/v2\/product_brand?post=3451"},{"taxonomy":"product_cat","embeddable":true,"href":"https:\/\/www.lebens-qi.at\/qishop\/wp-json\/wp\/v2\/product_cat?post=3451"},{"taxonomy":"product_tag","embeddable":true,"href":"https:\/\/www.lebens-qi.at\/qishop\/wp-json\/wp\/v2\/product_tag?post=3451"}],"curies":[{"name":"wp","href":"https:\/\/api.w.org\/{rel}","templated":true}]}}