{"id":3508,"date":"2024-03-04T15:20:08","date_gmt":"2024-03-04T14:20:08","guid":{"rendered":"https:\/\/www.lebens-qi.at\/qishop\/?post_type=product&#038;p=3508"},"modified":"2025-04-24T12:37:46","modified_gmt":"2025-04-24T10:37:46","slug":"kalmus-wurzel","status":"publish","type":"product","link":"https:\/\/www.lebens-qi.at\/qishop\/produkt\/kalmus-wurzel\/","title":{"rendered":"Kalmus &#8211; Wurzel"},"content":{"rendered":"<p><b>Kalmuswurzel <\/b>geschnitten (Acoros calamus)<\/p>\n<p><b>Gelassene Kraft:<\/b><br \/>\nKalmuswurzel bringt uns Gelassenheit, wodurch wir Kraft sch\u00f6pfen und unsere geistigen F\u00e4higkeiten st\u00e4rken k\u00f6nnen. Wunderbar in Mischungen, speziell zur Konzentrationsf\u00f6rderung und f\u00fcr starke Nerven. <b><\/b><\/p>\n<p>Inhalt: 60 ml (ca. 25 g)<\/p>\n<p><b>Sie haben bereits ein leeres Glas? <\/b><br \/>\nDann bestellen Sie das R\u00e4ucherwerk im Papier-Nachf\u00fcllpack und sparen Sie \u20ac 1,40<br \/>\nBitte beachten Sie, dass diese Verpackung nur zur kurzfristigen Lagerung geeignet ist.<\/p>\n<p><em><b>Hinweis:<\/b> Bei diesem Produkt handelt es sich um R\u00e4ucherwerk, kein Lebensmittel!<\/em><\/p>\n","protected":false},"excerpt":{"rendered":"<p>herb-w\u00fcrzig, konzentrationsf\u00f6rdernd<\/p>\n","protected":false},"featured_media":14010,"comment_status":"open","ping_status":"closed","template":"","meta":{"_links_to":"","_links_to_target":""},"pwb-brand":[469],"product_brand":[],"product_cat":[655],"product_tag":[1964,2508,538,539,200,656,466,159,657,1698],"class_list":{"0":"post-3508","1":"product","2":"type-product","3":"status-publish","4":"has-post-thumbnail","6":"pwb-brand-lebens-qi-incense","7":"product_cat-wurzeln","8":"product_tag-gelassenheit","9":"product_tag-kalmuswurzel","10":"product_tag-konzentration","11":"product_tag-kraft","12":"product_tag-lebens-qi","13":"product_tag-pur","14":"product_tag-raeuchern","15":"product_tag-raeucherwerk","16":"product_tag-sortenrein","17":"product_tag-wurzel","18":"pa_herkunft-bosnien-herzegowina","20":"first","21":"instock","22":"taxable","23":"shipping-taxable","24":"purchasable","25":"product-type-variable"},"blog_post_layout_featured_media_urls":{"thumbnail":["https:\/\/www.lebens-qi.at\/qishop\/wp-content\/uploads\/kalmuswurzel-Inhalt-150x150.png",150,150,true],"full":["https:\/\/www.lebens-qi.at\/qishop\/wp-content\/uploads\/kalmuswurzel-Inhalt.png",500,500,false]},"categories":["469"],"categories_names":{"469":{"name":"LEBENS-QI Incense","link":"https:\/\/www.lebens-qi.at\/qishop\/brand\/lebens-qi-incense\/"}},"comments_number":"0","brands":[{"id":469,"name":"LEBENS-QI Incense","slug":"lebens-qi-incense"}],"_links":{"self":[{"href":"https:\/\/www.lebens-qi.at\/qishop\/wp-json\/wp\/v2\/product\/3508","targetHints":{"allow":["GET"]}}],"collection":[{"href":"https:\/\/www.lebens-qi.at\/qishop\/wp-json\/wp\/v2\/product"}],"about":[{"href":"https:\/\/www.lebens-qi.at\/qishop\/wp-json\/wp\/v2\/types\/product"}],"replies":[{"embeddable":true,"href":"https:\/\/www.lebens-qi.at\/qishop\/wp-json\/wp\/v2\/comments?post=3508"}],"wp:featuredmedia":[{"embeddable":true,"href":"https:\/\/www.lebens-qi.at\/qishop\/wp-json\/wp\/v2\/media\/14010"}],"wp:attachment":[{"href":"https:\/\/www.lebens-qi.at\/qishop\/wp-json\/wp\/v2\/media?parent=3508"}],"wp:term":[{"taxonomy":"pwb-brand","embeddable":true,"href":"https:\/\/www.lebens-qi.at\/qishop\/wp-json\/wp\/v2\/pwb-brand?post=3508"},{"taxonomy":"product_brand","embeddable":true,"href":"https:\/\/www.lebens-qi.at\/qishop\/wp-json\/wp\/v2\/product_brand?post=3508"},{"taxonomy":"product_cat","embeddable":true,"href":"https:\/\/www.lebens-qi.at\/qishop\/wp-json\/wp\/v2\/product_cat?post=3508"},{"taxonomy":"product_tag","embeddable":true,"href":"https:\/\/www.lebens-qi.at\/qishop\/wp-json\/wp\/v2\/product_tag?post=3508"}],"curies":[{"name":"wp","href":"https:\/\/api.w.org\/{rel}","templated":true}]}}