{"id":3593,"date":"2024-03-04T16:51:16","date_gmt":"2024-03-04T15:51:16","guid":{"rendered":"https:\/\/www.lebens-qi.at\/qishop\/produkt\/jasmin-raeucherstaebchen\/"},"modified":"2025-09-17T10:37:04","modified_gmt":"2025-09-17T08:37:04","slug":"jasmin-raeucherstaebchen","status":"publish","type":"product","link":"https:\/\/www.lebens-qi.at\/qishop\/produkt\/jasmin-raeucherstaebchen\/","title":{"rendered":"Jasmin &#8211; Blue Line R\u00e4ucherst\u00e4bchen"},"content":{"rendered":"<p><b>Ein Duft f\u00fcr Liebende, in einer lauen Fr\u00fchsommernacht zum ersten Male vereint.<br \/>\n<\/b><\/p>\n<ul>\n<li>Handgerollt<\/li>\n<li>Nach traditionellen Rezepturen hergestellt<\/li>\n<li>Mit feinsten und nat\u00fcrlichen \u00d6len<\/li>\n<li>Erstklassige R\u00e4ucherst\u00e4bchen<\/li>\n<li>Berk Qualit\u00e4tsr\u00e4ucherung<\/li>\n<\/ul>\n<p><span style=\"color: #3366ff;\"><b>~~~ Blue Line \u2013 die besondere Linie ~~~<\/b><\/span><\/p>\n<p><b><\/b>Die Blue Line R\u00e4ucherst\u00e4bchen werden, soweit es in der heutigen Zeit m\u00f6glich ist, nach urspr\u00fcnglichen, traditionellen Rezepten hergestellt. Es werden nat\u00fcrliche Substanzen wie H\u00f6lzer, Bl\u00fcten, Wurzeln, Harze, Kr\u00e4uter und \u00d6le gemischt und per Hand auf ein Bambusst\u00e4bchen gerollt. Lassen Sie sich von diesen nat\u00fcrlichen D\u00fcften inspirieren und erheben. Verzaubern Sie Ihren Alltag mit einem Hauch von Exklusivit\u00e4t.<\/p>\n<p>Nettoinhalt pro Packung: ca. 10 g<\/p>\n","protected":false},"excerpt":{"rendered":"<p>Sinnlicher Bl\u00fctenduft<\/p>\n","protected":false},"featured_media":11334,"comment_status":"open","ping_status":"closed","template":"","meta":{"_links_to":"","_links_to_target":""},"pwb-brand":[307],"product_brand":[],"product_cat":[679],"product_tag":[712,682,681,240,466,680],"class_list":{"0":"post-3593","1":"product","2":"type-product","3":"status-publish","4":"has-post-thumbnail","6":"pwb-brand-berk","7":"product_cat-blue-line","8":"product_tag-berk","9":"product_tag-blue-line","10":"product_tag-holy-smokes","11":"product_tag-jasmin","12":"product_tag-raeuchern","13":"product_tag-raeucherstaebchen","14":"pa_herkunft-indien","16":"first","17":"instock","18":"taxable","19":"shipping-taxable","20":"purchasable","21":"product-type-simple"},"blog_post_layout_featured_media_urls":{"thumbnail":["https:\/\/www.lebens-qi.at\/qishop\/wp-content\/uploads\/HS-6_1-jasmin-150x150.jpg",150,150,true],"full":["https:\/\/www.lebens-qi.at\/qishop\/wp-content\/uploads\/HS-6_1-jasmin.jpg",500,500,false]},"categories":["307"],"categories_names":{"307":{"name":"Berk","link":"https:\/\/www.lebens-qi.at\/qishop\/brand\/berk\/"}},"comments_number":"0","brands":[{"id":307,"name":"Berk","slug":"berk"}],"_links":{"self":[{"href":"https:\/\/www.lebens-qi.at\/qishop\/wp-json\/wp\/v2\/product\/3593","targetHints":{"allow":["GET"]}}],"collection":[{"href":"https:\/\/www.lebens-qi.at\/qishop\/wp-json\/wp\/v2\/product"}],"about":[{"href":"https:\/\/www.lebens-qi.at\/qishop\/wp-json\/wp\/v2\/types\/product"}],"replies":[{"embeddable":true,"href":"https:\/\/www.lebens-qi.at\/qishop\/wp-json\/wp\/v2\/comments?post=3593"}],"wp:featuredmedia":[{"embeddable":true,"href":"https:\/\/www.lebens-qi.at\/qishop\/wp-json\/wp\/v2\/media\/11334"}],"wp:attachment":[{"href":"https:\/\/www.lebens-qi.at\/qishop\/wp-json\/wp\/v2\/media?parent=3593"}],"wp:term":[{"taxonomy":"pwb-brand","embeddable":true,"href":"https:\/\/www.lebens-qi.at\/qishop\/wp-json\/wp\/v2\/pwb-brand?post=3593"},{"taxonomy":"product_brand","embeddable":true,"href":"https:\/\/www.lebens-qi.at\/qishop\/wp-json\/wp\/v2\/product_brand?post=3593"},{"taxonomy":"product_cat","embeddable":true,"href":"https:\/\/www.lebens-qi.at\/qishop\/wp-json\/wp\/v2\/product_cat?post=3593"},{"taxonomy":"product_tag","embeddable":true,"href":"https:\/\/www.lebens-qi.at\/qishop\/wp-json\/wp\/v2\/product_tag?post=3593"}],"curies":[{"name":"wp","href":"https:\/\/api.w.org\/{rel}","templated":true}]}}